{"id":12436,"date":"2024-11-27T22:38:10","date_gmt":"2024-11-27T19:38:10","guid":{"rendered":"https:\/\/www.makitamarket.com.tr\/site\/urun\/ozco-gd13r-icin-bileme-tasi-karbur\/"},"modified":"2025-07-11T20:18:04","modified_gmt":"2025-07-11T17:18:04","slug":"ozco-gd13r-icin-bileme-tasi-karbur","status":"publish","type":"product","link":"https:\/\/www.makitamarket.com.tr\/site\/urun\/ozco-gd13r-icin-bileme-tasi-karbur\/","title":{"rendered":"Ozco 610014 GD13R \u0130\u00e7in Bileme Ta\u015f\u0131 &#8211; Karb\u00fcr"},"content":{"rendered":"<table><\/table>\n","protected":false},"excerpt":{"rendered":"","protected":false},"featured_media":0,"comment_status":"open","ping_status":"closed","template":"","meta":{"_acf_changed":false},"product_brand":[],"product_cat":[1052],"product_tag":[],"class_list":{"0":"post-12436","1":"product","2":"type-product","3":"status-publish","5":"product_cat-bileme-taslari","7":"first","8":"outofstock","9":"taxable","10":"shipping-taxable","11":"purchasable","12":"product-type-simple","13":"add-to-wishlist-after_add_to_cart"},"acf":[],"_links":{"self":[{"href":"https:\/\/www.makitamarket.com.tr\/site\/wp-json\/wp\/v2\/product\/12436","targetHints":{"allow":["GET"]}}],"collection":[{"href":"https:\/\/www.makitamarket.com.tr\/site\/wp-json\/wp\/v2\/product"}],"about":[{"href":"https:\/\/www.makitamarket.com.tr\/site\/wp-json\/wp\/v2\/types\/product"}],"replies":[{"embeddable":true,"href":"https:\/\/www.makitamarket.com.tr\/site\/wp-json\/wp\/v2\/comments?post=12436"}],"wp:attachment":[{"href":"https:\/\/www.makitamarket.com.tr\/site\/wp-json\/wp\/v2\/media?parent=12436"}],"wp:term":[{"taxonomy":"product_brand","embeddable":true,"href":"https:\/\/www.makitamarket.com.tr\/site\/wp-json\/wp\/v2\/product_brand?post=12436"},{"taxonomy":"product_cat","embeddable":true,"href":"https:\/\/www.makitamarket.com.tr\/site\/wp-json\/wp\/v2\/product_cat?post=12436"},{"taxonomy":"product_tag","embeddable":true,"href":"https:\/\/www.makitamarket.com.tr\/site\/wp-json\/wp\/v2\/product_tag?post=12436"}],"curies":[{"name":"wp","href":"https:\/\/api.w.org\/{rel}","templated":true}]}}