{"id":12451,"date":"2024-11-27T22:38:14","date_gmt":"2024-11-27T19:38:14","guid":{"rendered":"https:\/\/www.makitamarket.com.tr\/site\/urun\/stark-stark-c200a1200-hss-e-co5-kobaltli-daire-testere\/"},"modified":"2026-03-30T08:20:28","modified_gmt":"2026-03-30T05:20:28","slug":"stark-stark-c200a1200-hss-e-co5-kobaltli-daire-testere","status":"publish","type":"product","link":"https:\/\/www.makitamarket.com.tr\/site\/urun\/stark-stark-c200a1200-hss-e-co5-kobaltli-daire-testere\/","title":{"rendered":"Stark C200A1200 STARK C200A1200 HSS &#8211; E (Co5) KOBALTLI DA\u0130RE TESTERE"},"content":{"rendered":"<table>\n<tr>\n<td>Di\u015f \u00d6l\u00e7\u00fcs\u00fc<\/td>\n<td>200<\/td>\n<\/tr>\n<tr>\n<td>Testere \u00e7ap\u0131<\/td>\n<td>200<\/td>\n<\/tr>\n<tr>\n<td>Et Kal\u0131nl\u0131\u011f\u0131<\/td>\n<td>1,8<\/td>\n<\/tr>\n<tr>\n<td>Delik \u00c7ap\u0131<\/td>\n<td>32<\/td>\n<\/tr>\n<\/table>\n","protected":false},"excerpt":{"rendered":"<p>Di\u015f \u00d6l\u00e7\u00fcs\u00fc 200 Testere \u00e7ap\u0131 200 Et Kal\u0131nl\u0131\u011f\u0131 1,8 Delik \u00c7ap\u0131 32<\/p>\n","protected":false},"featured_media":12450,"comment_status":"open","ping_status":"closed","template":"","meta":{"_acf_changed":false},"product_brand":[1545],"product_cat":[1055],"product_tag":[],"class_list":{"0":"post-12451","1":"product","2":"type-product","3":"status-publish","4":"has-post-thumbnail","6":"product_brand-stark","7":"product_cat-sert-celik-paslanmazinox-kesim-testereleri","9":"first","10":"instock","11":"taxable","12":"shipping-taxable","13":"purchasable","14":"product-type-simple","15":"add-to-wishlist-after_add_to_cart"},"acf":[],"_links":{"self":[{"href":"https:\/\/www.makitamarket.com.tr\/site\/wp-json\/wp\/v2\/product\/12451","targetHints":{"allow":["GET"]}}],"collection":[{"href":"https:\/\/www.makitamarket.com.tr\/site\/wp-json\/wp\/v2\/product"}],"about":[{"href":"https:\/\/www.makitamarket.com.tr\/site\/wp-json\/wp\/v2\/types\/product"}],"replies":[{"embeddable":true,"href":"https:\/\/www.makitamarket.com.tr\/site\/wp-json\/wp\/v2\/comments?post=12451"}],"wp:featuredmedia":[{"embeddable":true,"href":"https:\/\/www.makitamarket.com.tr\/site\/wp-json\/wp\/v2\/media\/12450"}],"wp:attachment":[{"href":"https:\/\/www.makitamarket.com.tr\/site\/wp-json\/wp\/v2\/media?parent=12451"}],"wp:term":[{"taxonomy":"product_brand","embeddable":true,"href":"https:\/\/www.makitamarket.com.tr\/site\/wp-json\/wp\/v2\/product_brand?post=12451"},{"taxonomy":"product_cat","embeddable":true,"href":"https:\/\/www.makitamarket.com.tr\/site\/wp-json\/wp\/v2\/product_cat?post=12451"},{"taxonomy":"product_tag","embeddable":true,"href":"https:\/\/www.makitamarket.com.tr\/site\/wp-json\/wp\/v2\/product_tag?post=12451"}],"curies":[{"name":"wp","href":"https:\/\/api.w.org\/{rel}","templated":true}]}}