{"id":12469,"date":"2024-11-27T22:39:10","date_gmt":"2024-11-27T19:39:10","guid":{"rendered":"https:\/\/www.makitamarket.com.tr\/site\/urun\/alteco-endustriyel-yapistirici-20-gr\/"},"modified":"2026-04-06T14:54:55","modified_gmt":"2026-04-06T11:54:55","slug":"alteco-endustriyel-yapistirici-20-gr","status":"publish","type":"product","link":"https:\/\/www.makitamarket.com.tr\/site\/urun\/alteco-endustriyel-yapistirici-20-gr\/","title":{"rendered":"Alteco ACE-D 20GR KUTULU END\u00dcSTR\u0130YEL YAPI\u015eTIRICI 20 gr"},"content":{"rendered":"<div>\n\t<strong>Kullan\u0131m Alanlar\u0131:<br \/>\n\t<\/strong><\/div>\n<div id=\"cke_pastebin\">\n<div>\n\t\tEPT, EVA, yumu\u015fak PVC ve metal gibi kaygan y\u00fczeylerde h\u0131zl\u0131 kuruma ve mukavetli yap\u0131\u015fma sa\u011flar.<\/div>\n<\/div>\n<table>\n<tr>\n<td>G\u00f6r\u00fcn\u00fcm<\/td>\n<td>Transparan S\u0131v\u0131<\/td>\n<\/tr>\n<tr>\n<td>Vizkosite (cP 25 C)<\/td>\n<td>2 &#8211; 5<\/td>\n<\/tr>\n<tr>\n<td>Spesifik Gravite (25 C \/ 4 C)<\/td>\n<td>1.05 \u00b11.08<\/td>\n<\/tr>\n<tr>\n<td>Gerilim Mukavemeti<\/td>\n<td>min 70 kgf\/cm2<\/td>\n<\/tr>\n<tr>\n<td>Kuruma S\u00fcresi<\/td>\n<td>5 sn<\/td>\n<\/tr>\n<tr>\n<td>Yap\u0131\u015ft\u0131r\u0131c\u0131 Miktar\u0131<\/td>\n<td>20gr.<\/td>\n<\/tr>\n<tr>\n<td>Paket Miktar\u0131<\/td>\n<td>25 Adet<\/td>\n<\/tr>\n<tr>\n<td>\u00d6zellik<\/td>\n<td>Kutulu<\/td>\n<\/tr>\n<tr>\n<td>Koli Miktar\u0131<\/td>\n<td>150 Adet<\/td>\n<\/tr>\n<\/table>\n","protected":false},"excerpt":{"rendered":"<div>\n\t<strong>Kullan\u0131m Alanlar\u0131:<br \/>\n\t<\/strong><\/div>\n<div id=\"cke_pastebin\">\n<div>\n\t\tEPT, EVA, yumu\u015fak PVC ve metal gibi kaygan y\u00fczeylerde h\u0131zl\u0131 kuruma ve mukavetli yap\u0131\u015fma sa\u011flar.<\/div>\n<\/div>\n","protected":false},"featured_media":14316,"comment_status":"open","ping_status":"closed","template":"","meta":{"_acf_changed":false},"product_brand":[1551],"product_cat":[1188],"product_tag":[],"class_list":{"0":"post-12469","1":"product","2":"type-product","3":"status-publish","4":"has-post-thumbnail","6":"product_brand-alteco","7":"product_cat-yapistiricilar","9":"first","10":"instock","11":"taxable","12":"shipping-taxable","13":"purchasable","14":"product-type-simple","15":"add-to-wishlist-after_add_to_cart"},"acf":[],"_links":{"self":[{"href":"https:\/\/www.makitamarket.com.tr\/site\/wp-json\/wp\/v2\/product\/12469","targetHints":{"allow":["GET"]}}],"collection":[{"href":"https:\/\/www.makitamarket.com.tr\/site\/wp-json\/wp\/v2\/product"}],"about":[{"href":"https:\/\/www.makitamarket.com.tr\/site\/wp-json\/wp\/v2\/types\/product"}],"replies":[{"embeddable":true,"href":"https:\/\/www.makitamarket.com.tr\/site\/wp-json\/wp\/v2\/comments?post=12469"}],"wp:featuredmedia":[{"embeddable":true,"href":"https:\/\/www.makitamarket.com.tr\/site\/wp-json\/wp\/v2\/media\/14316"}],"wp:attachment":[{"href":"https:\/\/www.makitamarket.com.tr\/site\/wp-json\/wp\/v2\/media?parent=12469"}],"wp:term":[{"taxonomy":"product_brand","embeddable":true,"href":"https:\/\/www.makitamarket.com.tr\/site\/wp-json\/wp\/v2\/product_brand?post=12469"},{"taxonomy":"product_cat","embeddable":true,"href":"https:\/\/www.makitamarket.com.tr\/site\/wp-json\/wp\/v2\/product_cat?post=12469"},{"taxonomy":"product_tag","embeddable":true,"href":"https:\/\/www.makitamarket.com.tr\/site\/wp-json\/wp\/v2\/product_tag?post=12469"}],"curies":[{"name":"wp","href":"https:\/\/api.w.org\/{rel}","templated":true}]}}