{"id":12476,"date":"2024-11-27T22:39:11","date_gmt":"2024-11-27T19:39:11","guid":{"rendered":"https:\/\/www.makitamarket.com.tr\/site\/urun\/knipex-knipex-74-07-250-agir-tip-vde-yan-keski\/"},"modified":"2026-04-06T14:07:01","modified_gmt":"2026-04-06T11:07:01","slug":"knipex-knipex-74-07-250-agir-tip-vde-yan-keski","status":"publish","type":"product","link":"https:\/\/www.makitamarket.com.tr\/site\/urun\/knipex-knipex-74-07-250-agir-tip-vde-yan-keski\/","title":{"rendered":"Knipex 7407250 KNIPEX 74 07 250 A\u011eIR T\u0130P VDE YAN KESK\u0130"},"content":{"rendered":"<p><b>74 07 250 A\u011f\u0131r Hizmet Yan Keski<\/b><br \/>En zor \u00e7al\u0131\u015fma \u015fartlar\u0131 ve s\u00fcrekli kullan\u0131m i\u00e7in. Kesici a\u00e7\u0131s\u0131, aktar\u0131m oran\u0131 ve ergonomik sap \u015feklinin optimum uyumu sayesinde az kuvvet harcanmas\u0131na ra\u011fmen y\u00fcksek kesme performans\u0131. Piyano teli dahil b\u00fct\u00fcn tel \u00e7e\u015fitleri i\u00e7in hassas kesiciler. Hassas kesim a\u011f\u0131z\u0131 ind\u00fcksiyonda sertle\u015ftirilmi\u015f (kesici sertli\u011fi yakl. 64 HRC). 250 mm uzunlu\u011fundaki yan keski, 16 mm\u00b2\u2019ye kadar bak\u0131r iletkenler ve 35 mm\u00b2\u2019ye kadar al\u00fcminyum iletkenler i\u00e7in uygundur. <\/p>\n<li><b>Orta sert tel kesme de\u011feri (\u00e7ap): <\/b>\u00d8 4,6 mm<\/li>\n<li><b>Schneidwerte harter Draht (Durchmesser): <\/b>\u00d8 3,5 mm<\/li>\n<li><b>Piyano tel kesme de\u011feri (\u00e7ap): <\/b>\u00d8 3,0 mm<\/li>\n<li><b>VDE onayl\u0131: <\/b>evet \u00a0<\/li>\n<table>\n<tr>\n<td>Uzunluk<\/td>\n<td>250<\/td>\n<\/tr>\n<tr>\n<td>Kafa<\/td>\n<td>Krom<\/td>\n<\/tr>\n<tr>\n<td>Sap<\/td>\n<td>Sos \u0130zole<\/td>\n<\/tr>\n<tr>\n<td>Form<\/td>\n<td>1000V<\/td>\n<\/tr>\n<tr>\n<td>Orta Sert Tel<\/td>\n<td>4.6 \u00f8mm<\/td>\n<\/tr>\n<tr>\n<td>Sert Tel<\/td>\n<td>3.5 \u00f8mm<\/td>\n<\/tr>\n<tr>\n<td>Piyano Tel<\/td>\n<td>3.0 \u00f8mm<\/td>\n<\/tr>\n<tr>\n<td>A\u011f\u0131rl\u0131k<\/td>\n<td>510 gr<\/td>\n<\/tr>\n<\/table>\n","protected":false},"excerpt":{"rendered":"<p><b>74 07 250 A\u011f\u0131r Hizmet Yan Keski<\/b><br \/>En zor \u00e7al\u0131\u015fma \u015fartlar\u0131 ve s\u00fcrekli kullan\u0131m i\u00e7in. Kesici a\u00e7\u0131s\u0131, aktar\u0131m oran\u0131 ve ergonomik sap \u015feklinin optimum uyumu sayesinde az kuvvet harcanmas\u0131na ra\u011fmen y\u00fcksek kesme performans\u0131. Piyano teli dahil b\u00fct\u00fcn tel \u00e7e\u015fitleri i\u00e7in hassas kesiciler. Hassas kesim a\u011f\u0131z\u0131 ind\u00fcksiyonda sertle\u015ftirilmi\u015f (kesici sertli\u011fi yakl. 64 HRC). 250 mm uzunlu\u011fundaki yan keski, 16 mm\u00b2\u2019ye kadar bak\u0131r iletkenler ve 35 mm\u00b2\u2019ye kadar al\u00fcminyum iletkenler i\u00e7in uygundur. <\/p>\n<li><b>Orta sert tel kesme de\u011feri (\u00e7ap): <\/b>\u00d8 4,6 mm<\/li>\n<li><b>Schneidwerte harter Draht (Durchmesser): <\/b>\u00d8 3,5 mm<\/li>\n<li><b>Piyano tel kesme de\u011feri (\u00e7ap): <\/b>\u00d8 3,0 mm<\/li>\n<li><b>VDE onayl\u0131: <\/b>evet \u00a0<\/li>\n","protected":false},"featured_media":12475,"comment_status":"open","ping_status":"closed","template":"","meta":{"_acf_changed":false},"product_brand":[1486],"product_cat":[1161],"product_tag":[],"class_list":{"0":"post-12476","1":"product","2":"type-product","3":"status-publish","4":"has-post-thumbnail","6":"product_brand-knipex","7":"product_cat-yan-keskiler","9":"first","10":"instock","11":"taxable","12":"shipping-taxable","13":"purchasable","14":"product-type-simple","15":"add-to-wishlist-after_add_to_cart"},"acf":[],"_links":{"self":[{"href":"https:\/\/www.makitamarket.com.tr\/site\/wp-json\/wp\/v2\/product\/12476","targetHints":{"allow":["GET"]}}],"collection":[{"href":"https:\/\/www.makitamarket.com.tr\/site\/wp-json\/wp\/v2\/product"}],"about":[{"href":"https:\/\/www.makitamarket.com.tr\/site\/wp-json\/wp\/v2\/types\/product"}],"replies":[{"embeddable":true,"href":"https:\/\/www.makitamarket.com.tr\/site\/wp-json\/wp\/v2\/comments?post=12476"}],"wp:featuredmedia":[{"embeddable":true,"href":"https:\/\/www.makitamarket.com.tr\/site\/wp-json\/wp\/v2\/media\/12475"}],"wp:attachment":[{"href":"https:\/\/www.makitamarket.com.tr\/site\/wp-json\/wp\/v2\/media?parent=12476"}],"wp:term":[{"taxonomy":"product_brand","embeddable":true,"href":"https:\/\/www.makitamarket.com.tr\/site\/wp-json\/wp\/v2\/product_brand?post=12476"},{"taxonomy":"product_cat","embeddable":true,"href":"https:\/\/www.makitamarket.com.tr\/site\/wp-json\/wp\/v2\/product_cat?post=12476"},{"taxonomy":"product_tag","embeddable":true,"href":"https:\/\/www.makitamarket.com.tr\/site\/wp-json\/wp\/v2\/product_tag?post=12476"}],"curies":[{"name":"wp","href":"https:\/\/api.w.org\/{rel}","templated":true}]}}