{"id":12480,"date":"2024-11-27T22:39:12","date_gmt":"2024-11-27T19:39:12","guid":{"rendered":"https:\/\/www.makitamarket.com.tr\/site\/urun\/knipex-pense-emniyet-seti-115-gr\/"},"modified":"2026-04-06T14:07:03","modified_gmt":"2026-04-06T11:07:03","slug":"knipex-pense-emniyet-seti-115-gr","status":"publish","type":"product","link":"https:\/\/www.makitamarket.com.tr\/site\/urun\/knipex-pense-emniyet-seti-115-gr\/","title":{"rendered":"Knipex 005004TBK PENSE EMN\u0130YET SET\u0130 115 gr"},"content":{"rendered":"<p><b>00 50 04 T BK Emniyet sistemi seti<\/b><br \/>. 1 adet tutma ipi, 3 adet adapt\u00f6r halka ve 2 adet malzeme karabin kancas\u0131ndan olu\u015fan set. M\u00fcnferit par\u00e7alar\u0131n kombinasyonu, \u00e7ok fazla sabitleme varyasyonuna sahip \u00e7ok ama\u00e7l\u0131 kullan\u0131labilir bir sistemi olu\u015fturur End\u00fcstriyel t\u0131rmanma, a\u011fa\u00e7 i\u015fleri ve denizde kurtarma gibi y\u00fcksek i\u015fler ile ilgili d\u00fczenlemelerle uyumluluk i\u00e7in . Sabitleme halkas\u0131 bulunan b\u00fct\u00fcn KNIPEX penseleri i\u00e7in uygundur. Maks. y\u00fckleme: 1,5 kg alet a\u011f\u0131rl\u0131\u011f\u0131. NO PPE = Ki\u015fisel Koruyucu Ekipman Yok. self servis kart\/kabartma. <\/p>\n<li><b>Ta\u015f\u0131ma kapasitesi: <\/b>1,5 kg \/ 3,3 lbs<\/li>\n<p> <b>Teslimat kapsam\u0131:<\/b> 1 x 00 50 01 T BK KNIPEX Tutma ipi, 3 x 00 50 02 T BK KNIPEX Adapt\u00f6r halka, 2 x 00 50 03 T BK KNIPEX Malzeme karabin kancas\u0131 2 par\u00e7a,<\/p>\n<table>\n<tr>\n<td>A\u011f\u0131rl\u0131k<\/td>\n<td>115 gr<\/td>\n<\/tr>\n<\/table>\n","protected":false},"excerpt":{"rendered":"<p><b>00 50 04 T BK Emniyet sistemi seti<\/b><br \/>. 1 adet tutma ipi, 3 adet adapt\u00f6r halka ve 2 adet malzeme karabin kancas\u0131ndan olu\u015fan set. M\u00fcnferit par\u00e7alar\u0131n kombinasyonu, \u00e7ok fazla sabitleme varyasyonuna sahip \u00e7ok ama\u00e7l\u0131 kullan\u0131labilir bir sistemi olu\u015fturur End\u00fcstriyel t\u0131rmanma, a\u011fa\u00e7 i\u015fleri ve denizde kurtarma gibi y\u00fcksek i\u015fler ile ilgili d\u00fczenlemelerle uyumluluk i\u00e7in . Sabitleme halkas\u0131 bulunan b\u00fct\u00fcn KNIPEX penseleri i\u00e7in uygundur. Maks. y\u00fckleme: 1,5 kg alet a\u011f\u0131rl\u0131\u011f\u0131. NO PPE = Ki\u015fisel Koruyucu Ekipman Yok. self servis kart\/kabartma. <\/p>\n<li><b>Ta\u015f\u0131ma kapasitesi: <\/b>1,5 kg \/ 3,3 lbs<\/li>\n<p> <b>Teslimat kapsam\u0131:<\/b> 1 x 00 50 01 T BK KNIPEX Tutma ipi, 3 x 00 50 02 T BK KNIPEX Adapt\u00f6r halka, 2 x 00 50 03 T BK KNIPEX Malzeme karabin kancas\u0131 2 par\u00e7a,<\/p>\n","protected":false},"featured_media":12479,"comment_status":"open","ping_status":"closed","template":"","meta":{"_acf_changed":false},"product_brand":[1486],"product_cat":[1190],"product_tag":[],"class_list":{"0":"post-12480","1":"product","2":"type-product","3":"status-publish","4":"has-post-thumbnail","6":"product_brand-knipex","7":"product_cat-pense-emniyet-setleri","9":"first","10":"instock","11":"taxable","12":"shipping-taxable","13":"purchasable","14":"product-type-simple","15":"add-to-wishlist-after_add_to_cart"},"acf":[],"_links":{"self":[{"href":"https:\/\/www.makitamarket.com.tr\/site\/wp-json\/wp\/v2\/product\/12480","targetHints":{"allow":["GET"]}}],"collection":[{"href":"https:\/\/www.makitamarket.com.tr\/site\/wp-json\/wp\/v2\/product"}],"about":[{"href":"https:\/\/www.makitamarket.com.tr\/site\/wp-json\/wp\/v2\/types\/product"}],"replies":[{"embeddable":true,"href":"https:\/\/www.makitamarket.com.tr\/site\/wp-json\/wp\/v2\/comments?post=12480"}],"wp:featuredmedia":[{"embeddable":true,"href":"https:\/\/www.makitamarket.com.tr\/site\/wp-json\/wp\/v2\/media\/12479"}],"wp:attachment":[{"href":"https:\/\/www.makitamarket.com.tr\/site\/wp-json\/wp\/v2\/media?parent=12480"}],"wp:term":[{"taxonomy":"product_brand","embeddable":true,"href":"https:\/\/www.makitamarket.com.tr\/site\/wp-json\/wp\/v2\/product_brand?post=12480"},{"taxonomy":"product_cat","embeddable":true,"href":"https:\/\/www.makitamarket.com.tr\/site\/wp-json\/wp\/v2\/product_cat?post=12480"},{"taxonomy":"product_tag","embeddable":true,"href":"https:\/\/www.makitamarket.com.tr\/site\/wp-json\/wp\/v2\/product_tag?post=12480"}],"curies":[{"name":"wp","href":"https:\/\/api.w.org\/{rel}","templated":true}]}}