{"id":12493,"date":"2024-11-27T22:39:16","date_gmt":"2024-11-27T19:39:16","guid":{"rendered":"https:\/\/www.makitamarket.com.tr\/site\/urun\/knipex-knipex-94-35-215-gonye-makasi\/"},"modified":"2026-04-06T14:07:07","modified_gmt":"2026-04-06T11:07:07","slug":"knipex-knipex-94-35-215-gonye-makasi","status":"publish","type":"product","link":"https:\/\/www.makitamarket.com.tr\/site\/urun\/knipex-knipex-94-35-215-gonye-makasi\/","title":{"rendered":"Knipex 9435215 KNIPEX 94 35 215 G\u00d6NYE MAKASI"},"content":{"rendered":"<p><b>94 35 215 G\u00f6nye makas\u0131<\/b><br \/>Plastik, lastik ve yumu\u015fak ah\u015fap profillerin ezilmeden kesilmesi i\u00e7in, geni\u015fli\u011fi 56 mm\u2019ye kadar olan yass\u0131 kablolar i\u00e7in de uygundur 45\u00b0a\u00e7\u0131l\u0131 kesimler ve 60\u00b0-, 75\u00b0- ve 90\u00b0 a\u00e7\u0131l\u0131 kesimler i\u00e7in i\u015faretli de\u011fi\u015ftirilebilir kesim k\u0131lavuzu. A\u00e7ma yay\u0131 ve blokaj mandal\u0131 ile. <\/p>\n<li><b>S\u00fcng\u00fc Uzunlu\u011fu: <\/b>56 mm<\/li>\n<table>\n<tr>\n<td>Uzunluk<\/td>\n<td>215<\/td>\n<\/tr>\n<tr>\n<td>A\u011f\u0131rl\u0131k<\/td>\n<td>397 gr<\/td>\n<\/tr>\n<\/table>\n","protected":false},"excerpt":{"rendered":"<p><b>94 35 215 G\u00f6nye makas\u0131<\/b><br \/>Plastik, lastik ve yumu\u015fak ah\u015fap profillerin ezilmeden kesilmesi i\u00e7in, geni\u015fli\u011fi 56 mm\u2019ye kadar olan yass\u0131 kablolar i\u00e7in de uygundur 45\u00b0a\u00e7\u0131l\u0131 kesimler ve 60\u00b0-, 75\u00b0- ve 90\u00b0 a\u00e7\u0131l\u0131 kesimler i\u00e7in i\u015faretli de\u011fi\u015ftirilebilir kesim k\u0131lavuzu. A\u00e7ma yay\u0131 ve blokaj mandal\u0131 ile. <\/p>\n<li><b>S\u00fcng\u00fc Uzunlu\u011fu: <\/b>56 mm<\/li>\n","protected":false},"featured_media":12492,"comment_status":"open","ping_status":"closed","template":"","meta":{"_acf_changed":false},"product_brand":[1486],"product_cat":[833],"product_tag":[],"class_list":{"0":"post-12493","1":"product","2":"type-product","3":"status-publish","4":"has-post-thumbnail","6":"product_brand-knipex","7":"product_cat-makaslar","9":"first","10":"outofstock","11":"taxable","12":"shipping-taxable","13":"purchasable","14":"product-type-simple","15":"add-to-wishlist-after_add_to_cart"},"acf":[],"_links":{"self":[{"href":"https:\/\/www.makitamarket.com.tr\/site\/wp-json\/wp\/v2\/product\/12493","targetHints":{"allow":["GET"]}}],"collection":[{"href":"https:\/\/www.makitamarket.com.tr\/site\/wp-json\/wp\/v2\/product"}],"about":[{"href":"https:\/\/www.makitamarket.com.tr\/site\/wp-json\/wp\/v2\/types\/product"}],"replies":[{"embeddable":true,"href":"https:\/\/www.makitamarket.com.tr\/site\/wp-json\/wp\/v2\/comments?post=12493"}],"wp:featuredmedia":[{"embeddable":true,"href":"https:\/\/www.makitamarket.com.tr\/site\/wp-json\/wp\/v2\/media\/12492"}],"wp:attachment":[{"href":"https:\/\/www.makitamarket.com.tr\/site\/wp-json\/wp\/v2\/media?parent=12493"}],"wp:term":[{"taxonomy":"product_brand","embeddable":true,"href":"https:\/\/www.makitamarket.com.tr\/site\/wp-json\/wp\/v2\/product_brand?post=12493"},{"taxonomy":"product_cat","embeddable":true,"href":"https:\/\/www.makitamarket.com.tr\/site\/wp-json\/wp\/v2\/product_cat?post=12493"},{"taxonomy":"product_tag","embeddable":true,"href":"https:\/\/www.makitamarket.com.tr\/site\/wp-json\/wp\/v2\/product_tag?post=12493"}],"curies":[{"name":"wp","href":"https:\/\/api.w.org\/{rel}","templated":true}]}}