{"id":12498,"date":"2024-11-27T22:39:18","date_gmt":"2024-11-27T19:39:18","guid":{"rendered":"https:\/\/www.makitamarket.com.tr\/site\/urun\/bmi-bmi-695-highprecision-su-terazisi-100cm\/"},"modified":"2026-03-30T08:21:22","modified_gmt":"2026-03-30T05:21:22","slug":"bmi-bmi-695-highprecision-su-terazisi-100cm","status":"publish","type":"product","link":"https:\/\/www.makitamarket.com.tr\/site\/urun\/bmi-bmi-695-highprecision-su-terazisi-100cm\/","title":{"rendered":"Bmi 695100 BMI 695 HIGHPRECISION SU TERAZ\u0130S\u0130 100cm"},"content":{"rendered":"<div>\n\tNormal terazilere g\u00f6re d\u00fcze\u00e7 5 kat daha h\u0131zl\u0131 hareket eder.<\/div>\n<div>\n\tBu sayede terazi ka\u00e7\u0131kl\u0131klar\u0131 \u00e7ok daha h\u0131zl\u0131 tespit edilir.<\/div>\n<div>\n\tBMI d\u00fcze\u00e7lerinde bulunan b\u00fcy\u00fcte\u00e7 etkisiyle daha net okuma 1m de 0,3mm y\u00fcksek hassasiyet BMI 4 odal\u0131 2mm kal\u0131nl\u0131kta profil sayesinde \u00e7ok dayan\u0131kl\u0131.<\/div>\n<table>\n<tr>\n<td>Uzunluk<\/td>\n<td>100cm<\/td>\n<\/tr>\n<\/table>\n","protected":false},"excerpt":{"rendered":"<div>\n\tNormal terazilere g\u00f6re d\u00fcze\u00e7 5 kat daha h\u0131zl\u0131 hareket eder.<\/div>\n<div>\n\tBu sayede terazi ka\u00e7\u0131kl\u0131klar\u0131 \u00e7ok daha h\u0131zl\u0131 tespit edilir.<\/div>\n<div>\n\tBMI d\u00fcze\u00e7lerinde bulunan b\u00fcy\u00fcte\u00e7 etkisiyle daha net okuma 1m de 0,3mm y\u00fcksek hassasiyet BMI 4 odal\u0131 2mm kal\u0131nl\u0131kta profil sayesinde \u00e7ok dayan\u0131kl\u0131.<\/div>\n","protected":false},"featured_media":12497,"comment_status":"open","ping_status":"closed","template":"","meta":{"_acf_changed":false},"product_brand":[1522],"product_cat":[974],"product_tag":[],"class_list":{"0":"post-12498","1":"product","2":"type-product","3":"status-publish","4":"has-post-thumbnail","6":"product_brand-bmi","7":"product_cat-su-terazileri","9":"first","10":"instock","11":"taxable","12":"shipping-taxable","13":"purchasable","14":"product-type-simple","15":"add-to-wishlist-after_add_to_cart"},"acf":[],"_links":{"self":[{"href":"https:\/\/www.makitamarket.com.tr\/site\/wp-json\/wp\/v2\/product\/12498","targetHints":{"allow":["GET"]}}],"collection":[{"href":"https:\/\/www.makitamarket.com.tr\/site\/wp-json\/wp\/v2\/product"}],"about":[{"href":"https:\/\/www.makitamarket.com.tr\/site\/wp-json\/wp\/v2\/types\/product"}],"replies":[{"embeddable":true,"href":"https:\/\/www.makitamarket.com.tr\/site\/wp-json\/wp\/v2\/comments?post=12498"}],"wp:featuredmedia":[{"embeddable":true,"href":"https:\/\/www.makitamarket.com.tr\/site\/wp-json\/wp\/v2\/media\/12497"}],"wp:attachment":[{"href":"https:\/\/www.makitamarket.com.tr\/site\/wp-json\/wp\/v2\/media?parent=12498"}],"wp:term":[{"taxonomy":"product_brand","embeddable":true,"href":"https:\/\/www.makitamarket.com.tr\/site\/wp-json\/wp\/v2\/product_brand?post=12498"},{"taxonomy":"product_cat","embeddable":true,"href":"https:\/\/www.makitamarket.com.tr\/site\/wp-json\/wp\/v2\/product_cat?post=12498"},{"taxonomy":"product_tag","embeddable":true,"href":"https:\/\/www.makitamarket.com.tr\/site\/wp-json\/wp\/v2\/product_tag?post=12498"}],"curies":[{"name":"wp","href":"https:\/\/api.w.org\/{rel}","templated":true}]}}