{"id":12507,"date":"2024-11-27T22:39:20","date_gmt":"2024-11-27T19:39:20","guid":{"rendered":"https:\/\/www.makitamarket.com.tr\/site\/urun\/bmi-bmi-509-tip-sakullu-metre-30mt\/"},"modified":"2026-04-06T14:07:11","modified_gmt":"2026-04-06T11:07:11","slug":"bmi-bmi-509-tip-sakullu-metre-30mt","status":"publish","type":"product","link":"https:\/\/www.makitamarket.com.tr\/site\/urun\/bmi-bmi-509-tip-sakullu-metre-30mt\/","title":{"rendered":"Bmi 509 TIP 30M SKL BMI 509 T\u0130P \u015eAK\u00dcLL\u00dc METRE 30mt"},"content":{"rendered":"<div>\n\t<span dir=\"ltr\" role=\"presentation\" style=\"left: 854.26px; top: 302.139px; font-size: 11.6667px; font-family: sans-serif; transform: scaleX(0.8715);\">Paslanmaz \u00e7elik bant,<\/span><span dir=\"ltr\" role=\"presentation\" style=\"left: 854.26px; top: 315.474px; font-size: 11.6667px; font-family: sans-serif; transform: scaleX(0.85755);\">asite dayan\u0131kl\u0131, petrol <\/span><span dir=\"ltr\" role=\"presentation\" style=\"left: 854.26px; top: 328.809px; font-size: 11.6667px; font-family: sans-serif; transform: scaleX(0.89072);\">ve t\u00fcrevlerine diren\u00e7li,<\/span><span dir=\"ltr\" role=\"presentation\" style=\"left: 854.26px; top: 342.144px; font-size: 11.6667px; font-family: sans-serif; transform: scaleX(0.835375);\">a\u015f\u0131nmaya dayan\u0131kl\u0131.<\/span><\/div>\n<div>\n\t<strong><span dir=\"ltr\" role=\"presentation\" style=\"left: 854.26px; top: 366.213px; font-size: 11.6667px; font-family: sans-serif; transform: scaleX(0.895929);\">Tavsiye edilen kullan\u0131m: <\/span><\/strong><span dir=\"ltr\" role=\"presentation\" style=\"left: 854.26px; top: 379.548px; font-size: 11.6667px; font-family: sans-serif; transform: scaleX(0.850575);\">Kimyasal a\u015f\u0131nd\u0131r\u0131c\u0131 ortamlardan<\/span><span dir=\"ltr\" role=\"presentation\" style=\"left: 854.26px; top: 392.883px; font-size: 11.6667px; font-family: sans-serif; transform: scaleX(0.867391);\">depolama tanklar\u0131n\u0131n derinlikn<\/span><span dir=\"ltr\" role=\"presentation\" style=\"left: 854.26px; top: 406.218px; font-size: 11.6667px; font-family: sans-serif; transform: scaleX(0.868619);\">\u00f6l\u00e7\u00fcmlerinde gemi sintinelerinde<\/span><br role=\"presentation\" \/><br \/>\n\t<span dir=\"ltr\" role=\"presentation\" style=\"left: 854.26px; top: 419.553px; font-size: 11.6667px; font-family: sans-serif; transform: scaleX(0.872759);\">ve yak\u0131t tanklar\u0131n\u0131n \u00f6l\u00e7\u00fcmlerinde <\/span><span dir=\"ltr\" role=\"presentation\" style=\"left: 854.26px; top: 432.888px; font-size: 11.6667px; font-family: sans-serif; transform: scaleX(0.8967);\">kullan\u0131l\u0131r.<\/span><\/div>\n<table>\n<tr>\n<td>Uzunluk<\/td>\n<td>30 m<\/td>\n<\/tr>\n<\/table>\n","protected":false},"excerpt":{"rendered":"<div>\n\t<span dir=\"ltr\" role=\"presentation\" style=\"left: 854.26px; top: 302.139px; font-size: 11.6667px; font-family: sans-serif; transform: scaleX(0.8715);\">Paslanmaz \u00e7elik bant,<\/span><span dir=\"ltr\" role=\"presentation\" style=\"left: 854.26px; top: 315.474px; font-size: 11.6667px; font-family: sans-serif; transform: scaleX(0.85755);\">asite dayan\u0131kl\u0131, petrol <\/span><span dir=\"ltr\" role=\"presentation\" style=\"left: 854.26px; top: 328.809px; font-size: 11.6667px; font-family: sans-serif; transform: scaleX(0.89072);\">ve t\u00fcrevlerine diren\u00e7li,<\/span><span dir=\"ltr\" role=\"presentation\" style=\"left: 854.26px; top: 342.144px; font-size: 11.6667px; font-family: sans-serif; transform: scaleX(0.835375);\">a\u015f\u0131nmaya dayan\u0131kl\u0131.<\/span><\/div>\n<div>\n\t<strong><span dir=\"ltr\" role=\"presentation\" style=\"left: 854.26px; top: 366.213px; font-size: 11.6667px; font-family: sans-serif; transform: scaleX(0.895929);\">Tavsiye edilen kullan\u0131m: <\/span><\/strong><span dir=\"ltr\" role=\"presentation\" style=\"left: 854.26px; top: 379.548px; font-size: 11.6667px; font-family: sans-serif; transform: scaleX(0.850575);\">Kimyasal a\u015f\u0131nd\u0131r\u0131c\u0131 ortamlardan<\/span><span dir=\"ltr\" role=\"presentation\" style=\"left: 854.26px; top: 392.883px; font-size: 11.6667px; font-family: sans-serif; transform: scaleX(0.867391);\">depolama tanklar\u0131n\u0131n derinlikn<\/span><span dir=\"ltr\" role=\"presentation\" style=\"left: 854.26px; top: 406.218px; font-size: 11.6667px; font-family: sans-serif; transform: scaleX(0.868619);\">\u00f6l\u00e7\u00fcmlerinde gemi sintinelerinde<\/span><br role=\"presentation\" \/><br \/>\n\t<span dir=\"ltr\" role=\"presentation\" style=\"left: 854.26px; top: 419.553px; font-size: 11.6667px; font-family: sans-serif; transform: scaleX(0.872759);\">ve yak\u0131t tanklar\u0131n\u0131n \u00f6l\u00e7\u00fcmlerinde <\/span><span dir=\"ltr\" role=\"presentation\" style=\"left: 854.26px; top: 432.888px; font-size: 11.6667px; font-family: sans-serif; transform: scaleX(0.8967);\">kullan\u0131l\u0131r.<\/span><\/div>\n","protected":false},"featured_media":12506,"comment_status":"open","ping_status":"closed","template":"","meta":{"_acf_changed":false},"product_brand":[1522],"product_cat":[753],"product_tag":[],"class_list":{"0":"post-12507","1":"product","2":"type-product","3":"status-publish","4":"has-post-thumbnail","6":"product_brand-bmi","7":"product_cat-metreler","9":"first","10":"outofstock","11":"taxable","12":"shipping-taxable","13":"purchasable","14":"product-type-simple","15":"add-to-wishlist-after_add_to_cart"},"acf":[],"_links":{"self":[{"href":"https:\/\/www.makitamarket.com.tr\/site\/wp-json\/wp\/v2\/product\/12507","targetHints":{"allow":["GET"]}}],"collection":[{"href":"https:\/\/www.makitamarket.com.tr\/site\/wp-json\/wp\/v2\/product"}],"about":[{"href":"https:\/\/www.makitamarket.com.tr\/site\/wp-json\/wp\/v2\/types\/product"}],"replies":[{"embeddable":true,"href":"https:\/\/www.makitamarket.com.tr\/site\/wp-json\/wp\/v2\/comments?post=12507"}],"wp:featuredmedia":[{"embeddable":true,"href":"https:\/\/www.makitamarket.com.tr\/site\/wp-json\/wp\/v2\/media\/12506"}],"wp:attachment":[{"href":"https:\/\/www.makitamarket.com.tr\/site\/wp-json\/wp\/v2\/media?parent=12507"}],"wp:term":[{"taxonomy":"product_brand","embeddable":true,"href":"https:\/\/www.makitamarket.com.tr\/site\/wp-json\/wp\/v2\/product_brand?post=12507"},{"taxonomy":"product_cat","embeddable":true,"href":"https:\/\/www.makitamarket.com.tr\/site\/wp-json\/wp\/v2\/product_cat?post=12507"},{"taxonomy":"product_tag","embeddable":true,"href":"https:\/\/www.makitamarket.com.tr\/site\/wp-json\/wp\/v2\/product_tag?post=12507"}],"curies":[{"name":"wp","href":"https:\/\/api.w.org\/{rel}","templated":true}]}}