{"id":12517,"date":"2024-11-27T22:40:11","date_gmt":"2024-11-27T19:40:11","guid":{"rendered":"https:\/\/www.makitamarket.com.tr\/site\/urun\/globus-cift-tarafli-filmik-bant-48mmx25mt\/"},"modified":"2026-03-30T08:21:26","modified_gmt":"2026-03-30T05:21:26","slug":"globus-cift-tarafli-filmik-bant-48mmx25mt","status":"publish","type":"product","link":"https:\/\/www.makitamarket.com.tr\/site\/urun\/globus-cift-tarafli-filmik-bant-48mmx25mt\/","title":{"rendered":"Globus GL14007 \u00c7\u0130FT TARAFLI F\u0130LM\u0130K BANT 48mmx25mt"},"content":{"rendered":"<table>\n<tr>\n<td>\u00d6l\u00e7\u00fc<\/td>\n<td>48mm x 25mt<\/td>\n<\/tr>\n<tr>\n<td>\u00d6zellik<\/td>\n<td>Hal\u0131 Kayd\u0131rmaz<\/td>\n<\/tr>\n<tr>\n<td>Koli Adedi<\/td>\n<td>36<\/td>\n<\/tr>\n<\/table>\n","protected":false},"excerpt":{"rendered":"<p>\u00d6l\u00e7\u00fc 48mm x 25mt \u00d6zellik Hal\u0131 Kayd\u0131rmaz Koli Adedi 36<\/p>\n","protected":false},"featured_media":12516,"comment_status":"open","ping_status":"closed","template":"","meta":{"_acf_changed":false},"product_brand":[1510],"product_cat":[955],"product_tag":[],"class_list":{"0":"post-12517","1":"product","2":"type-product","3":"status-publish","4":"has-post-thumbnail","6":"product_brand-globus","7":"product_cat-bant-kesme-aparatlari-zimbalar","9":"first","10":"instock","11":"taxable","12":"shipping-taxable","13":"purchasable","14":"product-type-simple","15":"add-to-wishlist-after_add_to_cart"},"acf":[],"_links":{"self":[{"href":"https:\/\/www.makitamarket.com.tr\/site\/wp-json\/wp\/v2\/product\/12517","targetHints":{"allow":["GET"]}}],"collection":[{"href":"https:\/\/www.makitamarket.com.tr\/site\/wp-json\/wp\/v2\/product"}],"about":[{"href":"https:\/\/www.makitamarket.com.tr\/site\/wp-json\/wp\/v2\/types\/product"}],"replies":[{"embeddable":true,"href":"https:\/\/www.makitamarket.com.tr\/site\/wp-json\/wp\/v2\/comments?post=12517"}],"wp:featuredmedia":[{"embeddable":true,"href":"https:\/\/www.makitamarket.com.tr\/site\/wp-json\/wp\/v2\/media\/12516"}],"wp:attachment":[{"href":"https:\/\/www.makitamarket.com.tr\/site\/wp-json\/wp\/v2\/media?parent=12517"}],"wp:term":[{"taxonomy":"product_brand","embeddable":true,"href":"https:\/\/www.makitamarket.com.tr\/site\/wp-json\/wp\/v2\/product_brand?post=12517"},{"taxonomy":"product_cat","embeddable":true,"href":"https:\/\/www.makitamarket.com.tr\/site\/wp-json\/wp\/v2\/product_cat?post=12517"},{"taxonomy":"product_tag","embeddable":true,"href":"https:\/\/www.makitamarket.com.tr\/site\/wp-json\/wp\/v2\/product_tag?post=12517"}],"curies":[{"name":"wp","href":"https:\/\/api.w.org\/{rel}","templated":true}]}}