{"id":12520,"date":"2024-11-27T22:40:12","date_gmt":"2024-11-27T19:40:12","guid":{"rendered":"https:\/\/www.makitamarket.com.tr\/site\/urun\/optimum-tu-2807-icin-gezer-yatak\/"},"modified":"2025-11-16T06:46:48","modified_gmt":"2025-11-16T03:46:48","slug":"optimum-tu-2807-icin-gezer-yatak","status":"publish","type":"product","link":"https:\/\/www.makitamarket.com.tr\/site\/urun\/optimum-tu-2807-icin-gezer-yatak\/","title":{"rendered":"Optimum 3441410 TU 2807 \u0130\u00c7\u0130N GEZER YATAK"},"content":{"rendered":"<div>\n\t<strong>TU 2807 i\u00e7in<br \/>\n\t<\/strong><\/div>\n<div>\n\ta = \u00d8 56 mm;<\/div>\n<div>\n\tb = 250 mm;<\/div>\n<div>\n\tc = 130mm<\/div>\n<table><\/table>\n","protected":false},"excerpt":{"rendered":"<div>\n\t<strong>TU 2807 i\u00e7in<br \/>\n\t<\/strong><\/div>\n<div>\n\ta = \u00d8 56 mm;<\/div>\n<div>\n\tb = 250 mm;<\/div>\n<div>\n\tc = 130mm<\/div>\n","protected":false},"featured_media":0,"comment_status":"open","ping_status":"closed","template":"","meta":{"_acf_changed":false},"product_brand":[1511],"product_cat":[824],"product_tag":[],"class_list":{"0":"post-12520","1":"product","2":"type-product","3":"status-publish","5":"product_brand-optimum","6":"product_cat-aksesuarlar-metal-isleme-makinalari-2","8":"first","9":"outofstock","10":"taxable","11":"shipping-taxable","12":"purchasable","13":"product-type-simple","14":"add-to-wishlist-after_add_to_cart"},"acf":[],"_links":{"self":[{"href":"https:\/\/www.makitamarket.com.tr\/site\/wp-json\/wp\/v2\/product\/12520","targetHints":{"allow":["GET"]}}],"collection":[{"href":"https:\/\/www.makitamarket.com.tr\/site\/wp-json\/wp\/v2\/product"}],"about":[{"href":"https:\/\/www.makitamarket.com.tr\/site\/wp-json\/wp\/v2\/types\/product"}],"replies":[{"embeddable":true,"href":"https:\/\/www.makitamarket.com.tr\/site\/wp-json\/wp\/v2\/comments?post=12520"}],"wp:attachment":[{"href":"https:\/\/www.makitamarket.com.tr\/site\/wp-json\/wp\/v2\/media?parent=12520"}],"wp:term":[{"taxonomy":"product_brand","embeddable":true,"href":"https:\/\/www.makitamarket.com.tr\/site\/wp-json\/wp\/v2\/product_brand?post=12520"},{"taxonomy":"product_cat","embeddable":true,"href":"https:\/\/www.makitamarket.com.tr\/site\/wp-json\/wp\/v2\/product_cat?post=12520"},{"taxonomy":"product_tag","embeddable":true,"href":"https:\/\/www.makitamarket.com.tr\/site\/wp-json\/wp\/v2\/product_tag?post=12520"}],"curies":[{"name":"wp","href":"https:\/\/api.w.org\/{rel}","templated":true}]}}