{"id":12545,"date":"2024-11-27T22:42:12","date_gmt":"2024-11-27T19:42:12","guid":{"rendered":"https:\/\/www.makitamarket.com.tr\/site\/urun\/knipex-kuplon-makasi-yedek-agiz-460-mm\/"},"modified":"2026-04-06T14:08:08","modified_gmt":"2026-04-06T11:08:08","slug":"knipex-kuplon-makasi-yedek-agiz-460-mm","status":"publish","type":"product","link":"https:\/\/www.makitamarket.com.tr\/site\/urun\/knipex-kuplon-makasi-yedek-agiz-460-mm\/","title":{"rendered":"Knipex 7179460 KUPLON MAKASI YEDEK A\u011eIZ 460 mm"},"content":{"rendered":"<p><b>71 79 460 71 72 460 i\u00e7in yedek b\u0131\u00e7ak kafas\u0131<\/b><br \/>Komple, vidalar dahil. 71 72 460 i\u00e7in yedek b\u0131\u00e7ak kafas\u0131. <\/p>\n<li><b>HRC 19: <\/b>\u00d8 8 mm<\/li>\n<li><b>HRC 40: <\/b>\u00d8 6 mm<\/li>\n<li><b>HRC 48: <\/b>\u00d8 5 mm<\/li>\n<table>\n<tr>\n<td>A\u00e7\u0131klama<\/td>\n<td>71 72 460\u2019\u0131n yedek a\u011fz\u0131<\/td>\n<\/tr>\n<\/table>\n","protected":false},"excerpt":{"rendered":"<p><b>71 79 460 71 72 460 i\u00e7in yedek b\u0131\u00e7ak kafas\u0131<\/b><br \/>Komple, vidalar dahil. 71 72 460 i\u00e7in yedek b\u0131\u00e7ak kafas\u0131. <\/p>\n<li><b>HRC 19: <\/b>\u00d8 8 mm<\/li>\n<li><b>HRC 40: <\/b>\u00d8 6 mm<\/li>\n<li><b>HRC 48: <\/b>\u00d8 5 mm<\/li>\n","protected":false},"featured_media":12544,"comment_status":"open","ping_status":"closed","template":"","meta":{"_acf_changed":false},"product_brand":[1486],"product_cat":[1005],"product_tag":[],"class_list":{"0":"post-12545","1":"product","2":"type-product","3":"status-publish","4":"has-post-thumbnail","6":"product_brand-knipex","7":"product_cat-kuplon-makaslari","9":"first","10":"instock","11":"taxable","12":"shipping-taxable","13":"purchasable","14":"product-type-simple","15":"add-to-wishlist-after_add_to_cart"},"acf":[],"_links":{"self":[{"href":"https:\/\/www.makitamarket.com.tr\/site\/wp-json\/wp\/v2\/product\/12545","targetHints":{"allow":["GET"]}}],"collection":[{"href":"https:\/\/www.makitamarket.com.tr\/site\/wp-json\/wp\/v2\/product"}],"about":[{"href":"https:\/\/www.makitamarket.com.tr\/site\/wp-json\/wp\/v2\/types\/product"}],"replies":[{"embeddable":true,"href":"https:\/\/www.makitamarket.com.tr\/site\/wp-json\/wp\/v2\/comments?post=12545"}],"wp:featuredmedia":[{"embeddable":true,"href":"https:\/\/www.makitamarket.com.tr\/site\/wp-json\/wp\/v2\/media\/12544"}],"wp:attachment":[{"href":"https:\/\/www.makitamarket.com.tr\/site\/wp-json\/wp\/v2\/media?parent=12545"}],"wp:term":[{"taxonomy":"product_brand","embeddable":true,"href":"https:\/\/www.makitamarket.com.tr\/site\/wp-json\/wp\/v2\/product_brand?post=12545"},{"taxonomy":"product_cat","embeddable":true,"href":"https:\/\/www.makitamarket.com.tr\/site\/wp-json\/wp\/v2\/product_cat?post=12545"},{"taxonomy":"product_tag","embeddable":true,"href":"https:\/\/www.makitamarket.com.tr\/site\/wp-json\/wp\/v2\/product_tag?post=12545"}],"curies":[{"name":"wp","href":"https:\/\/api.w.org\/{rel}","templated":true}]}}