{"id":12571,"date":"2024-11-27T22:43:11","date_gmt":"2024-11-27T19:43:11","guid":{"rendered":"https:\/\/www.makitamarket.com.tr\/site\/urun\/edn-kdh-laminant-testere-303x3-2x30mm-60-dis\/"},"modified":"2026-04-06T14:09:07","modified_gmt":"2026-04-06T11:09:07","slug":"edn-kdh-laminant-testere-303x3-2x30mm-60-dis","status":"publish","type":"product","link":"https:\/\/www.makitamarket.com.tr\/site\/urun\/edn-kdh-laminant-testere-303x3-2x30mm-60-dis\/","title":{"rendered":"Edn KDH 303 KDH LAM\u0130NANT TESTERE 303&#215;3.2x30mm 60 D\u0130\u015e"},"content":{"rendered":"<div>\n\t\u2022 Ses ve g\u00fcr\u00fclt\u00fc azalt\u0131c\u0131 ilave yar\u0131klar<\/div>\n<div>\n\t\u2022 Tek veya \u00e7ift y\u00fczeyi vernikli olan malzeme<\/div>\n<div>\n\t\u2022 Panel kal\u0131nl\u0131\u011f\u0131 25mm\u2019ye kadar<\/div>\n<table>\n<tr>\n<td>\u00c7ap<\/td>\n<td>303<\/td>\n<\/tr>\n<tr>\n<td>G\u00f6bek<\/td>\n<td>30<\/td>\n<\/tr>\n<tr>\n<td>Kal\u0131nl\u0131k<\/td>\n<td>3,2<\/td>\n<\/tr>\n<tr>\n<td>Di\u015f<\/td>\n<td>60 di\u015f<\/td>\n<\/tr>\n<\/table>\n","protected":false},"excerpt":{"rendered":"<div>\n\t\u2022 Ses ve g\u00fcr\u00fclt\u00fc azalt\u0131c\u0131 ilave yar\u0131klar<\/div>\n<div>\n\t\u2022 Tek veya \u00e7ift y\u00fczeyi vernikli olan malzeme<\/div>\n<div>\n\t\u2022 Panel kal\u0131nl\u0131\u011f\u0131 25mm\u2019ye kadar<\/div>\n","protected":false},"featured_media":12570,"comment_status":"open","ping_status":"closed","template":"","meta":{"_acf_changed":false},"product_brand":[1542],"product_cat":[1050],"product_tag":[],"class_list":{"0":"post-12571","1":"product","2":"type-product","3":"status-publish","4":"has-post-thumbnail","6":"product_brand-edn","7":"product_cat-ahsap-daire-testereler","9":"first","10":"instock","11":"taxable","12":"shipping-taxable","13":"purchasable","14":"product-type-simple","15":"add-to-wishlist-after_add_to_cart"},"acf":[],"_links":{"self":[{"href":"https:\/\/www.makitamarket.com.tr\/site\/wp-json\/wp\/v2\/product\/12571","targetHints":{"allow":["GET"]}}],"collection":[{"href":"https:\/\/www.makitamarket.com.tr\/site\/wp-json\/wp\/v2\/product"}],"about":[{"href":"https:\/\/www.makitamarket.com.tr\/site\/wp-json\/wp\/v2\/types\/product"}],"replies":[{"embeddable":true,"href":"https:\/\/www.makitamarket.com.tr\/site\/wp-json\/wp\/v2\/comments?post=12571"}],"wp:featuredmedia":[{"embeddable":true,"href":"https:\/\/www.makitamarket.com.tr\/site\/wp-json\/wp\/v2\/media\/12570"}],"wp:attachment":[{"href":"https:\/\/www.makitamarket.com.tr\/site\/wp-json\/wp\/v2\/media?parent=12571"}],"wp:term":[{"taxonomy":"product_brand","embeddable":true,"href":"https:\/\/www.makitamarket.com.tr\/site\/wp-json\/wp\/v2\/product_brand?post=12571"},{"taxonomy":"product_cat","embeddable":true,"href":"https:\/\/www.makitamarket.com.tr\/site\/wp-json\/wp\/v2\/product_cat?post=12571"},{"taxonomy":"product_tag","embeddable":true,"href":"https:\/\/www.makitamarket.com.tr\/site\/wp-json\/wp\/v2\/product_tag?post=12571"}],"curies":[{"name":"wp","href":"https:\/\/api.w.org\/{rel}","templated":true}]}}