{"id":12578,"date":"2024-11-27T22:43:13","date_gmt":"2024-11-27T19:43:13","guid":{"rendered":"https:\/\/www.makitamarket.com.tr\/site\/urun\/edn-gw-agac-testere-300x3-2x30mm-60-dis\/"},"modified":"2026-05-12T16:58:26","modified_gmt":"2026-05-12T13:58:26","slug":"edn-gw-agac-testere-300x3-2x30mm-60-dis","status":"publish","type":"product","link":"https:\/\/www.makitamarket.com.tr\/site\/urun\/edn-gw-agac-testere-300x3-2x30mm-60-dis\/","title":{"rendered":"Edn GWS 300 GW A\u011eA\u00c7 TESTERE 300&#215;3.2x30mm 60 D\u0130\u015e"},"content":{"rendered":"<div>\n\tPozitif di\u015f a\u00e7\u0131s\u0131<\/div>\n<div>\n\t<strong>\u2022 <\/strong>Lazer genle\u015fme yar\u0131kl\u0131<\/div>\n<div>\n\t<strong>\u2022 <\/strong>Ses azalt\u0131lm\u0131\u015f<\/div>\n<div>\n\t<strong>\u2022 <\/strong>Yarma ve boyutland\u0131rma<\/div>\n<div>\n\t<strong>\u2022 <\/strong>Panel malzeme tek y\u00fczeyi vernikli plastik kapl\u0131<\/div>\n<table>\n<tr>\n<td>\u00c7ap<\/td>\n<td>300<\/td>\n<\/tr>\n<tr>\n<td>G\u00f6bek<\/td>\n<td>30<\/td>\n<\/tr>\n<tr>\n<td>Di\u015f<\/td>\n<td>60 di\u015f<\/td>\n<\/tr>\n<tr>\n<td>Kal\u0131nl\u0131k<\/td>\n<td>3,2<\/td>\n<\/tr>\n<\/table>\n","protected":false},"excerpt":{"rendered":"<div>\n\tPozitif di\u015f a\u00e7\u0131s\u0131<\/div>\n<div>\n\t<strong>\u2022 <\/strong>Lazer genle\u015fme yar\u0131kl\u0131<\/div>\n<div>\n\t<strong>\u2022 <\/strong>Ses azalt\u0131lm\u0131\u015f<\/div>\n<div>\n\t<strong>\u2022 <\/strong>Yarma ve boyutland\u0131rma<\/div>\n<div>\n\t<strong>\u2022 <\/strong>Panel malzeme tek y\u00fczeyi vernikli plastik kapl\u0131<\/div>\n","protected":false},"featured_media":12577,"comment_status":"open","ping_status":"closed","template":"","meta":{"_acf_changed":false},"product_brand":[1542],"product_cat":[1050],"product_tag":[],"class_list":{"0":"post-12578","1":"product","2":"type-product","3":"status-publish","4":"has-post-thumbnail","6":"product_brand-edn","7":"product_cat-ahsap-daire-testereler","9":"first","10":"instock","11":"taxable","12":"shipping-taxable","13":"purchasable","14":"product-type-simple","15":"add-to-wishlist-after_add_to_cart"},"acf":[],"_links":{"self":[{"href":"https:\/\/www.makitamarket.com.tr\/site\/wp-json\/wp\/v2\/product\/12578","targetHints":{"allow":["GET"]}}],"collection":[{"href":"https:\/\/www.makitamarket.com.tr\/site\/wp-json\/wp\/v2\/product"}],"about":[{"href":"https:\/\/www.makitamarket.com.tr\/site\/wp-json\/wp\/v2\/types\/product"}],"replies":[{"embeddable":true,"href":"https:\/\/www.makitamarket.com.tr\/site\/wp-json\/wp\/v2\/comments?post=12578"}],"wp:featuredmedia":[{"embeddable":true,"href":"https:\/\/www.makitamarket.com.tr\/site\/wp-json\/wp\/v2\/media\/12577"}],"wp:attachment":[{"href":"https:\/\/www.makitamarket.com.tr\/site\/wp-json\/wp\/v2\/media?parent=12578"}],"wp:term":[{"taxonomy":"product_brand","embeddable":true,"href":"https:\/\/www.makitamarket.com.tr\/site\/wp-json\/wp\/v2\/product_brand?post=12578"},{"taxonomy":"product_cat","embeddable":true,"href":"https:\/\/www.makitamarket.com.tr\/site\/wp-json\/wp\/v2\/product_cat?post=12578"},{"taxonomy":"product_tag","embeddable":true,"href":"https:\/\/www.makitamarket.com.tr\/site\/wp-json\/wp\/v2\/product_tag?post=12578"}],"curies":[{"name":"wp","href":"https:\/\/api.w.org\/{rel}","templated":true}]}}