{"id":12582,"date":"2024-11-27T22:43:14","date_gmt":"2024-11-27T19:43:14","guid":{"rendered":"https:\/\/www.makitamarket.com.tr\/site\/urun\/knipex-kablo-makasi-230-mm\/"},"modified":"2026-04-06T14:09:12","modified_gmt":"2026-04-06T11:09:12","slug":"knipex-kablo-makasi-230-mm","status":"publish","type":"product","link":"https:\/\/www.makitamarket.com.tr\/site\/urun\/knipex-kablo-makasi-230-mm\/","title":{"rendered":"Knipex 9506230 KABLO MAKASI 230 mm"},"content":{"rendered":"<p><b>95 06 230 Kablo Makas\u0131<\/b><br \/>\u00c7elik tel ve sert \u00e7ekilmi\u015f bak\u0131r iletkenler i\u00e7in uygun de\u011fildir. Hassas ta\u015flanm\u0131\u015f, sertle\u015ftirilmi\u015f kesiciler. Ezilme olmaz, kablo c\u00fczi derecede deforme olur. Ayarlanabilir vidal\u0131 mafsal. Kesiti 16 mm\u00b2\u2019ye kadar tek telli, 50 mm\u00b2\u2019ye kadar \u00e7ok telli ve 70 mm\u00b2\u2019ye kadar ince telli bak\u0131r iletkenler; 70 mm\u00b2\u2019lik \u00e7ok telli al\u00fcminyum iletkenler i\u00e7in. Y\u00fcksek aktar\u0131m sayesinde tek elle kullan\u0131mda kolay kesim. Paslanmaz \u00f6zel \u00e7elik, sertle\u015ftirilmi\u015f ve tavlanm\u0131\u015f. <\/p>\n<li><b>Bak\u0131r kablo kesim de\u011feri, \u00e7ok telli: <\/b>50 mm\u00b2<\/li>\n<li><b>Bak\u0131r kablo kesim de\u011feri, \u00e7ok telli: <\/b>\u00d8 16 mm<\/li>\n<li><b>AWG: <\/b>1 \/ 0 <\/li>\n<li><b>VDE onayl\u0131: <\/b>evet \u00a0<\/li>\n<table>\n<tr>\n<td>Sap<\/td>\n<td>Sos \u0130zole<\/td>\n<\/tr>\n<tr>\n<td>Uzunluk<\/td>\n<td>230<\/td>\n<\/tr>\n<tr>\n<td>Form<\/td>\n<td>Yays\u0131z<\/td>\n<\/tr>\n<tr>\n<td>\u00c7ok \u0130letkenli Kablo<\/td>\n<td>16\u00f8mm, 50mm\u00b2<\/td>\n<\/tr>\n<tr>\n<td>A\u011f\u0131rl\u0131k<\/td>\n<td>274 gr<\/td>\n<\/tr>\n<\/table>\n","protected":false},"excerpt":{"rendered":"<p><b>95 06 230 Kablo Makas\u0131<\/b><br \/>\u00c7elik tel ve sert \u00e7ekilmi\u015f bak\u0131r iletkenler i\u00e7in uygun de\u011fildir. Hassas ta\u015flanm\u0131\u015f, sertle\u015ftirilmi\u015f kesiciler. Ezilme olmaz, kablo c\u00fczi derecede deforme olur. Ayarlanabilir vidal\u0131 mafsal. Kesiti 16 mm\u00b2\u2019ye kadar tek telli, 50 mm\u00b2\u2019ye kadar \u00e7ok telli ve 70 mm\u00b2\u2019ye kadar ince telli bak\u0131r iletkenler; 70 mm\u00b2\u2019lik \u00e7ok telli al\u00fcminyum iletkenler i\u00e7in. Y\u00fcksek aktar\u0131m sayesinde tek elle kullan\u0131mda kolay kesim. Paslanmaz \u00f6zel \u00e7elik, sertle\u015ftirilmi\u015f ve tavlanm\u0131\u015f. <\/p>\n<li><b>Bak\u0131r kablo kesim de\u011feri, \u00e7ok telli: <\/b>50 mm\u00b2<\/li>\n<li><b>Bak\u0131r kablo kesim de\u011feri, \u00e7ok telli: <\/b>\u00d8 16 mm<\/li>\n<li><b>AWG: <\/b>1 \/ 0 <\/li>\n<li><b>VDE onayl\u0131: <\/b>evet \u00a0<\/li>\n","protected":false},"featured_media":12581,"comment_status":"open","ping_status":"closed","template":"","meta":{"_acf_changed":false},"product_brand":[1486],"product_cat":[833],"product_tag":[],"class_list":{"0":"post-12582","1":"product","2":"type-product","3":"status-publish","4":"has-post-thumbnail","6":"product_brand-knipex","7":"product_cat-makaslar","9":"first","10":"instock","11":"taxable","12":"shipping-taxable","13":"purchasable","14":"product-type-simple","15":"add-to-wishlist-after_add_to_cart"},"acf":[],"_links":{"self":[{"href":"https:\/\/www.makitamarket.com.tr\/site\/wp-json\/wp\/v2\/product\/12582","targetHints":{"allow":["GET"]}}],"collection":[{"href":"https:\/\/www.makitamarket.com.tr\/site\/wp-json\/wp\/v2\/product"}],"about":[{"href":"https:\/\/www.makitamarket.com.tr\/site\/wp-json\/wp\/v2\/types\/product"}],"replies":[{"embeddable":true,"href":"https:\/\/www.makitamarket.com.tr\/site\/wp-json\/wp\/v2\/comments?post=12582"}],"wp:featuredmedia":[{"embeddable":true,"href":"https:\/\/www.makitamarket.com.tr\/site\/wp-json\/wp\/v2\/media\/12581"}],"wp:attachment":[{"href":"https:\/\/www.makitamarket.com.tr\/site\/wp-json\/wp\/v2\/media?parent=12582"}],"wp:term":[{"taxonomy":"product_brand","embeddable":true,"href":"https:\/\/www.makitamarket.com.tr\/site\/wp-json\/wp\/v2\/product_brand?post=12582"},{"taxonomy":"product_cat","embeddable":true,"href":"https:\/\/www.makitamarket.com.tr\/site\/wp-json\/wp\/v2\/product_cat?post=12582"},{"taxonomy":"product_tag","embeddable":true,"href":"https:\/\/www.makitamarket.com.tr\/site\/wp-json\/wp\/v2\/product_tag?post=12582"}],"curies":[{"name":"wp","href":"https:\/\/api.w.org\/{rel}","templated":true}]}}