{"id":12584,"date":"2024-11-27T22:43:14","date_gmt":"2024-11-27T19:43:14","guid":{"rendered":"https:\/\/www.makitamarket.com.tr\/site\/urun\/knipex-kablo-siyirma-aleti-135-mm\/"},"modified":"2026-04-06T14:37:01","modified_gmt":"2026-04-06T11:37:01","slug":"knipex-kablo-siyirma-aleti-135-mm","status":"publish","type":"product","link":"https:\/\/www.makitamarket.com.tr\/site\/urun\/knipex-kablo-siyirma-aleti-135-mm\/","title":{"rendered":"Knipex 169501SB KABLO SIYIRMA ALET\u0130 135 mm"},"content":{"rendered":"<p><b>16 95 01 SB KNIPEX ErgoStrip\u00ae<\/b><br \/>Her \u00e7e\u015fit yuvarlak kablo ve \u0131slak mekanlarda kullan\u0131lan kablolar\u0131 (\u00f6rne\u011fin NYM kablolar\u0131, 3 x 1,5 mm\u00b2 ila 5 x 2,5 mm\u00b2 aras\u0131), data kablolar\u0131 (\u00f6rne\u011fin Twisted-Pair) ve koaksiyal kablolar\u0131 h\u0131zl\u0131 ve hassas \u015fekilde s\u0131yr\u0131l\u0131r ve d\u0131\u015f k\u0131l\u0131f\u0131 soyulur. Kablo k\u0131l\u0131f\u0131n\u0131 kolayl\u0131kla kesmek, s\u0131y\u0131rmak ve uzunlamas\u0131na kesmek i\u00e7in yenilik\u00e7i, ergonomik tabanca sap\u0131 tasar\u0131m\u0131. Dar \u00e7al\u0131\u015fma alanlar\u0131nda daha kolay eri\u015fim sa\u011flamak i\u00e7in tak\u0131m sonu konikolarak daralt\u0131lm\u0131\u015ft\u0131r. 0,2 \/ 0,3 \/ 0,8 \/ 1,5 \/ 2,5 \/ 4 mm\u00b2\u2019lik kesitler i\u00e7in izolasyon s\u0131y\u0131rma d\u00fczeni. Pozisyonlama kanatlar\u0131 ile kablo tellerini ay\u0131rarak kolayl\u0131kla kablo k\u0131l\u0131f\u0131 s\u0131y\u0131rma. A\u00e7ma yay\u0131 ve blokaj mandal\u0131 ile. A\u00e7ma yard\u0131m\u0131 donan\u0131m\u0131 sayesinde Koax ve data kablolar\u0131 konforlu bir \u015fekilde yerle\u015ftirilir. Konforlu kullan\u0131m ve g\u00fcvenli tutmay\u0131 sa\u011flayan yumu\u015fak plastik b\u00f6l\u00fcm\u00fc bulunan \u00e7ok komponentli tasar\u0131m. <\/p>\n<li><b>Yuvarlak kablo izolasyon s\u0131y\u0131rma de\u011feri (\u00e7ap): <\/b>\u00d8 8 \u2013 13 mm<\/li>\n<li><b>Kablo ve tel s\u0131y\u0131rma de\u011feri: <\/b>0,2 \u2014 4,0 mm\u00b2<\/li>\n<li><b>Koax kablosu izolasyon s\u0131y\u0131rma de\u011feri (\u00e7ap): <\/b>\u00d8 4,8 \u2013 7,5 mm<\/li>\n<li><b>Data kablosu izolasyon s\u0131y\u0131rma de\u011feri: <\/b>CAT 5 &#8211; 7, Twisted Pair (UTP\/STP)<\/li>\n<li><b>Kablo s\u0131y\u0131rma de\u011feri: <\/b>\u00d8 8,0 \u2014 13,0 mm<\/li>\n<table>\n<tr>\n<td>Uzunluk<\/td>\n<td>135<\/td>\n<\/tr>\n<tr>\n<td>A\u011f\u0131rl\u0131k<\/td>\n<td>74 gr<\/td>\n<\/tr>\n<tr>\n<td>S\u0131y\u0131rma Kapasitesi<\/td>\n<td>Standart yuvarlak kablo:8-13mm, Coax kablo:4,8-7,5 mm,  Kablo ve tel:0,2-4 mm<\/td>\n<\/tr>\n<\/table>\n","protected":false},"excerpt":{"rendered":"<p><b>16 95 01 SB KNIPEX ErgoStrip\u00ae<\/b><br \/>Her \u00e7e\u015fit yuvarlak kablo ve \u0131slak mekanlarda kullan\u0131lan kablolar\u0131 (\u00f6rne\u011fin NYM kablolar\u0131, 3 x 1,5 mm\u00b2 ila 5 x 2,5 mm\u00b2 aras\u0131), data kablolar\u0131 (\u00f6rne\u011fin Twisted-Pair) ve koaksiyal kablolar\u0131 h\u0131zl\u0131 ve hassas \u015fekilde s\u0131yr\u0131l\u0131r ve d\u0131\u015f k\u0131l\u0131f\u0131 soyulur. Kablo k\u0131l\u0131f\u0131n\u0131 kolayl\u0131kla kesmek, s\u0131y\u0131rmak ve uzunlamas\u0131na kesmek i\u00e7in yenilik\u00e7i, ergonomik tabanca sap\u0131 tasar\u0131m\u0131. Dar \u00e7al\u0131\u015fma alanlar\u0131nda daha kolay eri\u015fim sa\u011flamak i\u00e7in tak\u0131m sonu konikolarak daralt\u0131lm\u0131\u015ft\u0131r. 0,2 \/ 0,3 \/ 0,8 \/ 1,5 \/ 2,5 \/ 4 mm\u00b2\u2019lik kesitler i\u00e7in izolasyon s\u0131y\u0131rma d\u00fczeni. Pozisyonlama kanatlar\u0131 ile kablo tellerini ay\u0131rarak kolayl\u0131kla kablo k\u0131l\u0131f\u0131 s\u0131y\u0131rma. A\u00e7ma yay\u0131 ve blokaj mandal\u0131 ile. A\u00e7ma yard\u0131m\u0131 donan\u0131m\u0131 sayesinde Koax ve data kablolar\u0131 konforlu bir \u015fekilde yerle\u015ftirilir. Konforlu kullan\u0131m ve g\u00fcvenli tutmay\u0131 sa\u011flayan yumu\u015fak plastik b\u00f6l\u00fcm\u00fc bulunan \u00e7ok komponentli tasar\u0131m. <\/p>\n<li><b>Yuvarlak kablo izolasyon s\u0131y\u0131rma de\u011feri (\u00e7ap): <\/b>\u00d8 8 \u2013 13 mm<\/li>\n<li><b>Kablo ve tel s\u0131y\u0131rma de\u011feri: <\/b>0,2 \u2014 4,0 mm\u00b2<\/li>\n<li><b>Koax kablosu izolasyon s\u0131y\u0131rma de\u011feri (\u00e7ap): <\/b>\u00d8 4,8 \u2013 7,5 mm<\/li>\n<li><b>Data kablosu izolasyon s\u0131y\u0131rma de\u011feri: <\/b>CAT 5 &#8211; 7, Twisted Pair (UTP\/STP)<\/li>\n<li><b>Kablo s\u0131y\u0131rma de\u011feri: <\/b>\u00d8 8,0 \u2014 13,0 mm<\/li>\n","protected":false},"featured_media":13516,"comment_status":"open","ping_status":"closed","template":"","meta":{"_acf_changed":false},"product_brand":[1486],"product_cat":[991],"product_tag":[],"class_list":{"0":"post-12584","1":"product","2":"type-product","3":"status-publish","4":"has-post-thumbnail","6":"product_brand-knipex","7":"product_cat-kablo-siyirmalar","9":"first","10":"instock","11":"taxable","12":"shipping-taxable","13":"purchasable","14":"product-type-simple","15":"add-to-wishlist-after_add_to_cart"},"acf":[],"_links":{"self":[{"href":"https:\/\/www.makitamarket.com.tr\/site\/wp-json\/wp\/v2\/product\/12584","targetHints":{"allow":["GET"]}}],"collection":[{"href":"https:\/\/www.makitamarket.com.tr\/site\/wp-json\/wp\/v2\/product"}],"about":[{"href":"https:\/\/www.makitamarket.com.tr\/site\/wp-json\/wp\/v2\/types\/product"}],"replies":[{"embeddable":true,"href":"https:\/\/www.makitamarket.com.tr\/site\/wp-json\/wp\/v2\/comments?post=12584"}],"wp:featuredmedia":[{"embeddable":true,"href":"https:\/\/www.makitamarket.com.tr\/site\/wp-json\/wp\/v2\/media\/13516"}],"wp:attachment":[{"href":"https:\/\/www.makitamarket.com.tr\/site\/wp-json\/wp\/v2\/media?parent=12584"}],"wp:term":[{"taxonomy":"product_brand","embeddable":true,"href":"https:\/\/www.makitamarket.com.tr\/site\/wp-json\/wp\/v2\/product_brand?post=12584"},{"taxonomy":"product_cat","embeddable":true,"href":"https:\/\/www.makitamarket.com.tr\/site\/wp-json\/wp\/v2\/product_cat?post=12584"},{"taxonomy":"product_tag","embeddable":true,"href":"https:\/\/www.makitamarket.com.tr\/site\/wp-json\/wp\/v2\/product_tag?post=12584"}],"curies":[{"name":"wp","href":"https:\/\/api.w.org\/{rel}","templated":true}]}}