{"id":12590,"date":"2024-11-27T22:43:19","date_gmt":"2024-11-27T19:43:19","guid":{"rendered":"https:\/\/www.makitamarket.com.tr\/site\/urun\/makita-ahsap-daire-testere-216x60-dis\/"},"modified":"2026-03-30T08:22:27","modified_gmt":"2026-03-30T05:22:27","slug":"makita-ahsap-daire-testere-216x60-dis","status":"publish","type":"product","link":"https:\/\/www.makitamarket.com.tr\/site\/urun\/makita-ahsap-daire-testere-216x60-dis\/","title":{"rendered":"Makita B-09058 AH\u015eAP DA\u0130RE TESTERE 216&#215;60 D\u0130\u015e"},"content":{"rendered":"<table>\n<tr>\n<td>Testere \u00e7ap\u0131<\/td>\n<td>216 mm<\/td>\n<\/tr>\n<tr>\n<td>G\u00f6bek \u00e7ap\u0131<\/td>\n<td>30 mm<\/td>\n<\/tr>\n<tr>\n<td>Y\u00fcz\u00fck \u00c7ap\u0131<\/td>\n<td>&#8211;<\/td>\n<\/tr>\n<tr>\n<td>Elmas Kal\u0131nl\u0131\u011f\u0131<\/td>\n<td>2.0 mm<\/td>\n<\/tr>\n<tr>\n<td>G\u00f6vde Kal\u0131nl\u0131\u011f\u0131<\/td>\n<td>1.4 mm<\/td>\n<\/tr>\n<tr>\n<td>Di\u015f Say\u0131s\u0131<\/td>\n<td>60<\/td>\n<\/tr>\n<tr>\n<td>Elmas A\u00e7\u0131s\u0131<\/td>\n<td>5\u02da<\/td>\n<\/tr>\n<tr>\n<td>Di\u015f Tipi<\/td>\n<td>ATB<\/td>\n<\/tr>\n<tr>\n<td>Kullan\u0131m Alan\u0131<\/td>\n<td>Ah\u015fap<\/td>\n<\/tr>\n<\/table>\n","protected":false},"excerpt":{"rendered":"<p>Testere \u00e7ap\u0131 216 mm G\u00f6bek \u00e7ap\u0131 30 mm Y\u00fcz\u00fck \u00c7ap\u0131 &#8211; Elmas Kal\u0131nl\u0131\u011f\u0131 2.0 mm G\u00f6vde Kal\u0131nl\u0131\u011f\u0131 1.4 mm Di\u015f Say\u0131s\u0131 60 Elmas A\u00e7\u0131s\u0131 5\u02da Di\u015f Tipi ATB Kullan\u0131m Alan\u0131<\/p>\n","protected":false},"featured_media":12589,"comment_status":"open","ping_status":"closed","template":"","meta":{"_acf_changed":false},"product_brand":[1485],"product_cat":[1050],"product_tag":[],"class_list":{"0":"post-12590","1":"product","2":"type-product","3":"status-publish","4":"has-post-thumbnail","6":"product_brand-makita","7":"product_cat-ahsap-daire-testereler","9":"first","10":"instock","11":"taxable","12":"shipping-taxable","13":"purchasable","14":"product-type-simple","15":"add-to-wishlist-after_add_to_cart"},"acf":[],"_links":{"self":[{"href":"https:\/\/www.makitamarket.com.tr\/site\/wp-json\/wp\/v2\/product\/12590","targetHints":{"allow":["GET"]}}],"collection":[{"href":"https:\/\/www.makitamarket.com.tr\/site\/wp-json\/wp\/v2\/product"}],"about":[{"href":"https:\/\/www.makitamarket.com.tr\/site\/wp-json\/wp\/v2\/types\/product"}],"replies":[{"embeddable":true,"href":"https:\/\/www.makitamarket.com.tr\/site\/wp-json\/wp\/v2\/comments?post=12590"}],"wp:featuredmedia":[{"embeddable":true,"href":"https:\/\/www.makitamarket.com.tr\/site\/wp-json\/wp\/v2\/media\/12589"}],"wp:attachment":[{"href":"https:\/\/www.makitamarket.com.tr\/site\/wp-json\/wp\/v2\/media?parent=12590"}],"wp:term":[{"taxonomy":"product_brand","embeddable":true,"href":"https:\/\/www.makitamarket.com.tr\/site\/wp-json\/wp\/v2\/product_brand?post=12590"},{"taxonomy":"product_cat","embeddable":true,"href":"https:\/\/www.makitamarket.com.tr\/site\/wp-json\/wp\/v2\/product_cat?post=12590"},{"taxonomy":"product_tag","embeddable":true,"href":"https:\/\/www.makitamarket.com.tr\/site\/wp-json\/wp\/v2\/product_tag?post=12590"}],"curies":[{"name":"wp","href":"https:\/\/api.w.org\/{rel}","templated":true}]}}