{"id":12596,"date":"2024-11-27T22:43:21","date_gmt":"2024-11-27T19:43:21","guid":{"rendered":"https:\/\/www.makitamarket.com.tr\/site\/urun\/makita-li-ion-serisi-aku-14-4-v-1-5ah-bl1415n-2\/"},"modified":"2026-04-06T14:09:18","modified_gmt":"2026-04-06T11:09:18","slug":"makita-li-ion-serisi-aku-14-4-v-1-5ah-bl1415n-2","status":"publish","type":"product","link":"https:\/\/www.makitamarket.com.tr\/site\/urun\/makita-li-ion-serisi-aku-14-4-v-1-5ah-bl1415n-2\/","title":{"rendered":"Makita 196875-4 L\u0130 &#8211; \u0130ON SER\u0130S\u0130 AK\u00dc 14.4 V 1.5AH BL1415N"},"content":{"rendered":"<div>\n\tLityum-iyon ak\u00fcler Ni-Cd ve Ni-Mh ak\u00fclere g\u00f6re %40 daha hafif ve %430 ekstra uzun ya\u015fam \u00f6mr\u00fc sunar.<\/div>\n<div id=\"cke_pastebin\">\n\tBL1415N Lityum-iyon ak\u00fc sadece yakla\u015f\u0131k 15 dakika i\u00e7inde tam \u015farja ula\u015f\u0131r. (DC18RC \u015farj makinas\u0131 ile)<\/div>\n<div>\n\tBu nedenle \u00a0k\u0131sa zamanda tam \u015farja ula\u015fmas\u0131 daha fazla \u00e7al\u0131\u015fma s\u00fcresi sa\u011flar ve daha az zaman harcar.<\/div>\n<div>\n\tDahili bellek haf\u0131zas\u0131 kullan\u0131m ge\u00e7mi\u015fini ezberler ve \u015farj cihaz\u0131 ile ileti\u015fim kurar.<\/div>\n<div id=\"cke_pastebin\">\n\tLityum pil \u00f6zelli\u011fi sayesinde kendi kendine de\u015farj olur ve hatta \u015farj depolamas\u0131 ile birlikte uzun s\u00fcre sonra kullan\u0131ma haz\u0131r halde bulunur<\/div>\n<div id=\"cke_pastebin\">\n\t\u015earj cihaz\u0131nda bulunan dahili fan pil \u00f6mr\u00fcn\u00fc en \u00fcst d\u00fczeye \u00e7\u0131kar\u0131r ve \u015farj s\u0131ras\u0131nda pili so\u011futur<\/div>\n<div id=\"cke_pastebin\">\n\t\u00a0<\/div>\n<div>\n\t\u00a0<\/div>\n<table border=\"1\" cellpadding=\"1\" cellspacing=\"1\" style=\"width: 200px;\">\n<tbody>\n<tr>\n<td>\n\t\t\t\tAk\u00fc Kapasitesi<\/td>\n<td>\n\t\t\t\t1.5 Ah<\/td>\n<\/tr>\n<tr>\n<td>\n\t\t\t\tPil Voltaj\u0131<\/td>\n<td>\n\t\t\t\t14 V<\/td>\n<\/tr>\n<tr>\n<td>\n\t\t\t\t\u015earj S\u00fcresi<\/td>\n<td>\n\t\t\t\tYakla\u015f\u0131k 15 dk.<\/td>\n<\/tr>\n<tr>\n<td>\n\t\t\t\tA\u011f\u0131rl\u0131k<\/td>\n<td>\n\t\t\t\t320 gr.<\/td>\n<\/tr>\n<tr>\n<td>\n\t\t\t\tKullan\u0131m Tipi<\/td>\n<td>\n\t\t\t\tS\u00fcrg\u00fcl\u00fc<\/td>\n<\/tr>\n<\/tbody>\n<\/table>\n<div>\n\t\u00a0<\/div>\n<p>\n\t<img decoding=\"async\" alt=\"\" src=\"https:\/\/www.reismakina.com\/images\/stories\/makita\/2015_Urun Katalogu-43.jpg\" style=\"width: 700px; height: 698px;\" \/><\/p>\n<table>\n<tr>\n<td>Model<\/td>\n<td>BL1415N<\/td>\n<\/tr>\n<tr>\n<td>G\u00fc\u00e7 \/ Kapasite<\/td>\n<td>14.4 V \/ 1.5 Ah \/ Li-ION<\/td>\n<\/tr>\n<tr>\n<td>A\u00e7\u0131klama<\/td>\n<td>S\u00fcrg\u00fcl\u00fc<\/td>\n<\/tr>\n<\/table>\n","protected":false},"excerpt":{"rendered":"<div>\n\tLityum-iyon ak\u00fcler Ni-Cd ve Ni-Mh ak\u00fclere g\u00f6re %40 daha hafif ve %430 ekstra uzun ya\u015fam \u00f6mr\u00fc sunar.<\/div>\n<div id=\"cke_pastebin\">\n\tBL1415N Lityum-iyon ak\u00fc sadece yakla\u015f\u0131k 15 dakika i\u00e7inde tam \u015farja ula\u015f\u0131r. (DC18RC \u015farj makinas\u0131 ile)<\/div>\n<div>\n\tBu nedenle \u00a0k\u0131sa zamanda tam \u015farja ula\u015fmas\u0131 daha fazla \u00e7al\u0131\u015fma s\u00fcresi sa\u011flar ve daha az zaman harcar.<\/div>\n<div>\n\tDahili bellek haf\u0131zas\u0131 kullan\u0131m ge\u00e7mi\u015fini ezberler ve \u015farj cihaz\u0131 ile ileti\u015fim kurar.<\/div>\n<div id=\"cke_pastebin\">\n\tLityum pil \u00f6zelli\u011fi sayesinde kendi kendine de\u015farj olur ve hatta \u015farj depolamas\u0131 ile birlikte uzun s\u00fcre sonra kullan\u0131ma haz\u0131r halde bulunur<\/div>\n<div id=\"cke_pastebin\">\n\t\u015earj cihaz\u0131nda bulunan dahili fan pil \u00f6mr\u00fcn\u00fc en \u00fcst d\u00fczeye \u00e7\u0131kar\u0131r ve \u015farj s\u0131ras\u0131nda pili so\u011futur<\/div>\n<div id=\"cke_pastebin\">\n\t\u00a0<\/div>\n<div>\n\t\u00a0<\/div>\n<table border=\"1\" cellpadding=\"1\" cellspacing=\"1\" style=\"width: 200px;\">\n<tbody>\n<tr>\n<td>\n\t\t\t\tAk\u00fc Kapasitesi<\/td>\n<td>\n\t\t\t\t1.5 Ah<\/td>\n<\/tr>\n<tr>\n<td>\n\t\t\t\tPil Voltaj\u0131<\/td>\n<td>\n\t\t\t\t14 V<\/td>\n<\/tr>\n<tr>\n<td>\n\t\t\t\t\u015earj S\u00fcresi<\/td>\n<td>\n\t\t\t\tYakla\u015f\u0131k 15 dk.<\/td>\n<\/tr>\n<tr>\n<td>\n\t\t\t\tA\u011f\u0131rl\u0131k<\/td>\n<td>\n\t\t\t\t320 gr.<\/td>\n<\/tr>\n<tr>\n<td>\n\t\t\t\tKullan\u0131m Tipi<\/td>\n<td>\n\t\t\t\tS\u00fcrg\u00fcl\u00fc<\/td>\n<\/tr>\n<\/tbody>\n<\/table>\n<div>\n\t\u00a0<\/div>\n<p>\n\t<img decoding=\"async\" alt=\"\" src=\"https:\/\/www.reismakina.com\/images\/stories\/makita\/2015_Urun Katalogu-43.jpg\" style=\"width: 700px; height: 698px;\" \/><\/p>\n","protected":false},"featured_media":12595,"comment_status":"open","ping_status":"closed","template":"","meta":{"_acf_changed":false},"product_brand":[1485],"product_cat":[989],"product_tag":[],"class_list":{"0":"post-12596","1":"product","2":"type-product","3":"status-publish","4":"has-post-thumbnail","6":"product_brand-makita","7":"product_cat-lityum-iyon-akuler","9":"first","10":"outofstock","11":"taxable","12":"shipping-taxable","13":"purchasable","14":"product-type-simple","15":"add-to-wishlist-after_add_to_cart"},"acf":[],"_links":{"self":[{"href":"https:\/\/www.makitamarket.com.tr\/site\/wp-json\/wp\/v2\/product\/12596","targetHints":{"allow":["GET"]}}],"collection":[{"href":"https:\/\/www.makitamarket.com.tr\/site\/wp-json\/wp\/v2\/product"}],"about":[{"href":"https:\/\/www.makitamarket.com.tr\/site\/wp-json\/wp\/v2\/types\/product"}],"replies":[{"embeddable":true,"href":"https:\/\/www.makitamarket.com.tr\/site\/wp-json\/wp\/v2\/comments?post=12596"}],"wp:featuredmedia":[{"embeddable":true,"href":"https:\/\/www.makitamarket.com.tr\/site\/wp-json\/wp\/v2\/media\/12595"}],"wp:attachment":[{"href":"https:\/\/www.makitamarket.com.tr\/site\/wp-json\/wp\/v2\/media?parent=12596"}],"wp:term":[{"taxonomy":"product_brand","embeddable":true,"href":"https:\/\/www.makitamarket.com.tr\/site\/wp-json\/wp\/v2\/product_brand?post=12596"},{"taxonomy":"product_cat","embeddable":true,"href":"https:\/\/www.makitamarket.com.tr\/site\/wp-json\/wp\/v2\/product_cat?post=12596"},{"taxonomy":"product_tag","embeddable":true,"href":"https:\/\/www.makitamarket.com.tr\/site\/wp-json\/wp\/v2\/product_tag?post=12596"}],"curies":[{"name":"wp","href":"https:\/\/api.w.org\/{rel}","templated":true}]}}