{"id":12604,"date":"2024-11-27T22:43:23","date_gmt":"2024-11-27T19:43:23","guid":{"rendered":"https:\/\/www.makitamarket.com.tr\/site\/urun\/knipex-cift-bicakli-kablo-makasi-200-mm\/"},"modified":"2026-04-06T14:21:54","modified_gmt":"2026-04-06T11:21:54","slug":"knipex-cift-bicakli-kablo-makasi-200-mm","status":"publish","type":"product","link":"https:\/\/www.makitamarket.com.tr\/site\/urun\/knipex-cift-bicakli-kablo-makasi-200-mm\/","title":{"rendered":"Knipex 9511200 \u00c7\u0130FT BI\u00c7AKLI KABLO MAKASI 200 mm"},"content":{"rendered":"<p><b>95 11 200 Kablo Makas\u0131<\/b><br \/>Ezmeden d\u00fcz ve temiz bir \u015fekilde keser. Kesim i\u015fleminin \u00f6n kesim (izolasyon k\u0131l\u0131f\u0131 \u00f6n kesici b\u00f6l\u00fcm\u00fcnde) ve bitirme kesimi (iletken arka kesici b\u00f6l\u00fcm\u00fcnde) \u015feklinde b\u00f6l\u00fcnmesi sayesinde tek elle kullan\u0131mda \u00e7ap\u0131 20 mm&#8217;ye kablolar kesilebilir. Parmaklar\u0131n s\u0131k\u0131\u015fmas\u0131n\u0131 \u00f6nleyen tasar\u0131ma sahiptir. Bak\u0131r ve al\u00fcminyum kablolar\u0131n kesilmesi i\u00e7in. \u00c7elik tel ve sert \u00e7ekilmi\u015f bak\u0131r iletkenler i\u00e7in uygun de\u011fildir. Hassas ta\u015flanm\u0131\u015f, sertle\u015ftirilmi\u015f kesiciler. Uygun aktar\u0131m oranlar\u0131 ve \u00f6zel kesici geometrisi sayesinde az kuvvet sarfedilir. Ayarlanabilir vidal\u0131 mafsal, kendili\u011finden emniyetlemeli. <\/p>\n<li><b>Bak\u0131r kablo kesim de\u011feri, \u00e7ok telli: <\/b>70 mm\u00b2<\/li>\n<li><b>Bak\u0131r kablo kesim de\u011feri, \u00e7ok telli: <\/b>\u00d8 20 mm<\/li>\n<li><b>AWG: <\/b>2 \/ 0 <\/li>\n<table>\n<tr>\n<td>Kafa<\/td>\n<td>Siyah<\/td>\n<\/tr>\n<tr>\n<td>Sap<\/td>\n<td>\u0130nce \u0130zole<\/td>\n<\/tr>\n<tr>\n<td>Uzunluk<\/td>\n<td>200<\/td>\n<\/tr>\n<tr>\n<td>\u00c7ok \u0130letkenli Kablo<\/td>\n<td>20\u00f8mm, 70mm\u00b2<\/td>\n<\/tr>\n<tr>\n<td>A\u011f\u0131rl\u0131k<\/td>\n<td>283 gr<\/td>\n<\/tr>\n<\/table>\n","protected":false},"excerpt":{"rendered":"<p><b>95 11 200 Kablo Makas\u0131<\/b><br \/>Ezmeden d\u00fcz ve temiz bir \u015fekilde keser. Kesim i\u015fleminin \u00f6n kesim (izolasyon k\u0131l\u0131f\u0131 \u00f6n kesici b\u00f6l\u00fcm\u00fcnde) ve bitirme kesimi (iletken arka kesici b\u00f6l\u00fcm\u00fcnde) \u015feklinde b\u00f6l\u00fcnmesi sayesinde tek elle kullan\u0131mda \u00e7ap\u0131 20 mm&#8217;ye kablolar kesilebilir. Parmaklar\u0131n s\u0131k\u0131\u015fmas\u0131n\u0131 \u00f6nleyen tasar\u0131ma sahiptir. Bak\u0131r ve al\u00fcminyum kablolar\u0131n kesilmesi i\u00e7in. \u00c7elik tel ve sert \u00e7ekilmi\u015f bak\u0131r iletkenler i\u00e7in uygun de\u011fildir. Hassas ta\u015flanm\u0131\u015f, sertle\u015ftirilmi\u015f kesiciler. Uygun aktar\u0131m oranlar\u0131 ve \u00f6zel kesici geometrisi sayesinde az kuvvet sarfedilir. Ayarlanabilir vidal\u0131 mafsal, kendili\u011finden emniyetlemeli. <\/p>\n<li><b>Bak\u0131r kablo kesim de\u011feri, \u00e7ok telli: <\/b>70 mm\u00b2<\/li>\n<li><b>Bak\u0131r kablo kesim de\u011feri, \u00e7ok telli: <\/b>\u00d8 20 mm<\/li>\n<li><b>AWG: <\/b>2 \/ 0 <\/li>\n","protected":false},"featured_media":13181,"comment_status":"open","ping_status":"closed","template":"","meta":{"_acf_changed":false},"product_brand":[1486],"product_cat":[833],"product_tag":[],"class_list":{"0":"post-12604","1":"product","2":"type-product","3":"status-publish","4":"has-post-thumbnail","6":"product_brand-knipex","7":"product_cat-makaslar","9":"first","10":"instock","11":"taxable","12":"shipping-taxable","13":"purchasable","14":"product-type-simple","15":"add-to-wishlist-after_add_to_cart"},"acf":[],"_links":{"self":[{"href":"https:\/\/www.makitamarket.com.tr\/site\/wp-json\/wp\/v2\/product\/12604","targetHints":{"allow":["GET"]}}],"collection":[{"href":"https:\/\/www.makitamarket.com.tr\/site\/wp-json\/wp\/v2\/product"}],"about":[{"href":"https:\/\/www.makitamarket.com.tr\/site\/wp-json\/wp\/v2\/types\/product"}],"replies":[{"embeddable":true,"href":"https:\/\/www.makitamarket.com.tr\/site\/wp-json\/wp\/v2\/comments?post=12604"}],"wp:featuredmedia":[{"embeddable":true,"href":"https:\/\/www.makitamarket.com.tr\/site\/wp-json\/wp\/v2\/media\/13181"}],"wp:attachment":[{"href":"https:\/\/www.makitamarket.com.tr\/site\/wp-json\/wp\/v2\/media?parent=12604"}],"wp:term":[{"taxonomy":"product_brand","embeddable":true,"href":"https:\/\/www.makitamarket.com.tr\/site\/wp-json\/wp\/v2\/product_brand?post=12604"},{"taxonomy":"product_cat","embeddable":true,"href":"https:\/\/www.makitamarket.com.tr\/site\/wp-json\/wp\/v2\/product_cat?post=12604"},{"taxonomy":"product_tag","embeddable":true,"href":"https:\/\/www.makitamarket.com.tr\/site\/wp-json\/wp\/v2\/product_tag?post=12604"}],"curies":[{"name":"wp","href":"https:\/\/api.w.org\/{rel}","templated":true}]}}