{"id":12616,"date":"2024-11-27T22:43:25","date_gmt":"2024-11-27T19:43:25","guid":{"rendered":"https:\/\/www.makitamarket.com.tr\/site\/urun\/uni-t-uni-t-ut161d-dijital-true-rms-multimetre\/"},"modified":"2026-04-06T14:09:59","modified_gmt":"2026-04-06T11:09:59","slug":"uni-t-uni-t-ut161d-dijital-true-rms-multimetre","status":"publish","type":"product","link":"https:\/\/www.makitamarket.com.tr\/site\/urun\/uni-t-uni-t-ut161d-dijital-true-rms-multimetre\/","title":{"rendered":"Uni-t UT61D+ UNI &#8211; T UT161D+ D\u0130J\u0130TAL TRUE RMS MULT\u0130METRE"},"content":{"rendered":"<p>\n\tTrue RMS, Veri Tutma,<\/p>\n<p>\n\tArka LCD Ekran Ayd\u0131nlatmas\u0131,<\/p>\n<p>\n\tLoZ ACV,<\/p>\n<p>\n\tMaks\/Min\/Ba\u011f\u0131 Mod,<\/p>\n<p>\n\tUSB Ba\u011flant\u0131s\u0131,<\/p>\n<p>\n\tGiri\u015f Korumas\u0131,<\/p>\n<p>\n\tPeak Hold,<\/p>\n<p>\n\tDiyot\/S\u00fcreklilik Testi,<\/p>\n<p>\n\tNCV (Sesli\/G\u00f6rsel Alarm<\/p>\n<table>\n<tr>\n<td>AC Voltaj (V)<\/td>\n<td>1000V \u00b1(1%+3)<\/td>\n<\/tr>\n<tr>\n<td>DC Voltaj (V)<\/td>\n<td>1000V \u00b1(0.5%+3)<\/td>\n<\/tr>\n<tr>\n<td>AC Ak\u0131m (A)<\/td>\n<td>20A \u00b1(1.2%+5)<\/td>\n<\/tr>\n<tr>\n<td>DC Ak\u0131m (A)<\/td>\n<td>20A \u00b1(1%+2)<\/td>\n<\/tr>\n<tr>\n<td>Diren\u00e7  (\u2126)<\/td>\n<td>60M\u03a9 \u00b1(1%+2)<\/td>\n<\/tr>\n<tr>\n<td>Kapasitans (F)<\/td>\n<td>60mF \u00b1(3%+5)<\/td>\n<\/tr>\n<tr>\n<td>Frekans (Hz)<\/td>\n<td>100MHz \u00b1(0.1%+4)<\/td>\n<\/tr>\n<tr>\n<td>G\u00f6rev D\u00f6ng\u00fcs\u00fc<\/td>\n<td>0.1%~99.9% \u00b1(2%+5)<\/td>\n<\/tr>\n<tr>\n<td>S\u0131cakl\u0131k<\/td>\n<td>-40 \u00b0C~1000\u00b0C \u00b1(1%+3)<\/td>\n<\/tr>\n<tr>\n<td>G\u00f6r\u00fcnt\u00fcleme Say\u0131s\u0131<\/td>\n<td>6000<\/td>\n<\/tr>\n<tr>\n<td>Bant Geni\u015fli\u011fi (Hz)<\/td>\n<td>40Hz~1kHz<\/td>\n<\/tr>\n<tr>\n<td>Analog Bar<\/td>\n<td>31<\/td>\n<\/tr>\n<tr>\n<td>Batarya<\/td>\n<td>1.5 Pil (R03) x 4<\/td>\n<\/tr>\n<tr>\n<td>\u00dcr\u00fcn A\u011f\u0131rl\u0131\u011f\u0131<\/td>\n<td>350g<\/td>\n<\/tr>\n<tr>\n<td>\u00dcr\u00fcn Boyutu<\/td>\n<td>190 x 90 x 50mm<\/td>\n<\/tr>\n<\/table>\n","protected":false},"excerpt":{"rendered":"<p>\n\tTrue RMS, Veri Tutma,<\/p>\n<p>\n\tArka LCD Ekran Ayd\u0131nlatmas\u0131,<\/p>\n<p>\n\tLoZ ACV,<\/p>\n<p>\n\tMaks\/Min\/Ba\u011f\u0131 Mod,<\/p>\n<p>\n\tUSB Ba\u011flant\u0131s\u0131,<\/p>\n<p>\n\tGiri\u015f Korumas\u0131,<\/p>\n<p>\n\tPeak Hold,<\/p>\n<p>\n\tDiyot\/S\u00fcreklilik Testi,<\/p>\n<p>\n\tNCV (Sesli\/G\u00f6rsel Alarm<\/p>\n","protected":false},"featured_media":12615,"comment_status":"open","ping_status":"closed","template":"","meta":{"_acf_changed":false},"product_brand":[1531],"product_cat":[1080],"product_tag":[],"class_list":{"0":"post-12616","1":"product","2":"type-product","3":"status-publish","4":"has-post-thumbnail","6":"product_brand-uni-t","7":"product_cat-dijital-multimetreler","9":"first","10":"instock","11":"taxable","12":"shipping-taxable","13":"purchasable","14":"product-type-simple","15":"add-to-wishlist-after_add_to_cart"},"acf":[],"_links":{"self":[{"href":"https:\/\/www.makitamarket.com.tr\/site\/wp-json\/wp\/v2\/product\/12616","targetHints":{"allow":["GET"]}}],"collection":[{"href":"https:\/\/www.makitamarket.com.tr\/site\/wp-json\/wp\/v2\/product"}],"about":[{"href":"https:\/\/www.makitamarket.com.tr\/site\/wp-json\/wp\/v2\/types\/product"}],"replies":[{"embeddable":true,"href":"https:\/\/www.makitamarket.com.tr\/site\/wp-json\/wp\/v2\/comments?post=12616"}],"wp:featuredmedia":[{"embeddable":true,"href":"https:\/\/www.makitamarket.com.tr\/site\/wp-json\/wp\/v2\/media\/12615"}],"wp:attachment":[{"href":"https:\/\/www.makitamarket.com.tr\/site\/wp-json\/wp\/v2\/media?parent=12616"}],"wp:term":[{"taxonomy":"product_brand","embeddable":true,"href":"https:\/\/www.makitamarket.com.tr\/site\/wp-json\/wp\/v2\/product_brand?post=12616"},{"taxonomy":"product_cat","embeddable":true,"href":"https:\/\/www.makitamarket.com.tr\/site\/wp-json\/wp\/v2\/product_cat?post=12616"},{"taxonomy":"product_tag","embeddable":true,"href":"https:\/\/www.makitamarket.com.tr\/site\/wp-json\/wp\/v2\/product_tag?post=12616"}],"curies":[{"name":"wp","href":"https:\/\/api.w.org\/{rel}","templated":true}]}}