{"id":12623,"date":"2024-11-27T22:44:08","date_gmt":"2024-11-27T19:44:08","guid":{"rendered":"https:\/\/www.makitamarket.com.tr\/site\/urun\/knipex-hortum-ve-boru-kesme-makasi-185-mm\/"},"modified":"2026-03-30T08:23:22","modified_gmt":"2026-03-30T05:23:22","slug":"knipex-hortum-ve-boru-kesme-makasi-185-mm","status":"publish","type":"product","link":"https:\/\/www.makitamarket.com.tr\/site\/urun\/knipex-hortum-ve-boru-kesme-makasi-185-mm\/","title":{"rendered":"Knipex 9010185 HORTUM VE BORU KESME MAKASI 185 mm"},"content":{"rendered":"<p><b>90 10 185 \u00c7ok katmanl\u0131 ve pn\u00f6matik borular i\u00e7in boru kesici<\/b><br \/>Piyasada yayg\u0131n olarak kullan\u0131lan \u00d8 4 &#8211; 20 mm aras\u0131 geni\u015fli\u011findeki t\u00fcm s\u0131v\u0131 ileten, \u00e7ok katmanl\u0131 ve pn\u00f6matik hortumlar\/borular i\u00e7in idealdir. Dik a\u00e7\u0131l\u0131 konumland\u0131rma i\u00e7in destek par\u00e7as\u0131 ile. S\u00fcrekli kullan\u0131m gerektiren i\u015fler i\u00e7in d\u00fc\u015f\u00fck kuvvet gereksinimi ve yay destekli otomatik a\u00e7\u0131lma mekanizmas\u0131 ile kullan\u0131m\u0131 olduk\u00e7a rahatt\u0131r. De\u011fi\u015ftirilebilir b\u0131\u00e7ak. A\u00e7ma yay\u0131 ve blokaj mandal\u0131 ile. Cam elyaf takviyeli plastikten yap\u0131lm\u0131\u015f ergonomik tutamaklar. Kablo kesimi i\u00e7in uygun de\u011fildir. <\/p>\n<li><b>Kesme kapasiteleri (\u00e7ap): <\/b>\u00d8 4 \u2013 20 mm<\/li>\n<li><b>B\u0131\u00e7ak boyu mm: <\/b>25 mm<\/li>\n<table>\n<tr>\n<td>Uzunluk<\/td>\n<td>185<\/td>\n<\/tr>\n<tr>\n<td>Kesme Kapasitesi<\/td>\n<td>4-20 mm<\/td>\n<\/tr>\n<tr>\n<td>B\u0131\u00e7ak boyu<\/td>\n<td>25 mm<\/td>\n<\/tr>\n<tr>\n<td>A\u011f\u0131rl\u0131k<\/td>\n<td>185 gr<\/td>\n<\/tr>\n<\/table>\n","protected":false},"excerpt":{"rendered":"<p><b>90 10 185 \u00c7ok katmanl\u0131 ve pn\u00f6matik borular i\u00e7in boru kesici<\/b><br \/>Piyasada yayg\u0131n olarak kullan\u0131lan \u00d8 4 &#8211; 20 mm aras\u0131 geni\u015fli\u011findeki t\u00fcm s\u0131v\u0131 ileten, \u00e7ok katmanl\u0131 ve pn\u00f6matik hortumlar\/borular i\u00e7in idealdir. Dik a\u00e7\u0131l\u0131 konumland\u0131rma i\u00e7in destek par\u00e7as\u0131 ile. S\u00fcrekli kullan\u0131m gerektiren i\u015fler i\u00e7in d\u00fc\u015f\u00fck kuvvet gereksinimi ve yay destekli otomatik a\u00e7\u0131lma mekanizmas\u0131 ile kullan\u0131m\u0131 olduk\u00e7a rahatt\u0131r. De\u011fi\u015ftirilebilir b\u0131\u00e7ak. A\u00e7ma yay\u0131 ve blokaj mandal\u0131 ile. Cam elyaf takviyeli plastikten yap\u0131lm\u0131\u015f ergonomik tutamaklar. Kablo kesimi i\u00e7in uygun de\u011fildir. <\/p>\n<li><b>Kesme kapasiteleri (\u00e7ap): <\/b>\u00d8 4 \u2013 20 mm<\/li>\n<li><b>B\u0131\u00e7ak boyu mm: <\/b>25 mm<\/li>\n","protected":false},"featured_media":12622,"comment_status":"open","ping_status":"closed","template":"","meta":{"_acf_changed":false},"product_brand":[1486],"product_cat":[1163],"product_tag":[],"class_list":{"0":"post-12623","1":"product","2":"type-product","3":"status-publish","4":"has-post-thumbnail","6":"product_brand-knipex","7":"product_cat-plastik-boru-kesiciler-ve-bicaklar","9":"first","10":"instock","11":"taxable","12":"shipping-taxable","13":"purchasable","14":"product-type-simple","15":"add-to-wishlist-after_add_to_cart"},"acf":[],"_links":{"self":[{"href":"https:\/\/www.makitamarket.com.tr\/site\/wp-json\/wp\/v2\/product\/12623","targetHints":{"allow":["GET"]}}],"collection":[{"href":"https:\/\/www.makitamarket.com.tr\/site\/wp-json\/wp\/v2\/product"}],"about":[{"href":"https:\/\/www.makitamarket.com.tr\/site\/wp-json\/wp\/v2\/types\/product"}],"replies":[{"embeddable":true,"href":"https:\/\/www.makitamarket.com.tr\/site\/wp-json\/wp\/v2\/comments?post=12623"}],"wp:featuredmedia":[{"embeddable":true,"href":"https:\/\/www.makitamarket.com.tr\/site\/wp-json\/wp\/v2\/media\/12622"}],"wp:attachment":[{"href":"https:\/\/www.makitamarket.com.tr\/site\/wp-json\/wp\/v2\/media?parent=12623"}],"wp:term":[{"taxonomy":"product_brand","embeddable":true,"href":"https:\/\/www.makitamarket.com.tr\/site\/wp-json\/wp\/v2\/product_brand?post=12623"},{"taxonomy":"product_cat","embeddable":true,"href":"https:\/\/www.makitamarket.com.tr\/site\/wp-json\/wp\/v2\/product_cat?post=12623"},{"taxonomy":"product_tag","embeddable":true,"href":"https:\/\/www.makitamarket.com.tr\/site\/wp-json\/wp\/v2\/product_tag?post=12623"}],"curies":[{"name":"wp","href":"https:\/\/api.w.org\/{rel}","templated":true}]}}