{"id":12648,"date":"2024-11-27T22:50:12","date_gmt":"2024-11-27T19:50:12","guid":{"rendered":"https:\/\/www.makitamarket.com.tr\/site\/urun\/virax-virax-1362-95-1-8-1-1-4-pafta-kolu\/"},"modified":"2026-03-30T08:23:27","modified_gmt":"2026-03-30T05:23:27","slug":"virax-virax-1362-95-1-8-1-1-4-pafta-kolu","status":"publish","type":"product","link":"https:\/\/www.makitamarket.com.tr\/site\/urun\/virax-virax-1362-95-1-8-1-1-4-pafta-kolu\/","title":{"rendered":"Virax 136295 VIRAX 1362 95 1\/8&#8243; &#8211; 1 1\/4&#8243; PAFTA KOLU"},"content":{"rendered":"<p>\n\t<strong>\u00c7elikten yap\u0131lm\u0131\u015f Virax pafta kollar\u0131.<\/strong><\/p>\n<table>\n<tr>\n<td>Pafta Aral\u0131\u011f\u0131<\/td>\n<td>1\/8&#8243; &#8211; 1 1\/4&#8243;<\/td>\n<\/tr>\n<tr>\n<td>A\u011f\u0131rl\u0131k<\/td>\n<td>2,05 kg<\/td>\n<\/tr>\n<tr>\n<td>C\u0131rc\u0131r Tipi<\/td>\n<td>Tek C\u0131rc\u0131r<\/td>\n<\/tr>\n<tr>\n<td>Par\u00e7a Adeti<\/td>\n<td>2 Par\u00e7a<\/td>\n<\/tr>\n<\/table>\n","protected":false},"excerpt":{"rendered":"<p>\n\t<strong>\u00c7elikten yap\u0131lm\u0131\u015f Virax pafta kollar\u0131.<\/strong><\/p>\n","protected":false},"featured_media":12647,"comment_status":"open","ping_status":"closed","template":"","meta":{"_acf_changed":false},"product_brand":[1495],"product_cat":[1154],"product_tag":[],"class_list":{"0":"post-12648","1":"product","2":"type-product","3":"status-publish","4":"has-post-thumbnail","6":"product_brand-virax","7":"product_cat-manuel-el-tipi-pafta-kollari","9":"first","10":"instock","11":"taxable","12":"shipping-taxable","13":"purchasable","14":"product-type-simple","15":"add-to-wishlist-after_add_to_cart"},"acf":[],"_links":{"self":[{"href":"https:\/\/www.makitamarket.com.tr\/site\/wp-json\/wp\/v2\/product\/12648","targetHints":{"allow":["GET"]}}],"collection":[{"href":"https:\/\/www.makitamarket.com.tr\/site\/wp-json\/wp\/v2\/product"}],"about":[{"href":"https:\/\/www.makitamarket.com.tr\/site\/wp-json\/wp\/v2\/types\/product"}],"replies":[{"embeddable":true,"href":"https:\/\/www.makitamarket.com.tr\/site\/wp-json\/wp\/v2\/comments?post=12648"}],"wp:featuredmedia":[{"embeddable":true,"href":"https:\/\/www.makitamarket.com.tr\/site\/wp-json\/wp\/v2\/media\/12647"}],"wp:attachment":[{"href":"https:\/\/www.makitamarket.com.tr\/site\/wp-json\/wp\/v2\/media?parent=12648"}],"wp:term":[{"taxonomy":"product_brand","embeddable":true,"href":"https:\/\/www.makitamarket.com.tr\/site\/wp-json\/wp\/v2\/product_brand?post=12648"},{"taxonomy":"product_cat","embeddable":true,"href":"https:\/\/www.makitamarket.com.tr\/site\/wp-json\/wp\/v2\/product_cat?post=12648"},{"taxonomy":"product_tag","embeddable":true,"href":"https:\/\/www.makitamarket.com.tr\/site\/wp-json\/wp\/v2\/product_tag?post=12648"}],"curies":[{"name":"wp","href":"https:\/\/api.w.org\/{rel}","templated":true}]}}