{"id":12650,"date":"2024-11-27T22:50:13","date_gmt":"2024-11-27T19:50:13","guid":{"rendered":"https:\/\/www.makitamarket.com.tr\/site\/urun\/edn-edn-vwp-300-laminant-testere\/"},"modified":"2026-03-30T08:23:27","modified_gmt":"2026-03-30T05:23:27","slug":"edn-edn-vwp-300-laminant-testere","status":"publish","type":"product","link":"https:\/\/www.makitamarket.com.tr\/site\/urun\/edn-edn-vwp-300-laminant-testere\/","title":{"rendered":"Edn VWP30094 EDN VWP 300 LAM\u0130NANT TESTERE"},"content":{"rendered":"<div>\n\t\u2022 Ses azalt\u0131lm\u0131\u015f \u2022 35\u00ba di\u015f a\u00e7\u0131l\u0131 hassas testereler tezgah tipi panel ve g\u00f6nye kesim testereleri i\u00e7in ideal \u2022 Vernikli levhalar\u0131n \u00e7ok temiz kesimi i\u00e7in ayr\u0131ca sert ah\u015fapta a\u00e7\u0131l\u0131 ve boylamas\u0131na kesim i\u00e7in idealdir. \u2022 MDF, sunta, laminant ve vernikli levha kesimi i\u00e7in<\/div>\n<table>\n<tr>\n<td>\u00c7ap<\/td>\n<td>300<\/td>\n<\/tr>\n<tr>\n<td>G\u00f6bek<\/td>\n<td>30<\/td>\n<\/tr>\n<tr>\n<td>Kal\u0131nl\u0131k<\/td>\n<td>3,2<\/td>\n<\/tr>\n<tr>\n<td>Di\u015f<\/td>\n<td>96 di\u015f<\/td>\n<\/tr>\n<\/table>\n","protected":false},"excerpt":{"rendered":"<div>\n\t\u2022 Ses azalt\u0131lm\u0131\u015f \u2022 35\u00ba di\u015f a\u00e7\u0131l\u0131 hassas testereler tezgah tipi panel ve g\u00f6nye kesim testereleri i\u00e7in ideal \u2022 Vernikli levhalar\u0131n \u00e7ok temiz kesimi i\u00e7in ayr\u0131ca sert ah\u015fapta a\u00e7\u0131l\u0131 ve boylamas\u0131na kesim i\u00e7in idealdir. \u2022 MDF, sunta, laminant ve vernikli levha kesimi i\u00e7in<\/div>\n","protected":false},"featured_media":12649,"comment_status":"open","ping_status":"closed","template":"","meta":{"_acf_changed":false},"product_brand":[1542],"product_cat":[1068],"product_tag":[],"class_list":{"0":"post-12650","1":"product","2":"type-product","3":"status-publish","4":"has-post-thumbnail","6":"product_brand-edn","7":"product_cat-testereler-aksesuarlar-aksesuarlar","9":"first","10":"instock","11":"taxable","12":"shipping-taxable","13":"purchasable","14":"product-type-simple","15":"add-to-wishlist-after_add_to_cart"},"acf":[],"_links":{"self":[{"href":"https:\/\/www.makitamarket.com.tr\/site\/wp-json\/wp\/v2\/product\/12650","targetHints":{"allow":["GET"]}}],"collection":[{"href":"https:\/\/www.makitamarket.com.tr\/site\/wp-json\/wp\/v2\/product"}],"about":[{"href":"https:\/\/www.makitamarket.com.tr\/site\/wp-json\/wp\/v2\/types\/product"}],"replies":[{"embeddable":true,"href":"https:\/\/www.makitamarket.com.tr\/site\/wp-json\/wp\/v2\/comments?post=12650"}],"wp:featuredmedia":[{"embeddable":true,"href":"https:\/\/www.makitamarket.com.tr\/site\/wp-json\/wp\/v2\/media\/12649"}],"wp:attachment":[{"href":"https:\/\/www.makitamarket.com.tr\/site\/wp-json\/wp\/v2\/media?parent=12650"}],"wp:term":[{"taxonomy":"product_brand","embeddable":true,"href":"https:\/\/www.makitamarket.com.tr\/site\/wp-json\/wp\/v2\/product_brand?post=12650"},{"taxonomy":"product_cat","embeddable":true,"href":"https:\/\/www.makitamarket.com.tr\/site\/wp-json\/wp\/v2\/product_cat?post=12650"},{"taxonomy":"product_tag","embeddable":true,"href":"https:\/\/www.makitamarket.com.tr\/site\/wp-json\/wp\/v2\/product_tag?post=12650"}],"curies":[{"name":"wp","href":"https:\/\/api.w.org\/{rel}","templated":true}]}}