{"id":12654,"date":"2024-11-27T22:50:14","date_gmt":"2024-11-27T19:50:14","guid":{"rendered":"https:\/\/www.makitamarket.com.tr\/site\/urun\/bmi-bmi-509-tip-sakullu-metre-20mt\/"},"modified":"2026-03-30T08:23:29","modified_gmt":"2026-03-30T05:23:29","slug":"bmi-bmi-509-tip-sakullu-metre-20mt","status":"publish","type":"product","link":"https:\/\/www.makitamarket.com.tr\/site\/urun\/bmi-bmi-509-tip-sakullu-metre-20mt\/","title":{"rendered":"Bmi 509 TIP 20M SKL BMI 509 T\u0130P \u015eAK\u00dcLL\u00dc METRE 20mt"},"content":{"rendered":"<div>\n\t<span dir=\"ltr\" role=\"presentation\" style=\"left: 854.26px; top: 302.139px; font-size: 11.6667px; font-family: sans-serif; transform: scaleX(0.8715);\">Paslanmaz \u00e7elik bant,<\/span><span dir=\"ltr\" role=\"presentation\" style=\"left: 854.26px; top: 315.474px; font-size: 11.6667px; font-family: sans-serif; transform: scaleX(0.85755);\">asite dayan\u0131kl\u0131, petrol <\/span><span dir=\"ltr\" role=\"presentation\" style=\"left: 854.26px; top: 328.809px; font-size: 11.6667px; font-family: sans-serif; transform: scaleX(0.89072);\">ve t\u00fcrevlerine diren\u00e7li,<\/span><span dir=\"ltr\" role=\"presentation\" style=\"left: 854.26px; top: 342.144px; font-size: 11.6667px; font-family: sans-serif; transform: scaleX(0.835375);\">a\u015f\u0131nmaya dayan\u0131kl\u0131.<\/span><\/div>\n<div>\n\t<strong><span dir=\"ltr\" role=\"presentation\" style=\"left: 854.26px; top: 366.213px; font-size: 11.6667px; font-family: sans-serif; transform: scaleX(0.895929);\">Tavsiye edilen kullan\u0131m: <\/span><\/strong><span dir=\"ltr\" role=\"presentation\" style=\"left: 854.26px; top: 379.548px; font-size: 11.6667px; font-family: sans-serif; transform: scaleX(0.850575);\">Kimyasal a\u015f\u0131nd\u0131r\u0131c\u0131 ortamlardan<\/span><span dir=\"ltr\" role=\"presentation\" style=\"left: 854.26px; top: 392.883px; font-size: 11.6667px; font-family: sans-serif; transform: scaleX(0.867391);\">depolama tanklar\u0131n\u0131n derinlikn<\/span><span dir=\"ltr\" role=\"presentation\" style=\"left: 854.26px; top: 406.218px; font-size: 11.6667px; font-family: sans-serif; transform: scaleX(0.868619);\">\u00f6l\u00e7\u00fcmlerinde gemi sintinelerinde<\/span><br role=\"presentation\" \/><br \/>\n\t<span dir=\"ltr\" role=\"presentation\" style=\"left: 854.26px; top: 419.553px; font-size: 11.6667px; font-family: sans-serif; transform: scaleX(0.872759);\">ve yak\u0131t tanklar\u0131n\u0131n \u00f6l\u00e7\u00fcmlerinde <\/span><span dir=\"ltr\" role=\"presentation\" style=\"left: 854.26px; top: 432.888px; font-size: 11.6667px; font-family: sans-serif; transform: scaleX(0.8967);\">kullan\u0131l\u0131r.<\/span><\/div>\n<table>\n<tr>\n<td>Uzunluk<\/td>\n<td>20 m<\/td>\n<\/tr>\n<\/table>\n","protected":false},"excerpt":{"rendered":"<div>\n\t<span dir=\"ltr\" role=\"presentation\" style=\"left: 854.26px; top: 302.139px; font-size: 11.6667px; font-family: sans-serif; transform: scaleX(0.8715);\">Paslanmaz \u00e7elik bant,<\/span><span dir=\"ltr\" role=\"presentation\" style=\"left: 854.26px; top: 315.474px; font-size: 11.6667px; font-family: sans-serif; transform: scaleX(0.85755);\">asite dayan\u0131kl\u0131, petrol <\/span><span dir=\"ltr\" role=\"presentation\" style=\"left: 854.26px; top: 328.809px; font-size: 11.6667px; font-family: sans-serif; transform: scaleX(0.89072);\">ve t\u00fcrevlerine diren\u00e7li,<\/span><span dir=\"ltr\" role=\"presentation\" style=\"left: 854.26px; top: 342.144px; font-size: 11.6667px; font-family: sans-serif; transform: scaleX(0.835375);\">a\u015f\u0131nmaya dayan\u0131kl\u0131.<\/span><\/div>\n<div>\n\t<strong><span dir=\"ltr\" role=\"presentation\" style=\"left: 854.26px; top: 366.213px; font-size: 11.6667px; font-family: sans-serif; transform: scaleX(0.895929);\">Tavsiye edilen kullan\u0131m: <\/span><\/strong><span dir=\"ltr\" role=\"presentation\" style=\"left: 854.26px; top: 379.548px; font-size: 11.6667px; font-family: sans-serif; transform: scaleX(0.850575);\">Kimyasal a\u015f\u0131nd\u0131r\u0131c\u0131 ortamlardan<\/span><span dir=\"ltr\" role=\"presentation\" style=\"left: 854.26px; top: 392.883px; font-size: 11.6667px; font-family: sans-serif; transform: scaleX(0.867391);\">depolama tanklar\u0131n\u0131n derinlikn<\/span><span dir=\"ltr\" role=\"presentation\" style=\"left: 854.26px; top: 406.218px; font-size: 11.6667px; font-family: sans-serif; transform: scaleX(0.868619);\">\u00f6l\u00e7\u00fcmlerinde gemi sintinelerinde<\/span><br role=\"presentation\" \/><br \/>\n\t<span dir=\"ltr\" role=\"presentation\" style=\"left: 854.26px; top: 419.553px; font-size: 11.6667px; font-family: sans-serif; transform: scaleX(0.872759);\">ve yak\u0131t tanklar\u0131n\u0131n \u00f6l\u00e7\u00fcmlerinde <\/span><span dir=\"ltr\" role=\"presentation\" style=\"left: 854.26px; top: 432.888px; font-size: 11.6667px; font-family: sans-serif; transform: scaleX(0.8967);\">kullan\u0131l\u0131r.<\/span><\/div>\n","protected":false},"featured_media":0,"comment_status":"open","ping_status":"closed","template":"","meta":{"_acf_changed":false},"product_brand":[1522],"product_cat":[753],"product_tag":[],"class_list":{"0":"post-12654","1":"product","2":"type-product","3":"status-publish","5":"product_brand-bmi","6":"product_cat-metreler","8":"first","9":"outofstock","10":"taxable","11":"shipping-taxable","12":"purchasable","13":"product-type-simple","14":"add-to-wishlist-after_add_to_cart"},"acf":[],"_links":{"self":[{"href":"https:\/\/www.makitamarket.com.tr\/site\/wp-json\/wp\/v2\/product\/12654","targetHints":{"allow":["GET"]}}],"collection":[{"href":"https:\/\/www.makitamarket.com.tr\/site\/wp-json\/wp\/v2\/product"}],"about":[{"href":"https:\/\/www.makitamarket.com.tr\/site\/wp-json\/wp\/v2\/types\/product"}],"replies":[{"embeddable":true,"href":"https:\/\/www.makitamarket.com.tr\/site\/wp-json\/wp\/v2\/comments?post=12654"}],"wp:attachment":[{"href":"https:\/\/www.makitamarket.com.tr\/site\/wp-json\/wp\/v2\/media?parent=12654"}],"wp:term":[{"taxonomy":"product_brand","embeddable":true,"href":"https:\/\/www.makitamarket.com.tr\/site\/wp-json\/wp\/v2\/product_brand?post=12654"},{"taxonomy":"product_cat","embeddable":true,"href":"https:\/\/www.makitamarket.com.tr\/site\/wp-json\/wp\/v2\/product_cat?post=12654"},{"taxonomy":"product_tag","embeddable":true,"href":"https:\/\/www.makitamarket.com.tr\/site\/wp-json\/wp\/v2\/product_tag?post=12654"}],"curies":[{"name":"wp","href":"https:\/\/api.w.org\/{rel}","templated":true}]}}