{"id":12658,"date":"2024-11-27T22:50:17","date_gmt":"2024-11-27T19:50:17","guid":{"rendered":"https:\/\/www.makitamarket.com.tr\/site\/urun\/makita-dekupaj-testere-bicagi-ozel-seri-b-35\/"},"modified":"2026-04-06T14:10:58","modified_gmt":"2026-04-06T11:10:58","slug":"makita-dekupaj-testere-bicagi-ozel-seri-b-35","status":"publish","type":"product","link":"https:\/\/www.makitamarket.com.tr\/site\/urun\/makita-dekupaj-testere-bicagi-ozel-seri-b-35\/","title":{"rendered":"Makita B-10469 DEKUPAJ TESTERE BI\u00c7A\u011eI &#8211; \u00d6ZEL SER\u0130 B &#8211; 35"},"content":{"rendered":"<p>\n\t\u00c7ivili ah\u015fap ve sandvi\u00e7 panel kesiminde kullan\u0131lmaktad\u0131r.<\/p>\n<table>\n<tr>\n<td>Uzunda \u00c7al\u0131\u015fma<\/td>\n<td>154<\/td>\n<\/tr>\n<tr>\n<td>Plastik Kesim<\/td>\n<td>114\u00d8<\/td>\n<\/tr>\n<tr>\n<td>Ah\u015fap Kesim<\/td>\n<td>120\u00d8<\/td>\n<\/tr>\n<tr>\n<td>Al\u00fcminyum Kesim<\/td>\n<td>2 &#8211; 6<\/td>\n<\/tr>\n<tr>\n<td>\u0130nch Ba\u015f\u0131 Di\u015f<\/td>\n<td>14<\/td>\n<\/tr>\n<tr>\n<td>B\u0131\u00e7ak Materyali<\/td>\n<td>Bi-Metal<\/td>\n<\/tr>\n<\/table>\n","protected":false},"excerpt":{"rendered":"<p>\n\t\u00c7ivili ah\u015fap ve sandvi\u00e7 panel kesiminde kullan\u0131lmaktad\u0131r.<\/p>\n","protected":false},"featured_media":12657,"comment_status":"open","ping_status":"closed","template":"","meta":{"_acf_changed":false},"product_brand":[1485],"product_cat":[1204],"product_tag":[],"class_list":{"0":"post-12658","1":"product","2":"type-product","3":"status-publish","4":"has-post-thumbnail","6":"product_brand-makita","7":"product_cat-b-tipi-kama-tipi-bicaklar","9":"first","10":"instock","11":"taxable","12":"shipping-taxable","13":"purchasable","14":"product-type-simple","15":"add-to-wishlist-after_add_to_cart"},"acf":[],"_links":{"self":[{"href":"https:\/\/www.makitamarket.com.tr\/site\/wp-json\/wp\/v2\/product\/12658","targetHints":{"allow":["GET"]}}],"collection":[{"href":"https:\/\/www.makitamarket.com.tr\/site\/wp-json\/wp\/v2\/product"}],"about":[{"href":"https:\/\/www.makitamarket.com.tr\/site\/wp-json\/wp\/v2\/types\/product"}],"replies":[{"embeddable":true,"href":"https:\/\/www.makitamarket.com.tr\/site\/wp-json\/wp\/v2\/comments?post=12658"}],"wp:featuredmedia":[{"embeddable":true,"href":"https:\/\/www.makitamarket.com.tr\/site\/wp-json\/wp\/v2\/media\/12657"}],"wp:attachment":[{"href":"https:\/\/www.makitamarket.com.tr\/site\/wp-json\/wp\/v2\/media?parent=12658"}],"wp:term":[{"taxonomy":"product_brand","embeddable":true,"href":"https:\/\/www.makitamarket.com.tr\/site\/wp-json\/wp\/v2\/product_brand?post=12658"},{"taxonomy":"product_cat","embeddable":true,"href":"https:\/\/www.makitamarket.com.tr\/site\/wp-json\/wp\/v2\/product_cat?post=12658"},{"taxonomy":"product_tag","embeddable":true,"href":"https:\/\/www.makitamarket.com.tr\/site\/wp-json\/wp\/v2\/product_tag?post=12658"}],"curies":[{"name":"wp","href":"https:\/\/api.w.org\/{rel}","templated":true}]}}