{"id":12673,"date":"2024-11-27T22:51:15","date_gmt":"2024-11-27T19:51:15","guid":{"rendered":"https:\/\/www.makitamarket.com.tr\/site\/urun\/makita-fibercement-kesim-daire-testere-185x4-dis\/"},"modified":"2026-04-06T14:11:04","modified_gmt":"2026-04-06T11:11:04","slug":"makita-fibercement-kesim-daire-testere-185x4-dis","status":"publish","type":"product","link":"https:\/\/www.makitamarket.com.tr\/site\/urun\/makita-fibercement-kesim-daire-testere-185x4-dis\/","title":{"rendered":"Makita B-20650 F\u0130BERCEMENT KES\u0130M DA\u0130RE TESTERE 185&#215;4 D\u0130\u015e"},"content":{"rendered":"<table>\n<tr>\n<td>Testere \u00e7ap\u0131<\/td>\n<td>185 mm<\/td>\n<\/tr>\n<tr>\n<td>G\u00f6bek \u00e7ap\u0131<\/td>\n<td>20 mm<\/td>\n<\/tr>\n<tr>\n<td>Y\u00fcz\u00fck \u00c7ap\u0131<\/td>\n<td>&#8211;<\/td>\n<\/tr>\n<tr>\n<td>Elmas Kal\u0131nl\u0131\u011f\u0131<\/td>\n<td>2.3 mm<\/td>\n<\/tr>\n<tr>\n<td>G\u00f6vde Kal\u0131nl\u0131\u011f\u0131<\/td>\n<td>1.6 mm<\/td>\n<\/tr>\n<tr>\n<td>Di\u015f Say\u0131s\u0131<\/td>\n<td>4<\/td>\n<\/tr>\n<tr>\n<td>Elmas A\u00e7\u0131s\u0131<\/td>\n<td>12\u02da<\/td>\n<\/tr>\n<tr>\n<td>Di\u015f Tipi<\/td>\n<td>FTG<\/td>\n<\/tr>\n<tr>\n<td>Kullan\u0131m Alan\u0131<\/td>\n<td>Fibercement<\/td>\n<\/tr>\n<\/table>\n","protected":false},"excerpt":{"rendered":"<p>Testere \u00e7ap\u0131 185 mm G\u00f6bek \u00e7ap\u0131 20 mm Y\u00fcz\u00fck \u00c7ap\u0131 &#8211; Elmas Kal\u0131nl\u0131\u011f\u0131 2.3 mm G\u00f6vde Kal\u0131nl\u0131\u011f\u0131 1.6 mm Di\u015f Say\u0131s\u0131 4 Elmas A\u00e7\u0131s\u0131 12\u02da Di\u015f Tipi FTG Kullan\u0131m Alan\u0131<\/p>\n","protected":false},"featured_media":12672,"comment_status":"open","ping_status":"closed","template":"","meta":{"_acf_changed":false},"product_brand":[1485],"product_cat":[1063],"product_tag":[],"class_list":{"0":"post-12673","1":"product","2":"type-product","3":"status-publish","4":"has-post-thumbnail","6":"product_brand-makita","7":"product_cat-fibercement-kesim-daire-testereler","9":"first","10":"outofstock","11":"taxable","12":"shipping-taxable","13":"purchasable","14":"product-type-simple","15":"add-to-wishlist-after_add_to_cart"},"acf":[],"_links":{"self":[{"href":"https:\/\/www.makitamarket.com.tr\/site\/wp-json\/wp\/v2\/product\/12673","targetHints":{"allow":["GET"]}}],"collection":[{"href":"https:\/\/www.makitamarket.com.tr\/site\/wp-json\/wp\/v2\/product"}],"about":[{"href":"https:\/\/www.makitamarket.com.tr\/site\/wp-json\/wp\/v2\/types\/product"}],"replies":[{"embeddable":true,"href":"https:\/\/www.makitamarket.com.tr\/site\/wp-json\/wp\/v2\/comments?post=12673"}],"wp:featuredmedia":[{"embeddable":true,"href":"https:\/\/www.makitamarket.com.tr\/site\/wp-json\/wp\/v2\/media\/12672"}],"wp:attachment":[{"href":"https:\/\/www.makitamarket.com.tr\/site\/wp-json\/wp\/v2\/media?parent=12673"}],"wp:term":[{"taxonomy":"product_brand","embeddable":true,"href":"https:\/\/www.makitamarket.com.tr\/site\/wp-json\/wp\/v2\/product_brand?post=12673"},{"taxonomy":"product_cat","embeddable":true,"href":"https:\/\/www.makitamarket.com.tr\/site\/wp-json\/wp\/v2\/product_cat?post=12673"},{"taxonomy":"product_tag","embeddable":true,"href":"https:\/\/www.makitamarket.com.tr\/site\/wp-json\/wp\/v2\/product_tag?post=12673"}],"curies":[{"name":"wp","href":"https:\/\/api.w.org\/{rel}","templated":true}]}}