{"id":12686,"date":"2024-11-27T22:51:21","date_gmt":"2024-11-27T19:51:21","guid":{"rendered":"https:\/\/www.makitamarket.com.tr\/site\/urun\/gison-havali-kalem-keski\/"},"modified":"2026-03-30T08:24:23","modified_gmt":"2026-03-30T05:24:23","slug":"gison-havali-kalem-keski","status":"publish","type":"product","link":"https:\/\/www.makitamarket.com.tr\/site\/urun\/gison-havali-kalem-keski\/","title":{"rendered":"Gison GP131 HAVALI KALEM KESK\u0130"},"content":{"rendered":"<table>\n<tr>\n<td>Keski Sap\u0131<\/td>\n<td>Standart (Yass\u0131)<\/td>\n<\/tr>\n<tr>\n<td>Darbe H\u0131z\u0131<\/td>\n<td>4800 bpm<\/td>\n<\/tr>\n<tr>\n<td>Net A\u011f\u0131rl\u0131k (kg)<\/td>\n<td>0.70 kg.<\/td>\n<\/tr>\n<tr>\n<td>Uzunluk (mm)<\/td>\n<td>248 mm.<\/td>\n<\/tr>\n<tr>\n<td>Hava T\u00fcketimi<\/td>\n<td>0.30 m\u00b3\/dak.<\/td>\n<\/tr>\n<tr>\n<td>Hava Giri\u015fi<\/td>\n<td>1\/4&#8243;<\/td>\n<\/tr>\n<tr>\n<td>Hortum \u00d6l\u00e7\u00fcs\u00fc (ID)<\/td>\n<td>8 mm.<\/td>\n<\/tr>\n<tr>\n<td>G\u00fcr\u00fclt\u00fc Seviyesi (dBA)<\/td>\n<td>86 dBA<\/td>\n<\/tr>\n<tr>\n<td>Sars\u0131nt\u0131 Seviyesi<\/td>\n<td>9.5 m\/S\u00b2.<\/td>\n<\/tr>\n<tr>\n<td>Koli Adedi<\/td>\n<td>20<\/td>\n<\/tr>\n<tr>\n<td>Hava Bas\u0131nc\u0131<\/td>\n<td>90 psi (6.3 kg.\/cm\u00b2)<\/td>\n<\/tr>\n<\/table>\n","protected":false},"excerpt":{"rendered":"<p>Keski Sap\u0131 Standart (Yass\u0131) Darbe H\u0131z\u0131 4800 bpm Net A\u011f\u0131rl\u0131k (kg) 0.70 kg. Uzunluk (mm) 248 mm. Hava T\u00fcketimi 0.30 m\u00b3\/dak. Hava Giri\u015fi 1\/4&#8243; Hortum \u00d6l\u00e7\u00fcs\u00fc (ID) 8 mm. G\u00fcr\u00fclt\u00fc<\/p>\n","protected":false},"featured_media":12685,"comment_status":"open","ping_status":"closed","template":"","meta":{"_acf_changed":false},"product_brand":[1512],"product_cat":[936],"product_tag":[],"class_list":{"0":"post-12686","1":"product","2":"type-product","3":"status-publish","4":"has-post-thumbnail","6":"product_brand-gison","7":"product_cat-havali-keski-ve-kaziyicilar","9":"first","10":"instock","11":"taxable","12":"shipping-taxable","13":"purchasable","14":"product-type-simple","15":"add-to-wishlist-after_add_to_cart"},"acf":[],"_links":{"self":[{"href":"https:\/\/www.makitamarket.com.tr\/site\/wp-json\/wp\/v2\/product\/12686","targetHints":{"allow":["GET"]}}],"collection":[{"href":"https:\/\/www.makitamarket.com.tr\/site\/wp-json\/wp\/v2\/product"}],"about":[{"href":"https:\/\/www.makitamarket.com.tr\/site\/wp-json\/wp\/v2\/types\/product"}],"replies":[{"embeddable":true,"href":"https:\/\/www.makitamarket.com.tr\/site\/wp-json\/wp\/v2\/comments?post=12686"}],"wp:featuredmedia":[{"embeddable":true,"href":"https:\/\/www.makitamarket.com.tr\/site\/wp-json\/wp\/v2\/media\/12685"}],"wp:attachment":[{"href":"https:\/\/www.makitamarket.com.tr\/site\/wp-json\/wp\/v2\/media?parent=12686"}],"wp:term":[{"taxonomy":"product_brand","embeddable":true,"href":"https:\/\/www.makitamarket.com.tr\/site\/wp-json\/wp\/v2\/product_brand?post=12686"},{"taxonomy":"product_cat","embeddable":true,"href":"https:\/\/www.makitamarket.com.tr\/site\/wp-json\/wp\/v2\/product_cat?post=12686"},{"taxonomy":"product_tag","embeddable":true,"href":"https:\/\/www.makitamarket.com.tr\/site\/wp-json\/wp\/v2\/product_tag?post=12686"}],"curies":[{"name":"wp","href":"https:\/\/api.w.org\/{rel}","templated":true}]}}