{"id":12695,"date":"2024-11-27T22:51:24","date_gmt":"2024-11-27T19:51:24","guid":{"rendered":"https:\/\/www.makitamarket.com.tr\/site\/urun\/makita-sds-max-matkap-ucu-seti\/"},"modified":"2026-04-06T14:11:53","modified_gmt":"2026-04-06T11:11:53","slug":"makita-sds-max-matkap-ucu-seti","status":"publish","type":"product","link":"https:\/\/www.makitamarket.com.tr\/site\/urun\/makita-sds-max-matkap-ucu-seti\/","title":{"rendered":"Makita D-40668 SDS MAX MATKAP UCU SET\u0130"},"content":{"rendered":"<p>\n\t\u00a0<\/p>\n<p>\n\t\u00a0<\/p>\n<table border=\"1\" cellpadding=\"1\" cellspacing=\"1\" height=\"133\" width=\"481\">\n<tbody>\n<tr>\n<td colspan=\"3\" style=\"text-align: center;\">\n\t\t\t\t<strong>SDS Max U\u00e7 Seti<br \/>\n\t\t\t\t<\/strong><\/td>\n<\/tr>\n<tr>\n<td style=\"width: 30px; text-align: center;\">\n\t\t\t\t<strong>\u00c7AP (mm)<br \/>\n\t\t\t\t<\/strong><\/td>\n<td style=\"width: 30px; text-align: center;\">\n\t\t\t\t<strong>UZUNLUK (mm)<br \/>\n\t\t\t\t<\/strong><\/td>\n<td style=\"width: 30px; text-align: center;\">\n\t\t\t\t<strong>\u00c7ALI\u015eMA UZUNLU\u011eU (mm)<br \/>\n\t\t\t\t<\/strong><\/td>\n<\/tr>\n<tr>\n<td style=\"text-align: center;\">\n\t\t\t\t16<\/td>\n<td style=\"text-align: center;\">\n\t\t\t\t340<\/td>\n<td style=\"text-align: center;\">\n\t\t\t\t200<\/td>\n<\/tr>\n<tr>\n<td style=\"text-align: center;\">\n\t\t\t\t18<\/td>\n<td style=\"text-align: center;\">\n\t\t\t\t340<\/td>\n<td style=\"text-align: center;\">\n\t\t\t\t200<\/td>\n<\/tr>\n<tr>\n<td style=\"text-align: center;\">\n\t\t\t\t20<\/td>\n<td style=\"text-align: center;\">\n\t\t\t\t340<\/td>\n<td style=\"text-align: center;\">\n\t\t\t\t200<\/td>\n<\/tr>\n<\/tbody>\n<\/table>\n<table>\n<tr>\n<td>Set \u00d6l\u00e7\u00fcleri<\/td>\n<td>16 x 340 x 200<\/td>\n<\/tr>\n<tr>\n<td>Set \u00d6l\u00e7\u00fcleri<\/td>\n<td>18 x 340 x 200<\/td>\n<\/tr>\n<tr>\n<td>Set \u00d6l\u00e7\u00fcleri<\/td>\n<td>20 x 340 x 200<\/td>\n<\/tr>\n<\/table>\n","protected":false},"excerpt":{"rendered":"<p>\n\t\u00a0<\/p>\n<p>\n\t\u00a0<\/p>\n<table border=\"1\" cellpadding=\"1\" cellspacing=\"1\" height=\"133\" width=\"481\">\n<tbody>\n<tr>\n<td colspan=\"3\" style=\"text-align: center;\">\n\t\t\t\t<strong>SDS Max U\u00e7 Seti<br \/>\n\t\t\t\t<\/strong><\/td>\n<\/tr>\n<tr>\n<td style=\"width: 30px; text-align: center;\">\n\t\t\t\t<strong>\u00c7AP (mm)<br \/>\n\t\t\t\t<\/strong><\/td>\n<td style=\"width: 30px; text-align: center;\">\n\t\t\t\t<strong>UZUNLUK (mm)<br \/>\n\t\t\t\t<\/strong><\/td>\n<td style=\"width: 30px; text-align: center;\">\n\t\t\t\t<strong>\u00c7ALI\u015eMA UZUNLU\u011eU (mm)<br \/>\n\t\t\t\t<\/strong><\/td>\n<\/tr>\n<tr>\n<td style=\"text-align: center;\">\n\t\t\t\t16<\/td>\n<td style=\"text-align: center;\">\n\t\t\t\t340<\/td>\n<td style=\"text-align: center;\">\n\t\t\t\t200<\/td>\n<\/tr>\n<tr>\n<td style=\"text-align: center;\">\n\t\t\t\t18<\/td>\n<td style=\"text-align: center;\">\n\t\t\t\t340<\/td>\n<td style=\"text-align: center;\">\n\t\t\t\t200<\/td>\n<\/tr>\n<tr>\n<td style=\"text-align: center;\">\n\t\t\t\t20<\/td>\n<td style=\"text-align: center;\">\n\t\t\t\t340<\/td>\n<td style=\"text-align: center;\">\n\t\t\t\t200<\/td>\n<\/tr>\n<\/tbody>\n<\/table>\n","protected":false},"featured_media":12694,"comment_status":"open","ping_status":"closed","template":"","meta":{"_acf_changed":false},"product_brand":[1485],"product_cat":[1096],"product_tag":[],"class_list":{"0":"post-12695","1":"product","2":"type-product","3":"status-publish","4":"has-post-thumbnail","6":"product_brand-makita","7":"product_cat-ahsap-matkap-uclari","9":"first","10":"instock","11":"taxable","12":"shipping-taxable","13":"purchasable","14":"product-type-simple","15":"add-to-wishlist-after_add_to_cart"},"acf":[],"_links":{"self":[{"href":"https:\/\/www.makitamarket.com.tr\/site\/wp-json\/wp\/v2\/product\/12695","targetHints":{"allow":["GET"]}}],"collection":[{"href":"https:\/\/www.makitamarket.com.tr\/site\/wp-json\/wp\/v2\/product"}],"about":[{"href":"https:\/\/www.makitamarket.com.tr\/site\/wp-json\/wp\/v2\/types\/product"}],"replies":[{"embeddable":true,"href":"https:\/\/www.makitamarket.com.tr\/site\/wp-json\/wp\/v2\/comments?post=12695"}],"wp:featuredmedia":[{"embeddable":true,"href":"https:\/\/www.makitamarket.com.tr\/site\/wp-json\/wp\/v2\/media\/12694"}],"wp:attachment":[{"href":"https:\/\/www.makitamarket.com.tr\/site\/wp-json\/wp\/v2\/media?parent=12695"}],"wp:term":[{"taxonomy":"product_brand","embeddable":true,"href":"https:\/\/www.makitamarket.com.tr\/site\/wp-json\/wp\/v2\/product_brand?post=12695"},{"taxonomy":"product_cat","embeddable":true,"href":"https:\/\/www.makitamarket.com.tr\/site\/wp-json\/wp\/v2\/product_cat?post=12695"},{"taxonomy":"product_tag","embeddable":true,"href":"https:\/\/www.makitamarket.com.tr\/site\/wp-json\/wp\/v2\/product_tag?post=12695"}],"curies":[{"name":"wp","href":"https:\/\/api.w.org\/{rel}","templated":true}]}}