{"id":12697,"date":"2024-11-27T22:51:25","date_gmt":"2024-11-27T19:51:25","guid":{"rendered":"https:\/\/www.makitamarket.com.tr\/site\/urun\/leica-leica-disto-one-lazer-metre\/"},"modified":"2025-11-16T06:53:49","modified_gmt":"2025-11-16T03:53:49","slug":"leica-leica-disto-one-lazer-metre","status":"publish","type":"product","link":"https:\/\/www.makitamarket.com.tr\/site\/urun\/leica-leica-disto-one-lazer-metre\/","title":{"rendered":"Leica DISTO1 LEICA DISTO ONE LAZER METRE"},"content":{"rendered":"<table>\n<tr>\n<td>Hassasiyet<\/td>\n<td>\u00b12.0mm<\/td>\n<\/tr>\n<tr>\n<td>Menzil<\/td>\n<td>0.2-20 m<\/td>\n<\/tr>\n<tr>\n<td>\u00d6l\u00e7\u00fcm Birimleri<\/td>\n<td>m, ft, in<\/td>\n<\/tr>\n<tr>\n<td>Pil \u00d6mr\u00fc<\/td>\n<td>10.000 \u00f6l\u00e7\u00fcm ve 20 saat \u00e7al\u0131\u015fma kapasitesi<\/td>\n<\/tr>\n<tr>\n<td>Pil<\/td>\n<td>2xAAA<\/td>\n<\/tr>\n<tr>\n<td>Koruma S\u0131n\u0131f\u0131<\/td>\n<td>IP54<\/td>\n<\/tr>\n<tr>\n<td>Boyutlar<\/td>\n<td>115&#215;43.5&#215;23.5 mm<\/td>\n<\/tr>\n<\/table>\n","protected":false},"excerpt":{"rendered":"<p>Hassasiyet \u00b12.0mm Menzil 0.2-20 m \u00d6l\u00e7\u00fcm Birimleri m, ft, in Pil \u00d6mr\u00fc 10.000 \u00f6l\u00e7\u00fcm ve 20 saat \u00e7al\u0131\u015fma kapasitesi Pil 2xAAA Koruma S\u0131n\u0131f\u0131 IP54 Boyutlar 115&#215;43.5&#215;23.5 mm<\/p>\n","protected":false},"featured_media":12696,"comment_status":"open","ping_status":"closed","template":"","meta":{"_acf_changed":false},"product_brand":[1504],"product_cat":[754],"product_tag":[],"class_list":{"0":"post-12697","1":"product","2":"type-product","3":"status-publish","4":"has-post-thumbnail","6":"product_brand-leica","7":"product_cat-lazer-metreler","9":"first","10":"outofstock","11":"taxable","12":"shipping-taxable","13":"purchasable","14":"product-type-simple","15":"add-to-wishlist-after_add_to_cart"},"acf":[],"_links":{"self":[{"href":"https:\/\/www.makitamarket.com.tr\/site\/wp-json\/wp\/v2\/product\/12697","targetHints":{"allow":["GET"]}}],"collection":[{"href":"https:\/\/www.makitamarket.com.tr\/site\/wp-json\/wp\/v2\/product"}],"about":[{"href":"https:\/\/www.makitamarket.com.tr\/site\/wp-json\/wp\/v2\/types\/product"}],"replies":[{"embeddable":true,"href":"https:\/\/www.makitamarket.com.tr\/site\/wp-json\/wp\/v2\/comments?post=12697"}],"wp:featuredmedia":[{"embeddable":true,"href":"https:\/\/www.makitamarket.com.tr\/site\/wp-json\/wp\/v2\/media\/12696"}],"wp:attachment":[{"href":"https:\/\/www.makitamarket.com.tr\/site\/wp-json\/wp\/v2\/media?parent=12697"}],"wp:term":[{"taxonomy":"product_brand","embeddable":true,"href":"https:\/\/www.makitamarket.com.tr\/site\/wp-json\/wp\/v2\/product_brand?post=12697"},{"taxonomy":"product_cat","embeddable":true,"href":"https:\/\/www.makitamarket.com.tr\/site\/wp-json\/wp\/v2\/product_cat?post=12697"},{"taxonomy":"product_tag","embeddable":true,"href":"https:\/\/www.makitamarket.com.tr\/site\/wp-json\/wp\/v2\/product_tag?post=12697"}],"curies":[{"name":"wp","href":"https:\/\/api.w.org\/{rel}","templated":true}]}}