{"id":12701,"date":"2024-11-27T22:51:26","date_gmt":"2024-11-27T19:51:26","guid":{"rendered":"https:\/\/www.makitamarket.com.tr\/site\/urun\/virax-virax-1370-07-sag-bspt-1-1-4-pafta-kafasi-icin-tarak\/"},"modified":"2026-04-06T14:11:57","modified_gmt":"2026-04-06T11:11:57","slug":"virax-virax-1370-07-sag-bspt-1-1-4-pafta-kafasi-icin-tarak","status":"publish","type":"product","link":"https:\/\/www.makitamarket.com.tr\/site\/urun\/virax-virax-1370-07-sag-bspt-1-1-4-pafta-kafasi-icin-tarak\/","title":{"rendered":"Virax 137007 VIRAX 1370 07 SA\u011e BSPT 1.1\/4&#8243; PAFTA KAFASI \u0130\u00c7\u0130N TARAK"},"content":{"rendered":"<table>\n<tr>\n<td>Tarak Tipi<\/td>\n<td>Sa\u011f BSPT<\/td>\n<\/tr>\n<tr>\n<td>Uygun Boru Tipi<\/td>\n<td>Paslanmaz \u00c7elik<\/td>\n<\/tr>\n<tr>\n<td>Boru \u00d6l\u00e7\u00fcs\u00fc<\/td>\n<td>1 1 \/4&#8243;<\/td>\n<\/tr>\n<tr>\n<td>Boru \u00d6l\u00e7\u00fcs\u00fc<\/td>\n<td>33\/42 mm<\/td>\n<\/tr>\n<\/table>\n","protected":false},"excerpt":{"rendered":"<p>Tarak Tipi Sa\u011f BSPT Uygun Boru Tipi Paslanmaz \u00c7elik Boru \u00d6l\u00e7\u00fcs\u00fc 1 1 \/4&#8243; Boru \u00d6l\u00e7\u00fcs\u00fc 33\/42 mm<\/p>\n","protected":false},"featured_media":12700,"comment_status":"open","ping_status":"closed","template":"","meta":{"_acf_changed":false},"product_brand":[1495],"product_cat":[854],"product_tag":[],"class_list":{"0":"post-12701","1":"product","2":"type-product","3":"status-publish","4":"has-post-thumbnail","6":"product_brand-virax","7":"product_cat-pafta-taraklari","9":"first","10":"instock","11":"taxable","12":"shipping-taxable","13":"purchasable","14":"product-type-simple","15":"add-to-wishlist-after_add_to_cart"},"acf":[],"_links":{"self":[{"href":"https:\/\/www.makitamarket.com.tr\/site\/wp-json\/wp\/v2\/product\/12701","targetHints":{"allow":["GET"]}}],"collection":[{"href":"https:\/\/www.makitamarket.com.tr\/site\/wp-json\/wp\/v2\/product"}],"about":[{"href":"https:\/\/www.makitamarket.com.tr\/site\/wp-json\/wp\/v2\/types\/product"}],"replies":[{"embeddable":true,"href":"https:\/\/www.makitamarket.com.tr\/site\/wp-json\/wp\/v2\/comments?post=12701"}],"wp:featuredmedia":[{"embeddable":true,"href":"https:\/\/www.makitamarket.com.tr\/site\/wp-json\/wp\/v2\/media\/12700"}],"wp:attachment":[{"href":"https:\/\/www.makitamarket.com.tr\/site\/wp-json\/wp\/v2\/media?parent=12701"}],"wp:term":[{"taxonomy":"product_brand","embeddable":true,"href":"https:\/\/www.makitamarket.com.tr\/site\/wp-json\/wp\/v2\/product_brand?post=12701"},{"taxonomy":"product_cat","embeddable":true,"href":"https:\/\/www.makitamarket.com.tr\/site\/wp-json\/wp\/v2\/product_cat?post=12701"},{"taxonomy":"product_tag","embeddable":true,"href":"https:\/\/www.makitamarket.com.tr\/site\/wp-json\/wp\/v2\/product_tag?post=12701"}],"curies":[{"name":"wp","href":"https:\/\/api.w.org\/{rel}","templated":true}]}}