{"id":12723,"date":"2024-11-28T00:24:05","date_gmt":"2024-11-27T21:24:05","guid":{"rendered":"https:\/\/www.makitamarket.com.tr\/site\/urun\/knipex-duz-cene-ayarli-pense-180-mm\/"},"modified":"2026-03-30T08:24:31","modified_gmt":"2026-03-30T05:24:31","slug":"knipex-duz-cene-ayarli-pense-180-mm","status":"publish","type":"product","link":"https:\/\/www.makitamarket.com.tr\/site\/urun\/knipex-duz-cene-ayarli-pense-180-mm\/","title":{"rendered":"Knipex 8603180 D\u00dcZ \u00c7ENE AYARLI PENSE 180 mm"},"content":{"rendered":"<p><b>86 03 180 Ayarl\u0131 fort pense<\/b><br \/>B\u00fct\u00fcn bir anahtar tak\u0131m\u0131n\u0131n yerine ge\u00e7er. Armat\u00fcrlerin montaj\u0131n\u0131 zarar vermeden ger\u00e7ekle\u015ftirir. \u0130\u015f par\u00e7alar\u0131n\u0131n kavranmas\u0131, tutulmas\u0131, s\u0131k\u0131\u015ft\u0131r\u0131lmas\u0131 ve b\u00fck\u00fclmesi i\u00e7in olduk\u00e7a kullan\u0131\u015fl\u0131d\u0131r. Bo\u015fluksuz \u015fekilde somunlar\u0131 kavrad\u0131\u011f\u0131 i\u00e7in somun k\u00f6\u015felerine zarar vermez. Do\u011frudan i\u015f par\u00e7as\u0131nda d\u00fc\u011fmeye bas\u0131larak h\u0131zl\u0131 ayarlama imkan\u0131. Tutma \u00e7enelerinin ayar\u0131 istem d\u0131\u015f\u0131 bozulmaz ve mafsal kaymaz. Paralel \u00e7eneler sayesinde, belirtilen kapasiteye kadar t\u00fcm civata \u00f6l\u00e7\u00fclerinin kademesiz olarak tutulmas\u0131 m\u00fcmk\u00fcnd\u00fcr. Kavrama \u00e7enelerinin aras\u0131ndaki s\u0131k\u0131\u015ft\u0131rma pimi sayesinde c\u0131vata ba\u011flant\u0131lar\u0131n\u0131n c\u0131rc\u0131r lokma anahtar prensibine g\u00f6re h\u0131zl\u0131 bir \u015fekilde s\u0131k\u0131lmas\u0131 ve gev\u015fetilmesi m\u00fcmk\u00fcnd\u00fcr. Elle uygulanan kuvveti 10 kat g\u00fc\u00e7lendirmesi sayesinde y\u00fcksek s\u0131k\u0131\u015ft\u0131rma g\u00fcc\u00fc. \u0130nce bir penseyi gerektiren \u00e7al\u0131\u015fmalar i\u00e7in ince pense \u00e7eneleri. <\/p>\n<li><b>\u00c7ene kal\u0131nl\u0131\u011f\u0131 (eklem) (B2): <\/b>8,0 mm<\/li>\n<li><b>Joint Thickness (B3): <\/b>12,0 mm<\/li>\n<li><b>Tip Thickness (B1): <\/b>5,0 mm<\/li>\n<li><b>Ayar pozisyonu: <\/b>15<\/li>\n<li><b>Somun ve anahtar \u00f6l\u00e7\u00fcs\u00fc kapasitesi: <\/b>\u00d8 112<\/li>\n<li><b>Somun ve anahtar \u00f6l\u00e7\u00fcs\u00fc kapasitesi: <\/b>40 mm<\/li>\n<table>\n<tr>\n<td>Sap<\/td>\n<td>\u0130nce \u0130zole<\/td>\n<\/tr>\n<tr>\n<td>Tutma \u00d6l\u00e7\u00fcleri<\/td>\n<td>35 mm, 1.3\/8&#8243;<\/td>\n<\/tr>\n<tr>\n<td>Uzunluk<\/td>\n<td>180<\/td>\n<\/tr>\n<tr>\n<td>Kafa<\/td>\n<td>Krom<\/td>\n<\/tr>\n<tr>\n<td>A\u011f\u0131rl\u0131k<\/td>\n<td>254 gr<\/td>\n<\/tr>\n<\/table>\n","protected":false},"excerpt":{"rendered":"<p><b>86 03 180 Ayarl\u0131 fort pense<\/b><br \/>B\u00fct\u00fcn bir anahtar tak\u0131m\u0131n\u0131n yerine ge\u00e7er. Armat\u00fcrlerin montaj\u0131n\u0131 zarar vermeden ger\u00e7ekle\u015ftirir. \u0130\u015f par\u00e7alar\u0131n\u0131n kavranmas\u0131, tutulmas\u0131, s\u0131k\u0131\u015ft\u0131r\u0131lmas\u0131 ve b\u00fck\u00fclmesi i\u00e7in olduk\u00e7a kullan\u0131\u015fl\u0131d\u0131r. Bo\u015fluksuz \u015fekilde somunlar\u0131 kavrad\u0131\u011f\u0131 i\u00e7in somun k\u00f6\u015felerine zarar vermez. Do\u011frudan i\u015f par\u00e7as\u0131nda d\u00fc\u011fmeye bas\u0131larak h\u0131zl\u0131 ayarlama imkan\u0131. Tutma \u00e7enelerinin ayar\u0131 istem d\u0131\u015f\u0131 bozulmaz ve mafsal kaymaz. Paralel \u00e7eneler sayesinde, belirtilen kapasiteye kadar t\u00fcm civata \u00f6l\u00e7\u00fclerinin kademesiz olarak tutulmas\u0131 m\u00fcmk\u00fcnd\u00fcr. Kavrama \u00e7enelerinin aras\u0131ndaki s\u0131k\u0131\u015ft\u0131rma pimi sayesinde c\u0131vata ba\u011flant\u0131lar\u0131n\u0131n c\u0131rc\u0131r lokma anahtar prensibine g\u00f6re h\u0131zl\u0131 bir \u015fekilde s\u0131k\u0131lmas\u0131 ve gev\u015fetilmesi m\u00fcmk\u00fcnd\u00fcr. Elle uygulanan kuvveti 10 kat g\u00fc\u00e7lendirmesi sayesinde y\u00fcksek s\u0131k\u0131\u015ft\u0131rma g\u00fcc\u00fc. \u0130nce bir penseyi gerektiren \u00e7al\u0131\u015fmalar i\u00e7in ince pense \u00e7eneleri. <\/p>\n<li><b>\u00c7ene kal\u0131nl\u0131\u011f\u0131 (eklem) (B2): <\/b>8,0 mm<\/li>\n<li><b>Joint Thickness (B3): <\/b>12,0 mm<\/li>\n<li><b>Tip Thickness (B1): <\/b>5,0 mm<\/li>\n<li><b>Ayar pozisyonu: <\/b>15<\/li>\n<li><b>Somun ve anahtar \u00f6l\u00e7\u00fcs\u00fc kapasitesi: <\/b>\u00d8 112<\/li>\n<li><b>Somun ve anahtar \u00f6l\u00e7\u00fcs\u00fc kapasitesi: <\/b>40 mm<\/li>\n","protected":false},"featured_media":12722,"comment_status":"open","ping_status":"closed","template":"","meta":{"_acf_changed":false},"product_brand":[1486],"product_cat":[1062],"product_tag":[],"class_list":{"0":"post-12723","1":"product","2":"type-product","3":"status-publish","4":"has-post-thumbnail","6":"product_brand-knipex","7":"product_cat-duz-cene-ayarli-penseler","9":"first","10":"outofstock","11":"taxable","12":"shipping-taxable","13":"purchasable","14":"product-type-simple","15":"add-to-wishlist-after_add_to_cart"},"acf":[],"_links":{"self":[{"href":"https:\/\/www.makitamarket.com.tr\/site\/wp-json\/wp\/v2\/product\/12723","targetHints":{"allow":["GET"]}}],"collection":[{"href":"https:\/\/www.makitamarket.com.tr\/site\/wp-json\/wp\/v2\/product"}],"about":[{"href":"https:\/\/www.makitamarket.com.tr\/site\/wp-json\/wp\/v2\/types\/product"}],"replies":[{"embeddable":true,"href":"https:\/\/www.makitamarket.com.tr\/site\/wp-json\/wp\/v2\/comments?post=12723"}],"wp:featuredmedia":[{"embeddable":true,"href":"https:\/\/www.makitamarket.com.tr\/site\/wp-json\/wp\/v2\/media\/12722"}],"wp:attachment":[{"href":"https:\/\/www.makitamarket.com.tr\/site\/wp-json\/wp\/v2\/media?parent=12723"}],"wp:term":[{"taxonomy":"product_brand","embeddable":true,"href":"https:\/\/www.makitamarket.com.tr\/site\/wp-json\/wp\/v2\/product_brand?post=12723"},{"taxonomy":"product_cat","embeddable":true,"href":"https:\/\/www.makitamarket.com.tr\/site\/wp-json\/wp\/v2\/product_cat?post=12723"},{"taxonomy":"product_tag","embeddable":true,"href":"https:\/\/www.makitamarket.com.tr\/site\/wp-json\/wp\/v2\/product_tag?post=12723"}],"curies":[{"name":"wp","href":"https:\/\/api.w.org\/{rel}","templated":true}]}}