{"id":12725,"date":"2024-11-28T00:25:56","date_gmt":"2024-11-27T21:25:56","guid":{"rendered":"https:\/\/www.makitamarket.com.tr\/site\/urun\/makita-metal-kesme-tasi-duz-180x2-5-mm\/"},"modified":"2025-11-16T06:53:52","modified_gmt":"2025-11-16T03:53:52","slug":"makita-metal-kesme-tasi-duz-180x2-5-mm","status":"publish","type":"product","link":"https:\/\/www.makitamarket.com.tr\/site\/urun\/makita-metal-kesme-tasi-duz-180x2-5-mm\/","title":{"rendered":"Makita D-18683 METAL KESME TA\u015eI-D\u00dcZ 180&#215;2.5 mm"},"content":{"rendered":"<table>\n<tr>\n<td>\u00d6l\u00e7\u00fcler<\/td>\n<td>180 x 2.5 mm<\/td>\n<\/tr>\n<tr>\n<td>Kalite<\/td>\n<td>A30S<\/td>\n<\/tr>\n<tr>\n<td>Malzeme<\/td>\n<td>Metal Kesme<\/td>\n<\/tr>\n<tr>\n<td>Tip<\/td>\n<td>D\u00fcz<\/td>\n<\/tr>\n<tr>\n<td>Kutu<\/td>\n<td>50<\/td>\n<\/tr>\n<\/table>\n","protected":false},"excerpt":{"rendered":"<p>\u00d6l\u00e7\u00fcler 180 x 2.5 mm Kalite A30S Malzeme Metal Kesme Tip D\u00fcz Kutu 50<\/p>\n","protected":false},"featured_media":12724,"comment_status":"open","ping_status":"closed","template":"","meta":{"_acf_changed":false},"product_brand":[1485],"product_cat":[1155],"product_tag":[],"class_list":{"0":"post-12725","1":"product","2":"type-product","3":"status-publish","4":"has-post-thumbnail","6":"product_brand-makita","7":"product_cat-180mm-kesme-taslari","9":"first","10":"outofstock","11":"taxable","12":"shipping-taxable","13":"purchasable","14":"product-type-simple","15":"add-to-wishlist-after_add_to_cart"},"acf":[],"_links":{"self":[{"href":"https:\/\/www.makitamarket.com.tr\/site\/wp-json\/wp\/v2\/product\/12725","targetHints":{"allow":["GET"]}}],"collection":[{"href":"https:\/\/www.makitamarket.com.tr\/site\/wp-json\/wp\/v2\/product"}],"about":[{"href":"https:\/\/www.makitamarket.com.tr\/site\/wp-json\/wp\/v2\/types\/product"}],"replies":[{"embeddable":true,"href":"https:\/\/www.makitamarket.com.tr\/site\/wp-json\/wp\/v2\/comments?post=12725"}],"wp:featuredmedia":[{"embeddable":true,"href":"https:\/\/www.makitamarket.com.tr\/site\/wp-json\/wp\/v2\/media\/12724"}],"wp:attachment":[{"href":"https:\/\/www.makitamarket.com.tr\/site\/wp-json\/wp\/v2\/media?parent=12725"}],"wp:term":[{"taxonomy":"product_brand","embeddable":true,"href":"https:\/\/www.makitamarket.com.tr\/site\/wp-json\/wp\/v2\/product_brand?post=12725"},{"taxonomy":"product_cat","embeddable":true,"href":"https:\/\/www.makitamarket.com.tr\/site\/wp-json\/wp\/v2\/product_cat?post=12725"},{"taxonomy":"product_tag","embeddable":true,"href":"https:\/\/www.makitamarket.com.tr\/site\/wp-json\/wp\/v2\/product_tag?post=12725"}],"curies":[{"name":"wp","href":"https:\/\/api.w.org\/{rel}","templated":true}]}}