{"id":12769,"date":"2024-11-28T00:33:03","date_gmt":"2024-11-27T21:33:03","guid":{"rendered":"https:\/\/www.makitamarket.com.tr\/site\/urun\/bessey-sac-makasi-260-mm\/"},"modified":"2026-03-30T08:25:24","modified_gmt":"2026-03-30T05:25:24","slug":"bessey-sac-makasi-260-mm","status":"publish","type":"product","link":"https:\/\/www.makitamarket.com.tr\/site\/urun\/bessey-sac-makasi-260-mm\/","title":{"rendered":"Bessey BESD29SS-2 SAC MAKASI 260 mm"},"content":{"rendered":"<div>\n\tK\u0131sa,d\u00fcz ve kavisli kesimler i\u00e7indir.<\/div>\n<div>\n\tERGO-Griff (ergonomik sap) \u00e7al\u0131\u015fman\u0131z esnas\u0131nda minimum yorgunluk sa\u011flar.<\/div>\n<table>\n<tr>\n<td>Boy<\/td>\n<td>260<\/td>\n<\/tr>\n<tr>\n<td>A\u011f\u0131z Geni\u015fli\u011fi<\/td>\n<td>40<\/td>\n<\/tr>\n<tr>\n<td>Kesme Kapasitesi<\/td>\n<td>1.2<\/td>\n<\/tr>\n<tr>\n<td>A\u011f\u0131rl\u0131k<\/td>\n<td>0.56<\/td>\n<\/tr>\n<\/table>\n","protected":false},"excerpt":{"rendered":"<div>\n\tK\u0131sa,d\u00fcz ve kavisli kesimler i\u00e7indir.<\/div>\n<div>\n\tERGO-Griff (ergonomik sap) \u00e7al\u0131\u015fman\u0131z esnas\u0131nda minimum yorgunluk sa\u011flar.<\/div>\n","protected":false},"featured_media":12768,"comment_status":"open","ping_status":"closed","template":"","meta":{"_acf_changed":false},"product_brand":[1534],"product_cat":[1202],"product_tag":[],"class_list":{"0":"post-12769","1":"product","2":"type-product","3":"status-publish","4":"has-post-thumbnail","6":"product_brand-bessey","7":"product_cat-sac-makaslari","9":"first","10":"instock","11":"taxable","12":"shipping-taxable","13":"purchasable","14":"product-type-simple","15":"add-to-wishlist-after_add_to_cart"},"acf":[],"_links":{"self":[{"href":"https:\/\/www.makitamarket.com.tr\/site\/wp-json\/wp\/v2\/product\/12769","targetHints":{"allow":["GET"]}}],"collection":[{"href":"https:\/\/www.makitamarket.com.tr\/site\/wp-json\/wp\/v2\/product"}],"about":[{"href":"https:\/\/www.makitamarket.com.tr\/site\/wp-json\/wp\/v2\/types\/product"}],"replies":[{"embeddable":true,"href":"https:\/\/www.makitamarket.com.tr\/site\/wp-json\/wp\/v2\/comments?post=12769"}],"wp:featuredmedia":[{"embeddable":true,"href":"https:\/\/www.makitamarket.com.tr\/site\/wp-json\/wp\/v2\/media\/12768"}],"wp:attachment":[{"href":"https:\/\/www.makitamarket.com.tr\/site\/wp-json\/wp\/v2\/media?parent=12769"}],"wp:term":[{"taxonomy":"product_brand","embeddable":true,"href":"https:\/\/www.makitamarket.com.tr\/site\/wp-json\/wp\/v2\/product_brand?post=12769"},{"taxonomy":"product_cat","embeddable":true,"href":"https:\/\/www.makitamarket.com.tr\/site\/wp-json\/wp\/v2\/product_cat?post=12769"},{"taxonomy":"product_tag","embeddable":true,"href":"https:\/\/www.makitamarket.com.tr\/site\/wp-json\/wp\/v2\/product_tag?post=12769"}],"curies":[{"name":"wp","href":"https:\/\/api.w.org\/{rel}","templated":true}]}}