{"id":12772,"date":"2024-11-28T00:33:04","date_gmt":"2024-11-27T21:33:04","guid":{"rendered":"https:\/\/www.makitamarket.com.tr\/site\/urun\/globus-vhb-cift-tarafli-silikon-bant-18mmx2mt\/"},"modified":"2025-11-16T06:55:40","modified_gmt":"2025-11-16T03:55:40","slug":"globus-vhb-cift-tarafli-silikon-bant-18mmx2mt","status":"publish","type":"product","link":"https:\/\/www.makitamarket.com.tr\/site\/urun\/globus-vhb-cift-tarafli-silikon-bant-18mmx2mt\/","title":{"rendered":"Globus GL14000 VHB \u00c7\u0130FT TARAFLI S\u0130L\u0130KON BANT 18mmx2mt"},"content":{"rendered":"<div>\n\t\u2022 Et kal\u0131nl\u0131\u011f\u0131: 1mm.<\/div>\n<div>\n\t\u2022 Otomotiv sekt\u00f6r\u00fcnden onayl\u0131<\/div>\n<div>\n\t\u2022 1500 \u0131s\u0131ya kadar dayan\u0131kl\u0131<\/div>\n<div>\n\t\u2022 Nemden, S\u0131caktan, so\u011fuktan etkilenmez<\/div>\n<table>\n<tr>\n<td>\u00d6l\u00e7\u00fc<\/td>\n<td>18mm x 2mt<\/td>\n<\/tr>\n<tr>\n<td>Koli Adedi<\/td>\n<td>120<\/td>\n<\/tr>\n<\/table>\n","protected":false},"excerpt":{"rendered":"<div>\n\t\u2022 Et kal\u0131nl\u0131\u011f\u0131: 1mm.<\/div>\n<div>\n\t\u2022 Otomotiv sekt\u00f6r\u00fcnden onayl\u0131<\/div>\n<div>\n\t\u2022 1500 \u0131s\u0131ya kadar dayan\u0131kl\u0131<\/div>\n<div>\n\t\u2022 Nemden, S\u0131caktan, so\u011fuktan etkilenmez<\/div>\n","protected":false},"featured_media":12771,"comment_status":"open","ping_status":"closed","template":"","meta":{"_acf_changed":false},"product_brand":[1510],"product_cat":[955],"product_tag":[],"class_list":{"0":"post-12772","1":"product","2":"type-product","3":"status-publish","4":"has-post-thumbnail","6":"product_brand-globus","7":"product_cat-bant-kesme-aparatlari-zimbalar","9":"first","10":"outofstock","11":"taxable","12":"shipping-taxable","13":"purchasable","14":"product-type-simple","15":"add-to-wishlist-after_add_to_cart"},"acf":[],"_links":{"self":[{"href":"https:\/\/www.makitamarket.com.tr\/site\/wp-json\/wp\/v2\/product\/12772","targetHints":{"allow":["GET"]}}],"collection":[{"href":"https:\/\/www.makitamarket.com.tr\/site\/wp-json\/wp\/v2\/product"}],"about":[{"href":"https:\/\/www.makitamarket.com.tr\/site\/wp-json\/wp\/v2\/types\/product"}],"replies":[{"embeddable":true,"href":"https:\/\/www.makitamarket.com.tr\/site\/wp-json\/wp\/v2\/comments?post=12772"}],"wp:featuredmedia":[{"embeddable":true,"href":"https:\/\/www.makitamarket.com.tr\/site\/wp-json\/wp\/v2\/media\/12771"}],"wp:attachment":[{"href":"https:\/\/www.makitamarket.com.tr\/site\/wp-json\/wp\/v2\/media?parent=12772"}],"wp:term":[{"taxonomy":"product_brand","embeddable":true,"href":"https:\/\/www.makitamarket.com.tr\/site\/wp-json\/wp\/v2\/product_brand?post=12772"},{"taxonomy":"product_cat","embeddable":true,"href":"https:\/\/www.makitamarket.com.tr\/site\/wp-json\/wp\/v2\/product_cat?post=12772"},{"taxonomy":"product_tag","embeddable":true,"href":"https:\/\/www.makitamarket.com.tr\/site\/wp-json\/wp\/v2\/product_tag?post=12772"}],"curies":[{"name":"wp","href":"https:\/\/api.w.org\/{rel}","templated":true}]}}