{"id":12780,"date":"2024-11-28T00:33:06","date_gmt":"2024-11-27T21:33:06","guid":{"rendered":"https:\/\/www.makitamarket.com.tr\/site\/urun\/mastech-dijital-pens-ampermetre\/"},"modified":"2025-11-16T06:55:41","modified_gmt":"2025-11-16T03:55:41","slug":"mastech-dijital-pens-ampermetre","status":"publish","type":"product","link":"https:\/\/www.makitamarket.com.tr\/site\/urun\/mastech-dijital-pens-ampermetre\/","title":{"rendered":"Mastech PM2128 D\u0130J\u0130TAL PENS AMPERMETRE"},"content":{"rendered":"<p>\n\tTemass\u0131z AC voltaj alg\u0131lama (NCV), \u00c7ene veya kablolarla frekans \u00f6l\u00e7\u00fcm\u00fc, True RMS, Veri tutma, LCD ayd\u0131nlatma, Otomatik kapanma, Ba\u011f\u0131l de\u011fer \u00f6l\u00e7\u00fcm\u00fc<\/p>\n<table>\n<tr>\n<td>Dc Voltaj<\/td>\n<td>6\/60\/600\/1000V \u00b1 %1.0<\/td>\n<\/tr>\n<tr>\n<td>AC Voltaj<\/td>\n<td>6\/60\/600\/1000V \u00b1 %1.2<\/td>\n<\/tr>\n<tr>\n<td>AC Ak\u0131m<\/td>\n<td>60\/600\/1000A \u00b1 %3.0<\/td>\n<\/tr>\n<tr>\n<td>DC Ak\u0131m<\/td>\n<td>60\/600\/1000A \u00b1 %3.0<\/td>\n<\/tr>\n<tr>\n<td>OHM<\/td>\n<td>600\u03a9\/6k\u03a9\/60k\u03a9\/600k\u03a9\/ 6M\u03a9\/60M\u03a9 \u00b1 %1.0<\/td>\n<\/tr>\n<tr>\n<td>Kapasitans<\/td>\n<td>100n\/1\u00b5\/10\u00b5\/100\u00b5\/1m\/ 10mF \u00b1 %3.0<\/td>\n<\/tr>\n<tr>\n<td>Frekans<\/td>\n<td>100Hz~10kHz \u00b1 %0.5<\/td>\n<\/tr>\n<tr>\n<td>S\u0131cakl\u0131k<\/td>\n<td>-20\u00b0 C~1000\u00b0 C \u00b1 %1.0 -4\u00b0 F~1832\u00b0 F \u00b1 %1.0<\/td>\n<\/tr>\n<tr>\n<td>LowZ<\/td>\n<td>DCV:1000V \u00b1 %1.0 ACV:1000V \u00b1 %2.0<\/td>\n<\/tr>\n<tr>\n<td>DC \u00b5A<\/td>\n<td>200\u00b5A \u00b1 %1.5<\/td>\n<\/tr>\n<\/table>\n","protected":false},"excerpt":{"rendered":"<p>\n\tTemass\u0131z AC voltaj alg\u0131lama (NCV), \u00c7ene veya kablolarla frekans \u00f6l\u00e7\u00fcm\u00fc, True RMS, Veri tutma, LCD ayd\u0131nlatma, Otomatik kapanma, Ba\u011f\u0131l de\u011fer \u00f6l\u00e7\u00fcm\u00fc<\/p>\n","protected":false},"featured_media":12779,"comment_status":"open","ping_status":"closed","template":"","meta":{"_acf_changed":false},"product_brand":[1526],"product_cat":[1081],"product_tag":[],"class_list":{"0":"post-12780","1":"product","2":"type-product","3":"status-publish","4":"has-post-thumbnail","6":"product_brand-mastech","7":"product_cat-pensampermetreler","9":"first","10":"outofstock","11":"taxable","12":"shipping-taxable","13":"purchasable","14":"product-type-simple","15":"add-to-wishlist-after_add_to_cart"},"acf":[],"_links":{"self":[{"href":"https:\/\/www.makitamarket.com.tr\/site\/wp-json\/wp\/v2\/product\/12780","targetHints":{"allow":["GET"]}}],"collection":[{"href":"https:\/\/www.makitamarket.com.tr\/site\/wp-json\/wp\/v2\/product"}],"about":[{"href":"https:\/\/www.makitamarket.com.tr\/site\/wp-json\/wp\/v2\/types\/product"}],"replies":[{"embeddable":true,"href":"https:\/\/www.makitamarket.com.tr\/site\/wp-json\/wp\/v2\/comments?post=12780"}],"wp:featuredmedia":[{"embeddable":true,"href":"https:\/\/www.makitamarket.com.tr\/site\/wp-json\/wp\/v2\/media\/12779"}],"wp:attachment":[{"href":"https:\/\/www.makitamarket.com.tr\/site\/wp-json\/wp\/v2\/media?parent=12780"}],"wp:term":[{"taxonomy":"product_brand","embeddable":true,"href":"https:\/\/www.makitamarket.com.tr\/site\/wp-json\/wp\/v2\/product_brand?post=12780"},{"taxonomy":"product_cat","embeddable":true,"href":"https:\/\/www.makitamarket.com.tr\/site\/wp-json\/wp\/v2\/product_cat?post=12780"},{"taxonomy":"product_tag","embeddable":true,"href":"https:\/\/www.makitamarket.com.tr\/site\/wp-json\/wp\/v2\/product_tag?post=12780"}],"curies":[{"name":"wp","href":"https:\/\/api.w.org\/{rel}","templated":true}]}}