{"id":12783,"date":"2024-11-28T00:34:06","date_gmt":"2024-11-27T21:34:06","guid":{"rendered":"https:\/\/www.makitamarket.com.tr\/site\/urun\/proxxon-proxxon-24406-pd400-icin-gezer-yatak\/"},"modified":"2026-04-06T14:13:04","modified_gmt":"2026-04-06T11:13:04","slug":"proxxon-proxxon-24406-pd400-icin-gezer-yatak","status":"publish","type":"product","link":"https:\/\/www.makitamarket.com.tr\/site\/urun\/proxxon-proxxon-24406-pd400-icin-gezer-yatak\/","title":{"rendered":"Proxxon 24406 PROXXON 24406 PD400 I\u00c7IN GEZER YATAK"},"content":{"rendered":"<p>\n\tPD 400 i\u00e7in gezer mesnet Torna yata\u011f\u0131na yerle\u015ftirilir. \u0130nce uzun i\u015f parcalar\u0131n\u0131 tornalarken gereklidir. Maksimum 50mm \u00d8.<\/p>\n<table>\n<tr>\n<td>Uygunluk<\/td>\n<td>PD400 tornayla uyumlu<\/td>\n<\/tr>\n<\/table>\n","protected":false},"excerpt":{"rendered":"<p>\n\tPD 400 i\u00e7in gezer mesnet Torna yata\u011f\u0131na yerle\u015ftirilir. \u0130nce uzun i\u015f parcalar\u0131n\u0131 tornalarken gereklidir. Maksimum 50mm \u00d8.<\/p>\n","protected":false},"featured_media":12782,"comment_status":"open","ping_status":"closed","template":"","meta":{"_acf_changed":false},"product_brand":[1501],"product_cat":[926],"product_tag":[],"class_list":{"0":"post-12783","1":"product","2":"type-product","3":"status-publish","4":"has-post-thumbnail","6":"product_brand-proxxon","7":"product_cat-aksesuarlar-mikro-aletleri","9":"first","10":"outofstock","11":"taxable","12":"shipping-taxable","13":"purchasable","14":"product-type-simple","15":"add-to-wishlist-after_add_to_cart"},"acf":[],"_links":{"self":[{"href":"https:\/\/www.makitamarket.com.tr\/site\/wp-json\/wp\/v2\/product\/12783","targetHints":{"allow":["GET"]}}],"collection":[{"href":"https:\/\/www.makitamarket.com.tr\/site\/wp-json\/wp\/v2\/product"}],"about":[{"href":"https:\/\/www.makitamarket.com.tr\/site\/wp-json\/wp\/v2\/types\/product"}],"replies":[{"embeddable":true,"href":"https:\/\/www.makitamarket.com.tr\/site\/wp-json\/wp\/v2\/comments?post=12783"}],"wp:featuredmedia":[{"embeddable":true,"href":"https:\/\/www.makitamarket.com.tr\/site\/wp-json\/wp\/v2\/media\/12782"}],"wp:attachment":[{"href":"https:\/\/www.makitamarket.com.tr\/site\/wp-json\/wp\/v2\/media?parent=12783"}],"wp:term":[{"taxonomy":"product_brand","embeddable":true,"href":"https:\/\/www.makitamarket.com.tr\/site\/wp-json\/wp\/v2\/product_brand?post=12783"},{"taxonomy":"product_cat","embeddable":true,"href":"https:\/\/www.makitamarket.com.tr\/site\/wp-json\/wp\/v2\/product_cat?post=12783"},{"taxonomy":"product_tag","embeddable":true,"href":"https:\/\/www.makitamarket.com.tr\/site\/wp-json\/wp\/v2\/product_tag?post=12783"}],"curies":[{"name":"wp","href":"https:\/\/api.w.org\/{rel}","templated":true}]}}