{"id":12818,"date":"2024-11-28T00:34:20","date_gmt":"2024-11-27T21:34:20","guid":{"rendered":"https:\/\/www.makitamarket.com.tr\/site\/urun\/bmi-bmi-698150-robust-su-terazisi-150cm\/"},"modified":"2026-03-30T08:26:20","modified_gmt":"2026-03-30T05:26:20","slug":"bmi-bmi-698150-robust-su-terazisi-150cm","status":"publish","type":"product","link":"https:\/\/www.makitamarket.com.tr\/site\/urun\/bmi-bmi-698150-robust-su-terazisi-150cm\/","title":{"rendered":"Bmi 698150 BMI 698150 ROBUST SU TERAZ\u0130S\u0130 150cm"},"content":{"rendered":"<div>\n\t60&#215;26 mm kesitli e\u015fsiz 4 odal\u0131 burkulmaya dayan\u0131kl\u0131 profil yap\u0131s\u0131 BMI d\u00fcze\u00e7lerinde bulunan b\u00fcy\u00fcte\u00e7 etkisiyle daha net okuma 1m de 0,5mm hassasiyet Frezelenmi\u015f terazi y\u00fczeyler<\/div>\n<table>\n<tr>\n<td>Uzunluk<\/td>\n<td>150cm<\/td>\n<\/tr>\n<\/table>\n","protected":false},"excerpt":{"rendered":"<div>\n\t60&#215;26 mm kesitli e\u015fsiz 4 odal\u0131 burkulmaya dayan\u0131kl\u0131 profil yap\u0131s\u0131 BMI d\u00fcze\u00e7lerinde bulunan b\u00fcy\u00fcte\u00e7 etkisiyle daha net okuma 1m de 0,5mm hassasiyet Frezelenmi\u015f terazi y\u00fczeyler<\/div>\n","protected":false},"featured_media":12817,"comment_status":"open","ping_status":"closed","template":"","meta":{"_acf_changed":false},"product_brand":[1522],"product_cat":[974],"product_tag":[],"class_list":{"0":"post-12818","1":"product","2":"type-product","3":"status-publish","4":"has-post-thumbnail","6":"product_brand-bmi","7":"product_cat-su-terazileri","9":"first","10":"instock","11":"taxable","12":"shipping-taxable","13":"purchasable","14":"product-type-simple","15":"add-to-wishlist-after_add_to_cart"},"acf":[],"_links":{"self":[{"href":"https:\/\/www.makitamarket.com.tr\/site\/wp-json\/wp\/v2\/product\/12818","targetHints":{"allow":["GET"]}}],"collection":[{"href":"https:\/\/www.makitamarket.com.tr\/site\/wp-json\/wp\/v2\/product"}],"about":[{"href":"https:\/\/www.makitamarket.com.tr\/site\/wp-json\/wp\/v2\/types\/product"}],"replies":[{"embeddable":true,"href":"https:\/\/www.makitamarket.com.tr\/site\/wp-json\/wp\/v2\/comments?post=12818"}],"wp:featuredmedia":[{"embeddable":true,"href":"https:\/\/www.makitamarket.com.tr\/site\/wp-json\/wp\/v2\/media\/12817"}],"wp:attachment":[{"href":"https:\/\/www.makitamarket.com.tr\/site\/wp-json\/wp\/v2\/media?parent=12818"}],"wp:term":[{"taxonomy":"product_brand","embeddable":true,"href":"https:\/\/www.makitamarket.com.tr\/site\/wp-json\/wp\/v2\/product_brand?post=12818"},{"taxonomy":"product_cat","embeddable":true,"href":"https:\/\/www.makitamarket.com.tr\/site\/wp-json\/wp\/v2\/product_cat?post=12818"},{"taxonomy":"product_tag","embeddable":true,"href":"https:\/\/www.makitamarket.com.tr\/site\/wp-json\/wp\/v2\/product_tag?post=12818"}],"curies":[{"name":"wp","href":"https:\/\/api.w.org\/{rel}","templated":true}]}}