{"id":12823,"date":"2024-11-28T00:34:22","date_gmt":"2024-11-27T21:34:22","guid":{"rendered":"https:\/\/www.makitamarket.com.tr\/site\/urun\/junkaung-kollu-el-vinci-irgat-w06-525-2-a61\/"},"modified":"2026-03-30T08:26:21","modified_gmt":"2026-03-30T05:26:21","slug":"junkaung-kollu-el-vinci-irgat-w06-525-2-a61","status":"publish","type":"product","link":"https:\/\/www.makitamarket.com.tr\/site\/urun\/junkaung-kollu-el-vinci-irgat-w06-525-2-a61\/","title":{"rendered":"Junkaung JK06251 KOLLU EL V\u0130NC\u0130 (IRGAT) W06 &#8211; 525 &#8211; 2\/A61"},"content":{"rendered":"<div>\n\t\u2022 El Frenli<\/div>\n<div>\n\t\u2022 2 H\u0131zl\u0131<\/div>\n<div>\n\t\u2022 Kilitli<\/div>\n<table>\n<tr>\n<td>G\u00fcvenli \u00c7al\u0131\u015fma Y\u00fck\u00fc<\/td>\n<td>1100 kg<\/td>\n<\/tr>\n<tr>\n<td>Di\u015fli Oran\u0131<\/td>\n<td>5.5:1 \/ 14.3:1<\/td>\n<\/tr>\n<tr>\n<td>Standart\u0131<\/td>\n<td>CE<\/td>\n<\/tr>\n<\/table>\n","protected":false},"excerpt":{"rendered":"<div>\n\t\u2022 El Frenli<\/div>\n<div>\n\t\u2022 2 H\u0131zl\u0131<\/div>\n<div>\n\t\u2022 Kilitli<\/div>\n","protected":false},"featured_media":0,"comment_status":"open","ping_status":"closed","template":"","meta":{"_acf_changed":false},"product_brand":[1549],"product_cat":[1069],"product_tag":[],"class_list":{"0":"post-12823","1":"product","2":"type-product","3":"status-publish","5":"product_brand-junkaung","6":"product_cat-spanzetler-irgatlar-gerdirmeler","8":"first","9":"outofstock","10":"taxable","11":"shipping-taxable","12":"purchasable","13":"product-type-simple","14":"add-to-wishlist-after_add_to_cart"},"acf":[],"_links":{"self":[{"href":"https:\/\/www.makitamarket.com.tr\/site\/wp-json\/wp\/v2\/product\/12823","targetHints":{"allow":["GET"]}}],"collection":[{"href":"https:\/\/www.makitamarket.com.tr\/site\/wp-json\/wp\/v2\/product"}],"about":[{"href":"https:\/\/www.makitamarket.com.tr\/site\/wp-json\/wp\/v2\/types\/product"}],"replies":[{"embeddable":true,"href":"https:\/\/www.makitamarket.com.tr\/site\/wp-json\/wp\/v2\/comments?post=12823"}],"wp:attachment":[{"href":"https:\/\/www.makitamarket.com.tr\/site\/wp-json\/wp\/v2\/media?parent=12823"}],"wp:term":[{"taxonomy":"product_brand","embeddable":true,"href":"https:\/\/www.makitamarket.com.tr\/site\/wp-json\/wp\/v2\/product_brand?post=12823"},{"taxonomy":"product_cat","embeddable":true,"href":"https:\/\/www.makitamarket.com.tr\/site\/wp-json\/wp\/v2\/product_cat?post=12823"},{"taxonomy":"product_tag","embeddable":true,"href":"https:\/\/www.makitamarket.com.tr\/site\/wp-json\/wp\/v2\/product_tag?post=12823"}],"curies":[{"name":"wp","href":"https:\/\/api.w.org\/{rel}","templated":true}]}}