{"id":12829,"date":"2024-11-28T00:34:23","date_gmt":"2024-11-27T21:34:23","guid":{"rendered":"https:\/\/www.makitamarket.com.tr\/site\/urun\/globus-cift-tarafli-kopuk-bant-100mmx10mt\/"},"modified":"2026-01-23T13:51:31","modified_gmt":"2026-01-23T10:51:31","slug":"globus-cift-tarafli-kopuk-bant-100mmx10mt","status":"publish","type":"product","link":"https:\/\/www.makitamarket.com.tr\/site\/urun\/globus-cift-tarafli-kopuk-bant-100mmx10mt\/","title":{"rendered":"Globus GL14004 \u00c7\u0130FT TARAFLI K\u00d6P\u00dcK BANT 100mmx10mt"},"content":{"rendered":"<table>\n<tr>\n<td>\u00d6l\u00e7\u00fc<\/td>\n<td>10mm x 10mt<\/td>\n<\/tr>\n<tr>\n<td>Renk<\/td>\n<td>Ye\u015fil\/Siyah<\/td>\n<\/tr>\n<tr>\n<td>Koli Adedi<\/td>\n<td>120<\/td>\n<\/tr>\n<\/table>\n","protected":false},"excerpt":{"rendered":"<p>\u00d6l\u00e7\u00fc 10mm x 10mt Renk Ye\u015fil\/Siyah Koli Adedi 120<\/p>\n","protected":false},"featured_media":12828,"comment_status":"open","ping_status":"closed","template":"","meta":{"_acf_changed":false},"product_brand":[1510],"product_cat":[955],"product_tag":[],"class_list":{"0":"post-12829","1":"product","2":"type-product","3":"status-publish","4":"has-post-thumbnail","6":"product_brand-globus","7":"product_cat-bant-kesme-aparatlari-zimbalar","9":"first","10":"outofstock","11":"taxable","12":"shipping-taxable","13":"purchasable","14":"product-type-simple","15":"add-to-wishlist-after_add_to_cart"},"acf":[],"_links":{"self":[{"href":"https:\/\/www.makitamarket.com.tr\/site\/wp-json\/wp\/v2\/product\/12829","targetHints":{"allow":["GET"]}}],"collection":[{"href":"https:\/\/www.makitamarket.com.tr\/site\/wp-json\/wp\/v2\/product"}],"about":[{"href":"https:\/\/www.makitamarket.com.tr\/site\/wp-json\/wp\/v2\/types\/product"}],"replies":[{"embeddable":true,"href":"https:\/\/www.makitamarket.com.tr\/site\/wp-json\/wp\/v2\/comments?post=12829"}],"wp:featuredmedia":[{"embeddable":true,"href":"https:\/\/www.makitamarket.com.tr\/site\/wp-json\/wp\/v2\/media\/12828"}],"wp:attachment":[{"href":"https:\/\/www.makitamarket.com.tr\/site\/wp-json\/wp\/v2\/media?parent=12829"}],"wp:term":[{"taxonomy":"product_brand","embeddable":true,"href":"https:\/\/www.makitamarket.com.tr\/site\/wp-json\/wp\/v2\/product_brand?post=12829"},{"taxonomy":"product_cat","embeddable":true,"href":"https:\/\/www.makitamarket.com.tr\/site\/wp-json\/wp\/v2\/product_cat?post=12829"},{"taxonomy":"product_tag","embeddable":true,"href":"https:\/\/www.makitamarket.com.tr\/site\/wp-json\/wp\/v2\/product_tag?post=12829"}],"curies":[{"name":"wp","href":"https:\/\/api.w.org\/{rel}","templated":true}]}}