{"id":12831,"date":"2024-11-28T00:34:24","date_gmt":"2024-11-27T21:34:24","guid":{"rendered":"https:\/\/www.makitamarket.com.tr\/site\/urun\/proxxon-proxxon-20392-mengene-75-mm\/"},"modified":"2026-04-06T14:14:07","modified_gmt":"2026-04-06T11:14:07","slug":"proxxon-proxxon-20392-mengene-75-mm","status":"publish","type":"product","link":"https:\/\/www.makitamarket.com.tr\/site\/urun\/proxxon-proxxon-20392-mengene-75-mm\/","title":{"rendered":"Proxxon 20392 PROXXON 20392 MENGENE 75 mm"},"content":{"rendered":"<p>\n\t<span style=\"font-size:12px;\"><span style=\"font-family:tahoma,geneva,sans-serif;\">Sa\u011flam d\u00f6k\u00fcm demir taban\u0131n k\u0131zaklar\u0131 CNC i\u015flemelidir. Her iki \u00e7enede de d\u00fcz par\u00e7alar\u0131n s\u0131k\u0131\u015ft\u0131r\u0131lmas\u0131n\u0131 kolayla\u015ft\u0131ran \u00fcst taraf\u0131ndan oluklar bulunmaktad\u0131r. A\u011f\u0131r mengene yap\u0131s\u0131 sabitlenmeyi gereksiz k\u0131lmaktad\u0131r. Y\u00fcksek eksen y\u00fcklerinde bile hareket kolayl\u0131\u011f\u0131 sa\u011flayan vidal\u0131 silindir ile s\u0131k\u0131\u015ft\u0131rma ger\u00e7ekle\u015fmektedir.<\/span><\/span><\/p>\n<p>\n\t<span style=\"font-size:12px;\"><span style=\"font-family:tahoma,geneva,sans-serif;\">75 mm&#8217;lik \u00e7ene geni\u015fli\u011fi 65 mm&#8217;ye kadar a\u00e7\u0131lmaktad\u0131r. <\/span><\/span><\/p>\n<p>\n\t<span style=\"font-size:12px;\"><span style=\"font-family:tahoma,geneva,sans-serif;\">S\u0131k\u0131\u015ft\u0131rma oluklar\u0131 aras\u0131ndaki mesafe 100 mm&#8217;dir. <\/span><\/span><\/p>\n<p>\n\t<span style=\"font-size:12px;\"><span style=\"font-family:tahoma,geneva,sans-serif;\">Oluk \u00f6l\u00e7\u00fcs\u00fc 80 x 11 mm. <\/span><\/span><\/p>\n<p>\n\t<span style=\"font-size:12px;\"><span style=\"font-family:tahoma,geneva,sans-serif;\">A\u011f\u0131rl\u0131k 2.5 kg.<br \/>\n\t<\/span><\/span><\/p>\n<table>\n<tr>\n<td>\u00c7ene Geni\u015fli\u011fi<\/td>\n<td>75 mm<\/td>\n<\/tr>\n<tr>\n<td>\u00c7ene A\u00e7\u0131l\u0131m\u0131<\/td>\n<td>65 mm<\/td>\n<\/tr>\n<tr>\n<td>Oluk \u00d6l\u00e7\u00fcs\u00fc<\/td>\n<td>80 x 11 mm<\/td>\n<\/tr>\n<tr>\n<td>A\u011f\u0131rl\u0131k<\/td>\n<td>2.5 kg<\/td>\n<\/tr>\n<\/table>\n","protected":false},"excerpt":{"rendered":"<p>\n\t<span style=\"font-size:12px;\"><span style=\"font-family:tahoma,geneva,sans-serif;\">Sa\u011flam d\u00f6k\u00fcm demir taban\u0131n k\u0131zaklar\u0131 CNC i\u015flemelidir. Her iki \u00e7enede de d\u00fcz par\u00e7alar\u0131n s\u0131k\u0131\u015ft\u0131r\u0131lmas\u0131n\u0131 kolayla\u015ft\u0131ran \u00fcst taraf\u0131ndan oluklar bulunmaktad\u0131r. A\u011f\u0131r mengene yap\u0131s\u0131 sabitlenmeyi gereksiz k\u0131lmaktad\u0131r. Y\u00fcksek eksen y\u00fcklerinde bile hareket kolayl\u0131\u011f\u0131 sa\u011flayan vidal\u0131 silindir ile s\u0131k\u0131\u015ft\u0131rma ger\u00e7ekle\u015fmektedir.<\/span><\/span><\/p>\n<p>\n\t<span style=\"font-size:12px;\"><span style=\"font-family:tahoma,geneva,sans-serif;\">75 mm&#8217;lik \u00e7ene geni\u015fli\u011fi 65 mm&#8217;ye kadar a\u00e7\u0131lmaktad\u0131r. <\/span><\/span><\/p>\n<p>\n\t<span style=\"font-size:12px;\"><span style=\"font-family:tahoma,geneva,sans-serif;\">S\u0131k\u0131\u015ft\u0131rma oluklar\u0131 aras\u0131ndaki mesafe 100 mm&#8217;dir. <\/span><\/span><\/p>\n<p>\n\t<span style=\"font-size:12px;\"><span style=\"font-family:tahoma,geneva,sans-serif;\">Oluk \u00f6l\u00e7\u00fcs\u00fc 80 x 11 mm. <\/span><\/span><\/p>\n<p>\n\t<span style=\"font-size:12px;\"><span style=\"font-family:tahoma,geneva,sans-serif;\">A\u011f\u0131rl\u0131k 2.5 kg.<br \/>\n\t<\/span><\/span><\/p>\n","protected":false},"featured_media":12830,"comment_status":"open","ping_status":"closed","template":"","meta":{"_acf_changed":false},"product_brand":[1501],"product_cat":[1565],"product_tag":[],"class_list":{"0":"post-12831","1":"product","2":"type-product","3":"status-publish","4":"has-post-thumbnail","6":"product_brand-proxxon","7":"product_cat-yok-yok","9":"first","10":"instock","11":"taxable","12":"shipping-taxable","13":"purchasable","14":"product-type-simple","15":"add-to-wishlist-after_add_to_cart"},"acf":[],"_links":{"self":[{"href":"https:\/\/www.makitamarket.com.tr\/site\/wp-json\/wp\/v2\/product\/12831","targetHints":{"allow":["GET"]}}],"collection":[{"href":"https:\/\/www.makitamarket.com.tr\/site\/wp-json\/wp\/v2\/product"}],"about":[{"href":"https:\/\/www.makitamarket.com.tr\/site\/wp-json\/wp\/v2\/types\/product"}],"replies":[{"embeddable":true,"href":"https:\/\/www.makitamarket.com.tr\/site\/wp-json\/wp\/v2\/comments?post=12831"}],"wp:featuredmedia":[{"embeddable":true,"href":"https:\/\/www.makitamarket.com.tr\/site\/wp-json\/wp\/v2\/media\/12830"}],"wp:attachment":[{"href":"https:\/\/www.makitamarket.com.tr\/site\/wp-json\/wp\/v2\/media?parent=12831"}],"wp:term":[{"taxonomy":"product_brand","embeddable":true,"href":"https:\/\/www.makitamarket.com.tr\/site\/wp-json\/wp\/v2\/product_brand?post=12831"},{"taxonomy":"product_cat","embeddable":true,"href":"https:\/\/www.makitamarket.com.tr\/site\/wp-json\/wp\/v2\/product_cat?post=12831"},{"taxonomy":"product_tag","embeddable":true,"href":"https:\/\/www.makitamarket.com.tr\/site\/wp-json\/wp\/v2\/product_tag?post=12831"}],"curies":[{"name":"wp","href":"https:\/\/api.w.org\/{rel}","templated":true}]}}