{"id":12835,"date":"2024-11-28T00:35:03","date_gmt":"2024-11-27T21:35:03","guid":{"rendered":"https:\/\/www.makitamarket.com.tr\/site\/urun\/optimum-optimum-bsi100-matkap-mengenesi\/"},"modified":"2025-11-16T06:57:54","modified_gmt":"2025-11-16T03:57:54","slug":"optimum-optimum-bsi100-matkap-mengenesi","status":"publish","type":"product","link":"https:\/\/www.makitamarket.com.tr\/site\/urun\/optimum-optimum-bsi100-matkap-mengenesi\/","title":{"rendered":"Optimum BSI100 OPTIMUM BSI100 MATKAP MENGENES\u0130"},"content":{"rendered":"<p>\n\t\u2022 End\u00fcstriyel kalite s\u00fctunl\u00fc matkap mengenesi<\/p>\n<p>\n\t\u2022 Trapez di\u015fli hareket mili<\/p>\n<p>\n\t\u2022 Matkap tablas\u0131na oluklarla farkl\u0131 bi\u00e7imlerde ba\u011flanabilme<\/p>\n<p>\n\t\u2022 Y\u00fcksek kalite gri d\u00f6k\u00fcm<\/p>\n<table>\n<tr>\n<td>a<\/td>\n<td>350-460<\/td>\n<\/tr>\n<tr>\n<td>b<\/td>\n<td>88<\/td>\n<\/tr>\n<tr>\n<td>C<\/td>\n<td>110<\/td>\n<\/tr>\n<tr>\n<td>D<\/td>\n<td>12<\/td>\n<\/tr>\n<tr>\n<td>E<\/td>\n<td>19<\/td>\n<\/tr>\n<tr>\n<td>F<\/td>\n<td>100<\/td>\n<\/tr>\n<tr>\n<td>G<\/td>\n<td>136<\/td>\n<\/tr>\n<tr>\n<td>H<\/td>\n<td>170<\/td>\n<\/tr>\n<tr>\n<td>I<\/td>\n<td>12<\/td>\n<\/tr>\n<tr>\n<td>J<\/td>\n<td>216<\/td>\n<\/tr>\n<tr>\n<td>K<\/td>\n<td>72<\/td>\n<\/tr>\n<tr>\n<td>L<\/td>\n<td>40<\/td>\n<\/tr>\n<tr>\n<td>A\u011f\u0131rl\u0131k<\/td>\n<td>8,7 kg<\/td>\n<\/tr>\n<\/table>\n","protected":false},"excerpt":{"rendered":"<p>\n\t\u2022 End\u00fcstriyel kalite s\u00fctunl\u00fc matkap mengenesi<\/p>\n<p>\n\t\u2022 Trapez di\u015fli hareket mili<\/p>\n<p>\n\t\u2022 Matkap tablas\u0131na oluklarla farkl\u0131 bi\u00e7imlerde ba\u011flanabilme<\/p>\n<p>\n\t\u2022 Y\u00fcksek kalite gri d\u00f6k\u00fcm<\/p>\n","protected":false},"featured_media":12834,"comment_status":"open","ping_status":"closed","template":"","meta":{"_acf_changed":false},"product_brand":[1511],"product_cat":[824],"product_tag":[],"class_list":{"0":"post-12835","1":"product","2":"type-product","3":"status-publish","4":"has-post-thumbnail","6":"product_brand-optimum","7":"product_cat-aksesuarlar-metal-isleme-makinalari-2","9":"first","10":"outofstock","11":"taxable","12":"shipping-taxable","13":"purchasable","14":"product-type-simple","15":"add-to-wishlist-after_add_to_cart"},"acf":[],"_links":{"self":[{"href":"https:\/\/www.makitamarket.com.tr\/site\/wp-json\/wp\/v2\/product\/12835","targetHints":{"allow":["GET"]}}],"collection":[{"href":"https:\/\/www.makitamarket.com.tr\/site\/wp-json\/wp\/v2\/product"}],"about":[{"href":"https:\/\/www.makitamarket.com.tr\/site\/wp-json\/wp\/v2\/types\/product"}],"replies":[{"embeddable":true,"href":"https:\/\/www.makitamarket.com.tr\/site\/wp-json\/wp\/v2\/comments?post=12835"}],"wp:featuredmedia":[{"embeddable":true,"href":"https:\/\/www.makitamarket.com.tr\/site\/wp-json\/wp\/v2\/media\/12834"}],"wp:attachment":[{"href":"https:\/\/www.makitamarket.com.tr\/site\/wp-json\/wp\/v2\/media?parent=12835"}],"wp:term":[{"taxonomy":"product_brand","embeddable":true,"href":"https:\/\/www.makitamarket.com.tr\/site\/wp-json\/wp\/v2\/product_brand?post=12835"},{"taxonomy":"product_cat","embeddable":true,"href":"https:\/\/www.makitamarket.com.tr\/site\/wp-json\/wp\/v2\/product_cat?post=12835"},{"taxonomy":"product_tag","embeddable":true,"href":"https:\/\/www.makitamarket.com.tr\/site\/wp-json\/wp\/v2\/product_tag?post=12835"}],"curies":[{"name":"wp","href":"https:\/\/api.w.org\/{rel}","templated":true}]}}