{"id":12844,"date":"2024-11-28T00:35:05","date_gmt":"2024-11-27T21:35:05","guid":{"rendered":"https:\/\/www.makitamarket.com.tr\/site\/urun\/knipex-nalbantci-kerpeten-300-mm\/"},"modified":"2026-04-06T14:14:54","modified_gmt":"2026-04-06T11:14:54","slug":"knipex-nalbantci-kerpeten-300-mm","status":"publish","type":"product","link":"https:\/\/www.makitamarket.com.tr\/site\/urun\/knipex-nalbantci-kerpeten-300-mm\/","title":{"rendered":"Knipex 5500300 NALBANT\u00c7I KERPETEN 300 mm"},"content":{"rendered":"<p><b>55 00 300 Nalbant\u00e7\u0131 Kerpeteni<\/b><br \/>K\u00fc\u00e7\u00fck kafal\u0131 ve nal \u00e7ivisi y\u00f6nlendiricili. Nalbantlar i\u00e7in \u00f6zel pense. Y\u00fczey s\u00f6kme i\u015fleri i\u00e7in uygun. Kesiciler ek olarak sertle\u015ftirilmi\u015ftir; Kesici sertli\u011fi yakl. 59 HRC. <\/p>\n<li><b>Kafa geni\u015fli\u011fi (W3): <\/b>20,0 mm<\/li>\n<li><b>B\u0131\u00e7ak boyu mm: <\/b>20 mm<\/li>\n<table>\n<tr>\n<td>Kafa Geni\u015fli\u011fi<\/td>\n<td>20 mm<\/td>\n<\/tr>\n<tr>\n<td>Sap<\/td>\n<td>\u0130zolesiz<\/td>\n<\/tr>\n<tr>\n<td>Uzunluk<\/td>\n<td>300<\/td>\n<\/tr>\n<tr>\n<td>Kafa<\/td>\n<td>Polisaj<\/td>\n<\/tr>\n<tr>\n<td>A\u011f\u0131rl\u0131k<\/td>\n<td>786 gr<\/td>\n<\/tr>\n<\/table>\n","protected":false},"excerpt":{"rendered":"<p><b>55 00 300 Nalbant\u00e7\u0131 Kerpeteni<\/b><br \/>K\u00fc\u00e7\u00fck kafal\u0131 ve nal \u00e7ivisi y\u00f6nlendiricili. Nalbantlar i\u00e7in \u00f6zel pense. Y\u00fczey s\u00f6kme i\u015fleri i\u00e7in uygun. Kesiciler ek olarak sertle\u015ftirilmi\u015ftir; Kesici sertli\u011fi yakl. 59 HRC. <\/p>\n<li><b>Kafa geni\u015fli\u011fi (W3): <\/b>20,0 mm<\/li>\n<li><b>B\u0131\u00e7ak boyu mm: <\/b>20 mm<\/li>\n","protected":false},"featured_media":12843,"comment_status":"open","ping_status":"closed","template":"","meta":{"_acf_changed":false},"product_brand":[1486],"product_cat":[1219],"product_tag":[],"class_list":{"0":"post-12844","1":"product","2":"type-product","3":"status-publish","4":"has-post-thumbnail","6":"product_brand-knipex","7":"product_cat-kerpetenler","9":"first","10":"instock","11":"taxable","12":"shipping-taxable","13":"purchasable","14":"product-type-simple","15":"add-to-wishlist-after_add_to_cart"},"acf":[],"_links":{"self":[{"href":"https:\/\/www.makitamarket.com.tr\/site\/wp-json\/wp\/v2\/product\/12844","targetHints":{"allow":["GET"]}}],"collection":[{"href":"https:\/\/www.makitamarket.com.tr\/site\/wp-json\/wp\/v2\/product"}],"about":[{"href":"https:\/\/www.makitamarket.com.tr\/site\/wp-json\/wp\/v2\/types\/product"}],"replies":[{"embeddable":true,"href":"https:\/\/www.makitamarket.com.tr\/site\/wp-json\/wp\/v2\/comments?post=12844"}],"wp:featuredmedia":[{"embeddable":true,"href":"https:\/\/www.makitamarket.com.tr\/site\/wp-json\/wp\/v2\/media\/12843"}],"wp:attachment":[{"href":"https:\/\/www.makitamarket.com.tr\/site\/wp-json\/wp\/v2\/media?parent=12844"}],"wp:term":[{"taxonomy":"product_brand","embeddable":true,"href":"https:\/\/www.makitamarket.com.tr\/site\/wp-json\/wp\/v2\/product_brand?post=12844"},{"taxonomy":"product_cat","embeddable":true,"href":"https:\/\/www.makitamarket.com.tr\/site\/wp-json\/wp\/v2\/product_cat?post=12844"},{"taxonomy":"product_tag","embeddable":true,"href":"https:\/\/www.makitamarket.com.tr\/site\/wp-json\/wp\/v2\/product_tag?post=12844"}],"curies":[{"name":"wp","href":"https:\/\/api.w.org\/{rel}","templated":true}]}}