{"id":12874,"date":"2024-11-28T00:35:18","date_gmt":"2024-11-27T21:35:18","guid":{"rendered":"https:\/\/www.makitamarket.com.tr\/site\/urun\/makita-ni-cd-serisi-aku-9-6-v-1-9ah-9102\/"},"modified":"2026-04-06T14:15:09","modified_gmt":"2026-04-06T11:15:09","slug":"makita-ni-cd-serisi-aku-9-6-v-1-9ah-9102","status":"publish","type":"product","link":"https:\/\/www.makitamarket.com.tr\/site\/urun\/makita-ni-cd-serisi-aku-9-6-v-1-9ah-9102\/","title":{"rendered":"Makita 192534-8 N\u0130-CD SER\u0130S\u0130 AK\u00dc 9.6 V 1.9AH 9102"},"content":{"rendered":"<table>\n<tr>\n<td>Model<\/td>\n<td>9102<\/td>\n<\/tr>\n<tr>\n<td>G\u00fc\u00e7 \/ Kapasite<\/td>\n<td>9.6 V  \/ 1.9 Ah \/ Ni-CD<\/td>\n<\/tr>\n<tr>\n<td>A\u00e7\u0131klama<\/td>\n<td>K\u0131sa tip<\/td>\n<\/tr>\n<\/table>\n","protected":false},"excerpt":{"rendered":"<p>Model 9102 G\u00fc\u00e7 \/ Kapasite 9.6 V \/ 1.9 Ah \/ Ni-CD A\u00e7\u0131klama K\u0131sa tip<\/p>\n","protected":false},"featured_media":12873,"comment_status":"open","ping_status":"closed","template":"","meta":{"_acf_changed":false},"product_brand":[1485],"product_cat":[1086],"product_tag":[],"class_list":{"0":"post-12874","1":"product","2":"type-product","3":"status-publish","4":"has-post-thumbnail","6":"product_brand-makita","7":"product_cat-nikel-kadmiyum-ni-cd-akuler","9":"first","10":"instock","11":"taxable","12":"shipping-taxable","13":"purchasable","14":"product-type-simple","15":"add-to-wishlist-after_add_to_cart"},"acf":[],"_links":{"self":[{"href":"https:\/\/www.makitamarket.com.tr\/site\/wp-json\/wp\/v2\/product\/12874","targetHints":{"allow":["GET"]}}],"collection":[{"href":"https:\/\/www.makitamarket.com.tr\/site\/wp-json\/wp\/v2\/product"}],"about":[{"href":"https:\/\/www.makitamarket.com.tr\/site\/wp-json\/wp\/v2\/types\/product"}],"replies":[{"embeddable":true,"href":"https:\/\/www.makitamarket.com.tr\/site\/wp-json\/wp\/v2\/comments?post=12874"}],"wp:featuredmedia":[{"embeddable":true,"href":"https:\/\/www.makitamarket.com.tr\/site\/wp-json\/wp\/v2\/media\/12873"}],"wp:attachment":[{"href":"https:\/\/www.makitamarket.com.tr\/site\/wp-json\/wp\/v2\/media?parent=12874"}],"wp:term":[{"taxonomy":"product_brand","embeddable":true,"href":"https:\/\/www.makitamarket.com.tr\/site\/wp-json\/wp\/v2\/product_brand?post=12874"},{"taxonomy":"product_cat","embeddable":true,"href":"https:\/\/www.makitamarket.com.tr\/site\/wp-json\/wp\/v2\/product_cat?post=12874"},{"taxonomy":"product_tag","embeddable":true,"href":"https:\/\/www.makitamarket.com.tr\/site\/wp-json\/wp\/v2\/product_tag?post=12874"}],"curies":[{"name":"wp","href":"https:\/\/api.w.org\/{rel}","templated":true}]}}