{"id":12876,"date":"2024-11-28T00:35:23","date_gmt":"2024-11-27T21:35:23","guid":{"rendered":"https:\/\/www.makitamarket.com.tr\/site\/urun\/nikon-inox-flex-kesme-tasi-230x1-9x22-mm\/"},"modified":"2025-11-16T06:58:42","modified_gmt":"2025-11-16T03:58:42","slug":"nikon-inox-flex-kesme-tasi-230x1-9x22-mm","status":"publish","type":"product","link":"https:\/\/www.makitamarket.com.tr\/site\/urun\/nikon-inox-flex-kesme-tasi-230x1-9x22-mm\/","title":{"rendered":"Nikon N38059 INOX FLEX KESME TA\u015eI 230&#215;1.9&#215;22 mm"},"content":{"rendered":"<table>\n<tr>\n<td>G\u00f6bek<\/td>\n<td>D\u00fcz<\/td>\n<\/tr>\n<tr>\n<td>\u00d6l\u00e7\u00fc(mm)<\/td>\n<td>230 x 1.9 x 22<\/td>\n<\/tr>\n<tr>\n<td>Kutu \u0130\u00e7i Adedi<\/td>\n<td>10<\/td>\n<\/tr>\n<\/table>\n","protected":false},"excerpt":{"rendered":"<p>G\u00f6bek D\u00fcz \u00d6l\u00e7\u00fc(mm) 230 x 1.9 x 22 Kutu \u0130\u00e7i Adedi 10<\/p>\n","protected":false},"featured_media":12875,"comment_status":"open","ping_status":"closed","template":"","meta":{"_acf_changed":false},"product_brand":[1518],"product_cat":[1082],"product_tag":[],"class_list":{"0":"post-12876","1":"product","2":"type-product","3":"status-publish","4":"has-post-thumbnail","6":"product_brand-nikon","7":"product_cat-230mm-kesme-taslari","9":"first","10":"outofstock","11":"taxable","12":"shipping-taxable","13":"purchasable","14":"product-type-simple","15":"add-to-wishlist-after_add_to_cart"},"acf":[],"_links":{"self":[{"href":"https:\/\/www.makitamarket.com.tr\/site\/wp-json\/wp\/v2\/product\/12876","targetHints":{"allow":["GET"]}}],"collection":[{"href":"https:\/\/www.makitamarket.com.tr\/site\/wp-json\/wp\/v2\/product"}],"about":[{"href":"https:\/\/www.makitamarket.com.tr\/site\/wp-json\/wp\/v2\/types\/product"}],"replies":[{"embeddable":true,"href":"https:\/\/www.makitamarket.com.tr\/site\/wp-json\/wp\/v2\/comments?post=12876"}],"wp:featuredmedia":[{"embeddable":true,"href":"https:\/\/www.makitamarket.com.tr\/site\/wp-json\/wp\/v2\/media\/12875"}],"wp:attachment":[{"href":"https:\/\/www.makitamarket.com.tr\/site\/wp-json\/wp\/v2\/media?parent=12876"}],"wp:term":[{"taxonomy":"product_brand","embeddable":true,"href":"https:\/\/www.makitamarket.com.tr\/site\/wp-json\/wp\/v2\/product_brand?post=12876"},{"taxonomy":"product_cat","embeddable":true,"href":"https:\/\/www.makitamarket.com.tr\/site\/wp-json\/wp\/v2\/product_cat?post=12876"},{"taxonomy":"product_tag","embeddable":true,"href":"https:\/\/www.makitamarket.com.tr\/site\/wp-json\/wp\/v2\/product_tag?post=12876"}],"curies":[{"name":"wp","href":"https:\/\/api.w.org\/{rel}","templated":true}]}}