{"id":12884,"date":"2024-11-28T00:36:01","date_gmt":"2024-11-27T21:36:01","guid":{"rendered":"https:\/\/www.makitamarket.com.tr\/site\/urun\/knipex-telefon-krone-bicagi-175-mm\/"},"modified":"2026-04-06T14:15:51","modified_gmt":"2026-04-06T11:15:51","slug":"knipex-telefon-krone-bicagi-175-mm","status":"publish","type":"product","link":"https:\/\/www.makitamarket.com.tr\/site\/urun\/knipex-telefon-krone-bicagi-175-mm\/","title":{"rendered":"Knipex 974010 TELEFON KRONE BI\u00c7A\u011eI 175 mm"},"content":{"rendered":"<p><b>97 40 10 Yana\u015ft\u0131rma aleti<\/b><br \/>\u00c7\u0131ta, buat ve alanlara yerle\u015ftirme aleti. Yerle\u015ftirme ve kesme tek bir i\u015flemde ger\u00e7ekle\u015ftirilir. \u0130letken \u00e7ap\u0131 0,4 &#8211; 0,8 mm aras\u0131nda olan UTP ve STP kablolar i\u00e7in. Entegre \u00e7ekme kancas\u0131 ve a\u00e7ma mandal\u0131 ile. <\/p>\n<li><b>G\u00f6vde: <\/b>Plastik<\/li>\n<li><b>Uygulama: <\/b>UTP- ve STP kablosu, LSA-Plus ve ayn\u0131 tip<\/li>\n<li><b>Kapasite (\u00e7ap): <\/b>\u00d8 0,4 \u2013 0,8 mm<\/li>\n<table>\n<tr>\n<td>Sap<\/td>\n<td>Plastik Sap<\/td>\n<\/tr>\n<tr>\n<td>Kafa<\/td>\n<td>Siyah<\/td>\n<\/tr>\n<tr>\n<td>Uzunluk<\/td>\n<td>175<\/td>\n<\/tr>\n<tr>\n<td>Kapasite<\/td>\n<td>0,4-0,8mm<\/td>\n<\/tr>\n<tr>\n<td>A\u011f\u0131rl\u0131k<\/td>\n<td>95 gr<\/td>\n<\/tr>\n<tr>\n<td>Uygulama Alan\u0131<\/td>\n<td>UTP, STP LSA Plus tan\u0131mlay\u0131c\u0131 kablolar<\/td>\n<\/tr>\n<\/table>\n","protected":false},"excerpt":{"rendered":"<p><b>97 40 10 Yana\u015ft\u0131rma aleti<\/b><br \/>\u00c7\u0131ta, buat ve alanlara yerle\u015ftirme aleti. Yerle\u015ftirme ve kesme tek bir i\u015flemde ger\u00e7ekle\u015ftirilir. \u0130letken \u00e7ap\u0131 0,4 &#8211; 0,8 mm aras\u0131nda olan UTP ve STP kablolar i\u00e7in. Entegre \u00e7ekme kancas\u0131 ve a\u00e7ma mandal\u0131 ile. <\/p>\n<li><b>G\u00f6vde: <\/b>Plastik<\/li>\n<li><b>Uygulama: <\/b>UTP- ve STP kablosu, LSA-Plus ve ayn\u0131 tip<\/li>\n<li><b>Kapasite (\u00e7ap): <\/b>\u00d8 0,4 \u2013 0,8 mm<\/li>\n","protected":false},"featured_media":12883,"comment_status":"open","ping_status":"closed","template":"","meta":{"_acf_changed":false},"product_brand":[1486],"product_cat":[852],"product_tag":[],"class_list":{"0":"post-12884","1":"product","2":"type-product","3":"status-publish","4":"has-post-thumbnail","6":"product_brand-knipex","7":"product_cat-kablo-yuksuk-ve-pabuc-sikmalar","9":"first","10":"outofstock","11":"taxable","12":"shipping-taxable","13":"purchasable","14":"product-type-simple","15":"add-to-wishlist-after_add_to_cart"},"acf":[],"_links":{"self":[{"href":"https:\/\/www.makitamarket.com.tr\/site\/wp-json\/wp\/v2\/product\/12884","targetHints":{"allow":["GET"]}}],"collection":[{"href":"https:\/\/www.makitamarket.com.tr\/site\/wp-json\/wp\/v2\/product"}],"about":[{"href":"https:\/\/www.makitamarket.com.tr\/site\/wp-json\/wp\/v2\/types\/product"}],"replies":[{"embeddable":true,"href":"https:\/\/www.makitamarket.com.tr\/site\/wp-json\/wp\/v2\/comments?post=12884"}],"wp:featuredmedia":[{"embeddable":true,"href":"https:\/\/www.makitamarket.com.tr\/site\/wp-json\/wp\/v2\/media\/12883"}],"wp:attachment":[{"href":"https:\/\/www.makitamarket.com.tr\/site\/wp-json\/wp\/v2\/media?parent=12884"}],"wp:term":[{"taxonomy":"product_brand","embeddable":true,"href":"https:\/\/www.makitamarket.com.tr\/site\/wp-json\/wp\/v2\/product_brand?post=12884"},{"taxonomy":"product_cat","embeddable":true,"href":"https:\/\/www.makitamarket.com.tr\/site\/wp-json\/wp\/v2\/product_cat?post=12884"},{"taxonomy":"product_tag","embeddable":true,"href":"https:\/\/www.makitamarket.com.tr\/site\/wp-json\/wp\/v2\/product_tag?post=12884"}],"curies":[{"name":"wp","href":"https:\/\/api.w.org\/{rel}","templated":true}]}}