{"id":12892,"date":"2024-11-28T00:36:04","date_gmt":"2024-11-27T21:36:04","guid":{"rendered":"https:\/\/www.makitamarket.com.tr\/site\/urun\/bea-140-serisi-zimba-teli-25-mm\/"},"modified":"2026-04-06T14:15:55","modified_gmt":"2026-04-06T11:15:55","slug":"bea-140-serisi-zimba-teli-25-mm","status":"publish","type":"product","link":"https:\/\/www.makitamarket.com.tr\/site\/urun\/bea-140-serisi-zimba-teli-25-mm\/","title":{"rendered":"Bea 140\/25 140 SER\u0130S\u0130 ZIMBA TEL\u0130 25 mm"},"content":{"rendered":"<p>\n\t<strong><span style=\"color: rgb(255, 0, 0);\">Not:<\/span><\/strong>\u00a0<span style=\"color: rgb(255, 0, 0);\">Tel ve \u00e7ivi fiyatlar\u0131 1000 adet fiyatlar\u0131d\u0131r.<\/span><\/p>\n<table>\n<tr>\n<td>Uzunluk<\/td>\n<td>25 mm<\/td>\n<\/tr>\n<tr>\n<td>Koli Adet<\/td>\n<td>12.000<\/td>\n<\/tr>\n<tr>\n<td>Palet<\/td>\n<td>68 Koli<\/td>\n<\/tr>\n<\/table>\n","protected":false},"excerpt":{"rendered":"<p>\n\t<strong><span style=\"color: rgb(255, 0, 0);\">Not:<\/span><\/strong>\u00a0<span style=\"color: rgb(255, 0, 0);\">Tel ve \u00e7ivi fiyatlar\u0131 1000 adet fiyatlar\u0131d\u0131r.<\/span><\/p>\n","protected":false},"featured_media":12891,"comment_status":"open","ping_status":"closed","template":"","meta":{"_acf_changed":false},"product_brand":[1508],"product_cat":[1565],"product_tag":[],"class_list":{"0":"post-12892","1":"product","2":"type-product","3":"status-publish","4":"has-post-thumbnail","6":"product_brand-bea","7":"product_cat-yok-yok","9":"first","10":"instock","11":"taxable","12":"shipping-taxable","13":"purchasable","14":"product-type-simple","15":"add-to-wishlist-after_add_to_cart"},"acf":[],"_links":{"self":[{"href":"https:\/\/www.makitamarket.com.tr\/site\/wp-json\/wp\/v2\/product\/12892","targetHints":{"allow":["GET"]}}],"collection":[{"href":"https:\/\/www.makitamarket.com.tr\/site\/wp-json\/wp\/v2\/product"}],"about":[{"href":"https:\/\/www.makitamarket.com.tr\/site\/wp-json\/wp\/v2\/types\/product"}],"replies":[{"embeddable":true,"href":"https:\/\/www.makitamarket.com.tr\/site\/wp-json\/wp\/v2\/comments?post=12892"}],"wp:featuredmedia":[{"embeddable":true,"href":"https:\/\/www.makitamarket.com.tr\/site\/wp-json\/wp\/v2\/media\/12891"}],"wp:attachment":[{"href":"https:\/\/www.makitamarket.com.tr\/site\/wp-json\/wp\/v2\/media?parent=12892"}],"wp:term":[{"taxonomy":"product_brand","embeddable":true,"href":"https:\/\/www.makitamarket.com.tr\/site\/wp-json\/wp\/v2\/product_brand?post=12892"},{"taxonomy":"product_cat","embeddable":true,"href":"https:\/\/www.makitamarket.com.tr\/site\/wp-json\/wp\/v2\/product_cat?post=12892"},{"taxonomy":"product_tag","embeddable":true,"href":"https:\/\/www.makitamarket.com.tr\/site\/wp-json\/wp\/v2\/product_tag?post=12892"}],"curies":[{"name":"wp","href":"https:\/\/api.w.org\/{rel}","templated":true}]}}