{"id":12895,"date":"2024-11-28T00:36:04","date_gmt":"2024-11-27T21:36:04","guid":{"rendered":"https:\/\/www.makitamarket.com.tr\/site\/urun\/makita-mt-darbesiz-yuksek-hiz-matkabi-6-5-mm\/"},"modified":"2025-07-11T20:41:03","modified_gmt":"2025-07-11T17:41:03","slug":"makita-mt-darbesiz-yuksek-hiz-matkabi-6-5-mm","status":"publish","type":"product","link":"https:\/\/www.makitamarket.com.tr\/site\/urun\/makita-mt-darbesiz-yuksek-hiz-matkabi-6-5-mm\/","title":{"rendered":"Makita MT M6500M DARBES\u0130Z Y\u00dcKSEK HIZ MATKABI 6.5 mm"},"content":{"rendered":"<table>\n<tr>\n<td>S\u00fcrekli Ak\u0131m Giri\u015fi<\/td>\n<td>230 W<\/td>\n<\/tr>\n<tr>\n<td>Kapasite<\/td>\n<td>\u00c7elik : 6.5 mm, Ah\u015fap : 9 mm<\/td>\n<\/tr>\n<tr>\n<td>Bo\u015ftaki devir say\u0131s\u0131<\/td>\n<td>4.500 devir\/dk<\/td>\n<\/tr>\n<tr>\n<td>Net A\u011f\u0131rl\u0131k<\/td>\n<td>0,92kg<\/td>\n<\/tr>\n<tr>\n<td>Ak\u0131m<\/td>\n<td>1.05Ah<\/td>\n<\/tr>\n<tr>\n<td>Mandren<\/td>\n<td>3\/8&#8243;<\/td>\n<\/tr>\n<tr>\n<td>S\u0131kma Tork De\u011feri<\/td>\n<td>5 Nm<\/td>\n<\/tr>\n<tr>\n<td>Ambalaj \u0130\u00e7eri\u011fi<\/td>\n<td>Mandren anahtar\u0131<\/td>\n<\/tr>\n<\/table>\n","protected":false},"excerpt":{"rendered":"<p>S\u00fcrekli Ak\u0131m Giri\u015fi 230 W Kapasite \u00c7elik : 6.5 mm, Ah\u015fap : 9 mm Bo\u015ftaki devir say\u0131s\u0131 4.500 devir\/dk Net A\u011f\u0131rl\u0131k 0,92kg Ak\u0131m 1.05Ah Mandren 3\/8&#8243; S\u0131kma Tork De\u011feri 5<\/p>\n","protected":false},"featured_media":13578,"comment_status":"open","ping_status":"closed","template":"","meta":{"_acf_changed":false},"product_brand":[],"product_cat":[15],"product_tag":[],"class_list":{"0":"post-12895","1":"product","2":"type-product","3":"status-publish","4":"has-post-thumbnail","6":"product_cat-genel","8":"first","9":"outofstock","10":"taxable","11":"shipping-taxable","12":"purchasable","13":"product-type-simple","14":"add-to-wishlist-after_add_to_cart"},"acf":[],"_links":{"self":[{"href":"https:\/\/www.makitamarket.com.tr\/site\/wp-json\/wp\/v2\/product\/12895","targetHints":{"allow":["GET"]}}],"collection":[{"href":"https:\/\/www.makitamarket.com.tr\/site\/wp-json\/wp\/v2\/product"}],"about":[{"href":"https:\/\/www.makitamarket.com.tr\/site\/wp-json\/wp\/v2\/types\/product"}],"replies":[{"embeddable":true,"href":"https:\/\/www.makitamarket.com.tr\/site\/wp-json\/wp\/v2\/comments?post=12895"}],"wp:featuredmedia":[{"embeddable":true,"href":"https:\/\/www.makitamarket.com.tr\/site\/wp-json\/wp\/v2\/media\/13578"}],"wp:attachment":[{"href":"https:\/\/www.makitamarket.com.tr\/site\/wp-json\/wp\/v2\/media?parent=12895"}],"wp:term":[{"taxonomy":"product_brand","embeddable":true,"href":"https:\/\/www.makitamarket.com.tr\/site\/wp-json\/wp\/v2\/product_brand?post=12895"},{"taxonomy":"product_cat","embeddable":true,"href":"https:\/\/www.makitamarket.com.tr\/site\/wp-json\/wp\/v2\/product_cat?post=12895"},{"taxonomy":"product_tag","embeddable":true,"href":"https:\/\/www.makitamarket.com.tr\/site\/wp-json\/wp\/v2\/product_tag?post=12895"}],"curies":[{"name":"wp","href":"https:\/\/api.w.org\/{rel}","templated":true}]}}