{"id":12899,"date":"2024-11-28T00:36:07","date_gmt":"2024-11-27T21:36:07","guid":{"rendered":"https:\/\/www.makitamarket.com.tr\/site\/urun\/proxxon-endustriyel-ince-yildiz-anahtar-takimi-8-parca\/"},"modified":"2026-04-13T20:29:44","modified_gmt":"2026-04-13T17:29:44","slug":"proxxon-endustriyel-ince-yildiz-anahtar-takimi-8-parca","status":"publish","type":"product","link":"https:\/\/www.makitamarket.com.tr\/site\/urun\/proxxon-endustriyel-ince-yildiz-anahtar-takimi-8-parca\/","title":{"rendered":"Proxxon End\u00fcstriyel 23810 \u0130NCE YILDIZ ANAHTAR TAKIMI 8 PAR\u00c7A"},"content":{"rendered":"<div>\n\tSlim Line \u00e7ift kafal\u0131 y\u0131ld\u0131z anahtar tak\u0131m\u0131: 8 par\u00e7al\u0131 tak\u0131m.750 a\u00e7\u0131 kafal\u0131 ve DIN 838 ve ISO 3318 standartlar\u0131nda.6&#215;7, 8&#215;9, 10&#215;11, 12&#215;13, 14&#215;15, 16&#215;17, 18&#215;19 ve 20x 22mm \u00f6l\u00e7\u00fclerinde.<\/div>\n<table>\n<tr>\n<td>Tip<\/td>\n<td>Slim-Line<\/td>\n<\/tr>\n<tr>\n<td>Par\u00e7a<\/td>\n<td>8<\/td>\n<\/tr>\n<\/table>\n","protected":false},"excerpt":{"rendered":"<div>\n\tSlim Line \u00e7ift kafal\u0131 y\u0131ld\u0131z anahtar tak\u0131m\u0131: 8 par\u00e7al\u0131 tak\u0131m.750 a\u00e7\u0131 kafal\u0131 ve DIN 838 ve ISO 3318 standartlar\u0131nda.6&#215;7, 8&#215;9, 10&#215;11, 12&#215;13, 14&#215;15, 16&#215;17, 18&#215;19 ve 20x 22mm \u00f6l\u00e7\u00fclerinde.<\/div>\n","protected":false},"featured_media":12898,"comment_status":"open","ping_status":"closed","template":"","meta":{"_acf_changed":false},"product_brand":[1529],"product_cat":[978],"product_tag":[],"class_list":{"0":"post-12899","1":"product","2":"type-product","3":"status-publish","4":"has-post-thumbnail","6":"product_brand-proxxon-endustriyel","7":"product_cat-anahtarlar","9":"first","10":"instock","11":"taxable","12":"shipping-taxable","13":"purchasable","14":"product-type-simple","15":"add-to-wishlist-after_add_to_cart"},"acf":[],"_links":{"self":[{"href":"https:\/\/www.makitamarket.com.tr\/site\/wp-json\/wp\/v2\/product\/12899","targetHints":{"allow":["GET"]}}],"collection":[{"href":"https:\/\/www.makitamarket.com.tr\/site\/wp-json\/wp\/v2\/product"}],"about":[{"href":"https:\/\/www.makitamarket.com.tr\/site\/wp-json\/wp\/v2\/types\/product"}],"replies":[{"embeddable":true,"href":"https:\/\/www.makitamarket.com.tr\/site\/wp-json\/wp\/v2\/comments?post=12899"}],"wp:featuredmedia":[{"embeddable":true,"href":"https:\/\/www.makitamarket.com.tr\/site\/wp-json\/wp\/v2\/media\/12898"}],"wp:attachment":[{"href":"https:\/\/www.makitamarket.com.tr\/site\/wp-json\/wp\/v2\/media?parent=12899"}],"wp:term":[{"taxonomy":"product_brand","embeddable":true,"href":"https:\/\/www.makitamarket.com.tr\/site\/wp-json\/wp\/v2\/product_brand?post=12899"},{"taxonomy":"product_cat","embeddable":true,"href":"https:\/\/www.makitamarket.com.tr\/site\/wp-json\/wp\/v2\/product_cat?post=12899"},{"taxonomy":"product_tag","embeddable":true,"href":"https:\/\/www.makitamarket.com.tr\/site\/wp-json\/wp\/v2\/product_tag?post=12899"}],"curies":[{"name":"wp","href":"https:\/\/api.w.org\/{rel}","templated":true}]}}