{"id":12905,"date":"2024-11-28T00:36:08","date_gmt":"2024-11-27T21:36:08","guid":{"rendered":"https:\/\/www.makitamarket.com.tr\/site\/urun\/edn-ktf-laminant-testere-300x3-2x30mm-72-dis\/"},"modified":"2026-03-30T08:27:25","modified_gmt":"2026-03-30T05:27:25","slug":"edn-ktf-laminant-testere-300x3-2x30mm-72-dis","status":"publish","type":"product","link":"https:\/\/www.makitamarket.com.tr\/site\/urun\/edn-ktf-laminant-testere-300x3-2x30mm-72-dis\/","title":{"rendered":"Edn KTF 300 KTF LAM\u0130NANT TESTERE 300&#215;3.2x30mm 72 D\u0130\u015e"},"content":{"rendered":"<div>\n\t\u2022 Superline \u2022 Pozitif di\u015f a\u00e7\u0131s\u0131 \u2022 Lazerli genle\u015fme yar\u0131klar\u0131 \u2022 Ses azalt\u0131lm\u203a\u015f \u2022 Termoplastik (maksimum: 30mm kesim y\u00fcksekli\u20aci) \u2022 Duroplastik (maksimum: 15mm kesim y\u00fcksekli\u20aci) \u2022 Panel kesim testereleri, g\u00f6nye kesme testereleri, yatar daire testereler i\u00e7in idealdir.<\/div>\n<table>\n<tr>\n<td>\u00c7ap<\/td>\n<td>300<\/td>\n<\/tr>\n<tr>\n<td>G\u00f6bek<\/td>\n<td>30<\/td>\n<\/tr>\n<tr>\n<td>Di\u015f<\/td>\n<td>72 di\u015f<\/td>\n<\/tr>\n<tr>\n<td>Kal\u0131nl\u0131k<\/td>\n<td>3,2<\/td>\n<\/tr>\n<\/table>\n","protected":false},"excerpt":{"rendered":"<div>\n\t\u2022 Superline \u2022 Pozitif di\u015f a\u00e7\u0131s\u0131 \u2022 Lazerli genle\u015fme yar\u0131klar\u0131 \u2022 Ses azalt\u0131lm\u203a\u015f \u2022 Termoplastik (maksimum: 30mm kesim y\u00fcksekli\u20aci) \u2022 Duroplastik (maksimum: 15mm kesim y\u00fcksekli\u20aci) \u2022 Panel kesim testereleri, g\u00f6nye kesme testereleri, yatar daire testereler i\u00e7in idealdir.<\/div>\n","protected":false},"featured_media":12904,"comment_status":"open","ping_status":"closed","template":"","meta":{"_acf_changed":false},"product_brand":[1542],"product_cat":[1050],"product_tag":[],"class_list":{"0":"post-12905","1":"product","2":"type-product","3":"status-publish","4":"has-post-thumbnail","6":"product_brand-edn","7":"product_cat-ahsap-daire-testereler","9":"first","10":"outofstock","11":"taxable","12":"shipping-taxable","13":"purchasable","14":"product-type-simple","15":"add-to-wishlist-after_add_to_cart"},"acf":[],"_links":{"self":[{"href":"https:\/\/www.makitamarket.com.tr\/site\/wp-json\/wp\/v2\/product\/12905","targetHints":{"allow":["GET"]}}],"collection":[{"href":"https:\/\/www.makitamarket.com.tr\/site\/wp-json\/wp\/v2\/product"}],"about":[{"href":"https:\/\/www.makitamarket.com.tr\/site\/wp-json\/wp\/v2\/types\/product"}],"replies":[{"embeddable":true,"href":"https:\/\/www.makitamarket.com.tr\/site\/wp-json\/wp\/v2\/comments?post=12905"}],"wp:featuredmedia":[{"embeddable":true,"href":"https:\/\/www.makitamarket.com.tr\/site\/wp-json\/wp\/v2\/media\/12904"}],"wp:attachment":[{"href":"https:\/\/www.makitamarket.com.tr\/site\/wp-json\/wp\/v2\/media?parent=12905"}],"wp:term":[{"taxonomy":"product_brand","embeddable":true,"href":"https:\/\/www.makitamarket.com.tr\/site\/wp-json\/wp\/v2\/product_brand?post=12905"},{"taxonomy":"product_cat","embeddable":true,"href":"https:\/\/www.makitamarket.com.tr\/site\/wp-json\/wp\/v2\/product_cat?post=12905"},{"taxonomy":"product_tag","embeddable":true,"href":"https:\/\/www.makitamarket.com.tr\/site\/wp-json\/wp\/v2\/product_tag?post=12905"}],"curies":[{"name":"wp","href":"https:\/\/api.w.org\/{rel}","templated":true}]}}