{"id":12929,"date":"2024-11-28T00:36:17","date_gmt":"2024-11-27T21:36:17","guid":{"rendered":"https:\/\/www.makitamarket.com.tr\/site\/urun\/uni-t-usb-baglantili-ortam-sicaklik-ve-nem-olcer\/"},"modified":"2026-04-06T14:16:53","modified_gmt":"2026-04-06T11:16:53","slug":"uni-t-usb-baglantili-ortam-sicaklik-ve-nem-olcer","status":"publish","type":"product","link":"https:\/\/www.makitamarket.com.tr\/site\/urun\/uni-t-usb-baglantili-ortam-sicaklik-ve-nem-olcer\/","title":{"rendered":"Uni-t UT331 USB BA\u011eLANTILI ORTAM SICAKLIK VE NEM \u00d6L\u00c7ER"},"content":{"rendered":"<table>\n<tr>\n<td>S\u0131cakl\u0131k (Hassasiyet)<\/td>\n<td>-20\u02daC~20\u02daC\/-4\u02daF~-158\u02daF (\u00b10.5\u02daC)<\/td>\n<\/tr>\n<tr>\n<td>S\u0131cakl\u0131k (\u00c7\u00f6z\u00fcn\u00fcrl\u00fc\u011f\u00fc)<\/td>\n<td>0.1\u02daC\/0.1\u02daF<\/td>\n<\/tr>\n<tr>\n<td>Nem (\u00c7\u00f6z\u00fcn\u00fcrl\u00fc\u011f\u00fc)<\/td>\n<td>0.1%RH<\/td>\n<\/tr>\n<tr>\n<td>A\u011f\u0131rl\u0131k<\/td>\n<td>130 g<\/td>\n<\/tr>\n<tr>\n<td>Boyutlar<\/td>\n<td>185mm x 54.8mm x 33.8mm<\/td>\n<\/tr>\n<tr>\n<td>Standart Aksesuarlar<\/td>\n<td>Bataryalar, USB ara y\u00fcz kablosu, PC yaz\u0131l\u0131m CD&#8217;si<\/td>\n<\/tr>\n<tr>\n<td>Nem<\/td>\n<td>0%~100%RH<\/td>\n<\/tr>\n<\/table>\n","protected":false},"excerpt":{"rendered":"<p>S\u0131cakl\u0131k (Hassasiyet) -20\u02daC~20\u02daC\/-4\u02daF~-158\u02daF (\u00b10.5\u02daC) S\u0131cakl\u0131k (\u00c7\u00f6z\u00fcn\u00fcrl\u00fc\u011f\u00fc) 0.1\u02daC\/0.1\u02daF Nem (\u00c7\u00f6z\u00fcn\u00fcrl\u00fc\u011f\u00fc) 0.1%RH A\u011f\u0131rl\u0131k 130 g Boyutlar 185mm x 54.8mm x 33.8mm Standart Aksesuarlar Bataryalar, USB ara y\u00fcz kablosu, PC yaz\u0131l\u0131m CD&#8217;si Nem<\/p>\n","protected":false},"featured_media":12928,"comment_status":"open","ping_status":"closed","template":"","meta":{"_acf_changed":false},"product_brand":[1531],"product_cat":[1226],"product_tag":[],"class_list":{"0":"post-12929","1":"product","2":"type-product","3":"status-publish","4":"has-post-thumbnail","6":"product_brand-uni-t","7":"product_cat-sicaklik-ve-nem-olcerler","9":"first","10":"instock","11":"taxable","12":"shipping-taxable","13":"purchasable","14":"product-type-simple","15":"add-to-wishlist-after_add_to_cart"},"acf":[],"_links":{"self":[{"href":"https:\/\/www.makitamarket.com.tr\/site\/wp-json\/wp\/v2\/product\/12929","targetHints":{"allow":["GET"]}}],"collection":[{"href":"https:\/\/www.makitamarket.com.tr\/site\/wp-json\/wp\/v2\/product"}],"about":[{"href":"https:\/\/www.makitamarket.com.tr\/site\/wp-json\/wp\/v2\/types\/product"}],"replies":[{"embeddable":true,"href":"https:\/\/www.makitamarket.com.tr\/site\/wp-json\/wp\/v2\/comments?post=12929"}],"wp:featuredmedia":[{"embeddable":true,"href":"https:\/\/www.makitamarket.com.tr\/site\/wp-json\/wp\/v2\/media\/12928"}],"wp:attachment":[{"href":"https:\/\/www.makitamarket.com.tr\/site\/wp-json\/wp\/v2\/media?parent=12929"}],"wp:term":[{"taxonomy":"product_brand","embeddable":true,"href":"https:\/\/www.makitamarket.com.tr\/site\/wp-json\/wp\/v2\/product_brand?post=12929"},{"taxonomy":"product_cat","embeddable":true,"href":"https:\/\/www.makitamarket.com.tr\/site\/wp-json\/wp\/v2\/product_cat?post=12929"},{"taxonomy":"product_tag","embeddable":true,"href":"https:\/\/www.makitamarket.com.tr\/site\/wp-json\/wp\/v2\/product_tag?post=12929"}],"curies":[{"name":"wp","href":"https:\/\/api.w.org\/{rel}","templated":true}]}}