{"id":12975,"date":"2024-11-28T00:37:23","date_gmt":"2024-11-27T21:37:23","guid":{"rendered":"https:\/\/www.makitamarket.com.tr\/site\/urun\/bea-bea-dc-2-1x50-bk-dc-tipi-basli-civi\/"},"modified":"2026-03-30T08:28:28","modified_gmt":"2026-03-30T05:28:28","slug":"bea-bea-dc-2-1x50-bk-dc-tipi-basli-civi","status":"publish","type":"product","link":"https:\/\/www.makitamarket.com.tr\/site\/urun\/bea-bea-dc-2-1x50-bk-dc-tipi-basli-civi\/","title":{"rendered":"Bea DC2.1X50BK BEA DC 2.1&#215;50 BK DC T\u0130P\u0130 BA\u015eLI \u00c7\u0130V\u0130"},"content":{"rendered":"<table>\n<tr>\n<td>Uzunluk<\/td>\n<td>50 mm<\/td>\n<\/tr>\n<tr>\n<td>Palet<\/td>\n<td>40 Koli<\/td>\n<\/tr>\n<tr>\n<td>Koli Adet<\/td>\n<td>10.500<\/td>\n<\/tr>\n<\/table>\n","protected":false},"excerpt":{"rendered":"<p>Uzunluk 50 mm Palet 40 Koli Koli Adet 10.500<\/p>\n","protected":false},"featured_media":12974,"comment_status":"open","ping_status":"closed","template":"","meta":{"_acf_changed":false},"product_brand":[1508],"product_cat":[1056],"product_tag":[],"class_list":{"0":"post-12975","1":"product","2":"type-product","3":"status-publish","4":"has-post-thumbnail","6":"product_brand-bea","7":"product_cat-civiler","9":"first","10":"instock","11":"taxable","12":"shipping-taxable","13":"purchasable","14":"product-type-simple","15":"add-to-wishlist-after_add_to_cart"},"acf":[],"_links":{"self":[{"href":"https:\/\/www.makitamarket.com.tr\/site\/wp-json\/wp\/v2\/product\/12975","targetHints":{"allow":["GET"]}}],"collection":[{"href":"https:\/\/www.makitamarket.com.tr\/site\/wp-json\/wp\/v2\/product"}],"about":[{"href":"https:\/\/www.makitamarket.com.tr\/site\/wp-json\/wp\/v2\/types\/product"}],"replies":[{"embeddable":true,"href":"https:\/\/www.makitamarket.com.tr\/site\/wp-json\/wp\/v2\/comments?post=12975"}],"wp:featuredmedia":[{"embeddable":true,"href":"https:\/\/www.makitamarket.com.tr\/site\/wp-json\/wp\/v2\/media\/12974"}],"wp:attachment":[{"href":"https:\/\/www.makitamarket.com.tr\/site\/wp-json\/wp\/v2\/media?parent=12975"}],"wp:term":[{"taxonomy":"product_brand","embeddable":true,"href":"https:\/\/www.makitamarket.com.tr\/site\/wp-json\/wp\/v2\/product_brand?post=12975"},{"taxonomy":"product_cat","embeddable":true,"href":"https:\/\/www.makitamarket.com.tr\/site\/wp-json\/wp\/v2\/product_cat?post=12975"},{"taxonomy":"product_tag","embeddable":true,"href":"https:\/\/www.makitamarket.com.tr\/site\/wp-json\/wp\/v2\/product_tag?post=12975"}],"curies":[{"name":"wp","href":"https:\/\/api.w.org\/{rel}","templated":true}]}}